{"id":4407,"date":"2025-10-08T03:22:18","date_gmt":"2025-10-08T03:22:18","guid":{"rendered":"https:\/\/www.eyas-flatware.com\/?post_type=product&#038;p=4407"},"modified":"2025-10-08T03:27:56","modified_gmt":"2025-10-08T03:27:56","slug":"obstschalmesser-kreativ-keramik-multifunktionshobel-haushalt-apfelschaler-kartoffelschaler-gemusekochwerkzeug-2","status":"publish","type":"product","link":"https:\/\/www.eyas-flatware.com\/de\/produkt\/obstschalmesser-kreativ-keramik-multifunktionshobel-haushalt-apfelschaler-kartoffelschaler-gemusekochwerkzeug-2\/","title":{"rendered":"Obstsch\u00e4lmesser Kreativer Keramik-Multifunktionshobel Haushalts-Apfelsch\u00e4ler Kartoffelsch\u00e4ler Gem\u00fcsekochwerkzeug"},"content":{"rendered":"<p><img fetchpriority=\"high\" decoding=\"async\" class=\"size-medium wp-image-4411\" src=\"https:\/\/www.eyas-flatware.com\/wp-content\/uploads\/2025\/10\/aaaaaa-300x300.jpg\" alt=\"Obstsch\u00e4lmesser kreativ Keramik Multifunktionshobel Haushalt Apfelsch\u00e4ler Kartoffelsch\u00e4ler Gem\u00fcsekochwerkzeug (\u590d\u5236)\" width=\"300\" height=\"300\" srcset=\"https:\/\/www.eyas-flatware.com\/wp-content\/uploads\/2025\/10\/aaaaaa-300x300.jpg 300w, https:\/\/www.eyas-flatware.com\/wp-content\/uploads\/2025\/10\/aaaaaa-150x150.jpg 150w, https:\/\/www.eyas-flatware.com\/wp-content\/uploads\/2025\/10\/aaaaaa-768x768.jpg 768w, https:\/\/www.eyas-flatware.com\/wp-content\/uploads\/2025\/10\/aaaaaa-12x12.jpg 12w, https:\/\/www.eyas-flatware.com\/wp-content\/uploads\/2025\/10\/aaaaaa-600x600.jpg 600w, https:\/\/www.eyas-flatware.com\/wp-content\/uploads\/2025\/10\/aaaaaa-100x100.jpg 100w, https:\/\/www.eyas-flatware.com\/wp-content\/uploads\/2025\/10\/aaaaaa.jpg 800w\" sizes=\"(max-width: 300px) 100vw, 300px\" \/><\/p>\n<p><img decoding=\"async\" class=\"size-medium wp-image-4410\" src=\"https:\/\/www.eyas-flatware.com\/wp-content\/uploads\/2025\/10\/aaaaa-300x300.jpg\" alt=\"Obstsch\u00e4lmesser kreativ Keramik Multifunktionshobel Haushalt Apfelsch\u00e4ler Kartoffelsch\u00e4ler Gem\u00fcsekochwerkzeug (\u590d\u5236)\" width=\"300\" height=\"300\" srcset=\"https:\/\/www.eyas-flatware.com\/wp-content\/uploads\/2025\/10\/aaaaa-300x300.jpg 300w, https:\/\/www.eyas-flatware.com\/wp-content\/uploads\/2025\/10\/aaaaa-150x150.jpg 150w, https:\/\/www.eyas-flatware.com\/wp-content\/uploads\/2025\/10\/aaaaa-768x768.jpg 768w, https:\/\/www.eyas-flatware.com\/wp-content\/uploads\/2025\/10\/aaaaa-12x12.jpg 12w, https:\/\/www.eyas-flatware.com\/wp-content\/uploads\/2025\/10\/aaaaa-600x600.jpg 600w, https:\/\/www.eyas-flatware.com\/wp-content\/uploads\/2025\/10\/aaaaa-100x100.jpg 100w, https:\/\/www.eyas-flatware.com\/wp-content\/uploads\/2025\/10\/aaaaa.jpg 800w\" sizes=\"(max-width: 300px) 100vw, 300px\" \/><\/p>\n<p><img decoding=\"async\" class=\"size-medium wp-image-4409\" src=\"https:\/\/www.eyas-flatware.com\/wp-content\/uploads\/2025\/10\/aaaa-300x300.jpg\" alt=\"Obstsch\u00e4lmesser kreativ Keramik Multifunktionshobel Haushalt Apfelsch\u00e4ler Kartoffelsch\u00e4ler Gem\u00fcsekochwerkzeug (\u590d\u5236)\" width=\"300\" height=\"300\" srcset=\"https:\/\/www.eyas-flatware.com\/wp-content\/uploads\/2025\/10\/aaaa-300x300.jpg 300w, https:\/\/www.eyas-flatware.com\/wp-content\/uploads\/2025\/10\/aaaa-150x150.jpg 150w, https:\/\/www.eyas-flatware.com\/wp-content\/uploads\/2025\/10\/aaaa-768x768.jpg 768w, https:\/\/www.eyas-flatware.com\/wp-content\/uploads\/2025\/10\/aaaa-12x12.jpg 12w, https:\/\/www.eyas-flatware.com\/wp-content\/uploads\/2025\/10\/aaaa-600x600.jpg 600w, https:\/\/www.eyas-flatware.com\/wp-content\/uploads\/2025\/10\/aaaa-100x100.jpg 100w, https:\/\/www.eyas-flatware.com\/wp-content\/uploads\/2025\/10\/aaaa.jpg 800w\" sizes=\"(max-width: 300px) 100vw, 300px\" \/><\/p>\n<p><img loading=\"lazy\" decoding=\"async\" class=\"size-medium wp-image-4408\" src=\"https:\/\/www.eyas-flatware.com\/wp-content\/uploads\/2025\/10\/aaa-1-300x300.jpg\" alt=\"Obstsch\u00e4lmesser kreativ Keramik Multifunktionshobel Haushalt Apfelsch\u00e4ler Kartoffelsch\u00e4ler Gem\u00fcsekochwerkzeug (\u590d\u5236)\" width=\"300\" height=\"300\" srcset=\"https:\/\/www.eyas-flatware.com\/wp-content\/uploads\/2025\/10\/aaa-1-300x300.jpg 300w, https:\/\/www.eyas-flatware.com\/wp-content\/uploads\/2025\/10\/aaa-1-150x150.jpg 150w, https:\/\/www.eyas-flatware.com\/wp-content\/uploads\/2025\/10\/aaa-1-768x768.jpg 768w, https:\/\/www.eyas-flatware.com\/wp-content\/uploads\/2025\/10\/aaa-1-12x12.jpg 12w, https:\/\/www.eyas-flatware.com\/wp-content\/uploads\/2025\/10\/aaa-1-600x600.jpg 600w, https:\/\/www.eyas-flatware.com\/wp-content\/uploads\/2025\/10\/aaa-1-100x100.jpg 100w, https:\/\/www.eyas-flatware.com\/wp-content\/uploads\/2025\/10\/aaa-1.jpg 800w\" sizes=\"(max-width: 300px) 100vw, 300px\" \/><\/p>\n<p>&nbsp;<\/p>\n<p>&nbsp;<\/p>\n<p>&nbsp;<\/p>\n<p>&nbsp;<\/p>\n<p>&nbsp;<\/p>\n<p>&nbsp;<\/p>\n<p>&nbsp;<\/p>\n<p>&nbsp;<\/p>\n<p>&nbsp;<\/p>\n<p>&nbsp;<\/p>\n<p>&nbsp;<\/p>\n<p>&nbsp;<\/p>\n<p>&nbsp;<\/p>\n<p>&nbsp;<\/p>\n<p>&nbsp;<\/p>\n<p>&nbsp;<\/p>\n<p>&nbsp;<\/p>\n<p>&nbsp;<\/p>\n<p>&nbsp;<\/p>\n<p>&nbsp;<\/p>\n<p>&nbsp;<\/p>\n<p>&nbsp;<\/p>\n<p>&nbsp;<\/p>\n<p>&nbsp;<\/p>\n<p>&nbsp;<\/p>\n<p>&nbsp;<\/p>\n<p>&nbsp;<\/p>\n<p>&nbsp;<\/p>\n<p>&nbsp;<\/p>\n<p>&nbsp;<\/p>\n<p>&nbsp;<\/p>\n<p>&nbsp;<\/p>\n<p>&nbsp;<\/p>\n<p>&nbsp;<\/p>\n<p>&nbsp;<\/p>\n<p>&nbsp;<\/p>\n<p>&nbsp;<\/p>\n<p>&nbsp;<\/p>\n<p>&nbsp;<\/p>\n<p>&nbsp;<\/p>\n<p>&nbsp;<\/p>\n<p>&nbsp;<\/p>\n<p>&nbsp;<\/p>\n<p>&nbsp;<\/p>\n<p>&nbsp;<\/p>\n<p>&nbsp;<\/p>\n<p>&nbsp;<\/p>\n<p>&nbsp;<\/p>\n<p>&nbsp;<\/p>\n<p>&nbsp;<\/p>\n<p>&nbsp;<\/p>\n<p>&nbsp;<\/p>\n<p>&nbsp;<\/p>\n<p>&nbsp;<\/p>\n<p>&nbsp;<\/p>\n<p>&nbsp;<\/p>\n<p>&nbsp;<\/p>\n<p>&nbsp;<\/p>\n<p>&nbsp;<\/p>\n<p>&nbsp;<\/p>\n<p>&nbsp;<\/p>\n<p>&nbsp;<\/p>\n<p>&nbsp;<\/p>\n<p>&nbsp;<\/p>\n<p>&nbsp;<\/p>\n<p>&nbsp;<\/p>\n<p>&nbsp;<\/p>\n<p>&nbsp;<\/p>\n<p>&nbsp;<\/p>\n<p>&nbsp;<\/p>\n<p>&nbsp;<\/p>\n<p>&nbsp;<\/p>\n<p>&nbsp;<\/p>\n<p>&nbsp;<\/p>\n<p>&nbsp;<\/p>\n<p>&nbsp;<\/p>\n<p>&nbsp;<\/p>\n<p>&nbsp;<\/p>\n<p>&nbsp;<\/p>\n<p>&nbsp;<\/p>\n<p>&nbsp;<\/p>\n<p>&nbsp;<\/p>\n<p>&nbsp;<\/p>\n<p>&nbsp;<\/p>\n<p>&nbsp;<\/p>\n<p>&nbsp;<\/p>\n<p>&nbsp;<\/p>\n<p>&nbsp;<\/p>\n<p>&nbsp;<\/p>\n<p>&nbsp;<\/p>\n<p>&nbsp;<\/p>\n<p>&nbsp;<\/p>\n<p>&nbsp;<\/p>\n<p>&nbsp;<\/p>\n<p>&nbsp;<\/p>\n<p>&nbsp;<\/p>\n<p>&nbsp;<\/p>\n<p>&nbsp;<\/p>\n<p>&nbsp;<\/p>\n<p>&nbsp;<\/p>\n<p>&nbsp;<\/p>\n<p>&nbsp;<\/p>\n<p>&nbsp;<\/p>\n<p>&nbsp;<\/p>\n<p>&nbsp;<\/p>\n<p>&nbsp;<\/p>\n<p>&nbsp;<\/p>\n<p>&nbsp;<\/p>\n<p>&nbsp;<\/p>\n<p>&nbsp;<\/p>\n<p>&nbsp;<\/p>\n<p>&nbsp;<\/p>\n<p>&nbsp;<\/p>\n<p>&nbsp;<\/p>\n<p>&nbsp;<\/p>\n<p>&nbsp;<\/p>\n<p>&nbsp;<\/p>\n<p>&nbsp;<\/p>\n<p>&nbsp;<\/p>\n<p>&nbsp;<\/p>\n<p>&nbsp;<\/p>\n<p>&nbsp;<\/p>\n<p>&nbsp;<\/p>\n<p>&nbsp;<\/p>\n<p>&nbsp;<\/p>\n<p>&nbsp;<\/p>\n<p>&nbsp;<\/p>\n<p>&nbsp;<\/p>\n<p>&nbsp;<\/p>\n<p>&nbsp;<\/p>\n<p>&nbsp;<\/p>\n<p>&nbsp;<\/p>\n<p>&nbsp;<\/p>\n<p>&nbsp;<\/p>\n<p>&nbsp;<\/p>\n<p>&nbsp;<\/p>\n<p>&nbsp;<\/p>\n<p>&nbsp;<\/p>\n<p>&nbsp;<\/p>\n<p>&nbsp;<\/p>\n<p>&nbsp;<\/p>\n<p>&nbsp;<\/p>\n<p>&nbsp;<\/p>\n<p>&nbsp;<\/p>\n<p>&nbsp;<\/p>\n<p>&nbsp;<\/p>\n<p>&nbsp;<\/p>\n<p>&nbsp;<\/p>\n<p>&nbsp;<\/p>\n<p>&nbsp;<\/p>\n<p>&nbsp;<\/p>\n<p>&nbsp;<\/p>\n<p>&nbsp;<\/p>\n<p>&nbsp;<\/p>\n<p>&nbsp;<\/p>\n<p>&nbsp;<\/p>\n<p>&nbsp;<\/p>\n<p>&nbsp;<\/p>\n<p>&nbsp;<\/p>\n<p>&nbsp;<\/p>\n<p>&nbsp;<\/p>\n<p>&nbsp;<\/p>\n<p>&nbsp;<\/p>\n<p>&nbsp;<\/p>\n<p>&nbsp;<\/p>\n<p>&nbsp;<\/p>\n<p>&nbsp;<\/p>\n<p>&nbsp;<\/p>\n<p>&nbsp;<\/p>\n<p>&nbsp;<\/p>\n<p>&nbsp;<\/p>\n<p>&nbsp;<\/p>\n<p>&nbsp;<\/p>\n<p>&nbsp;<\/p>\n<p>&nbsp;<\/p>\n<p>&nbsp;<\/p>\n<p>&nbsp;<\/p>\n<p>&nbsp;<\/p>\n<p>&nbsp;<\/p>\n<p>&nbsp;<\/p>\n<p>&nbsp;<\/p>\n<div class=\"mceTemp\"><\/div>\n<p>&nbsp;<\/p>\n<p>&nbsp;<\/p>\n<p>&nbsp;<\/p>\n<p>&nbsp;<\/p>\n<p>&nbsp;<\/p>\n<p>&nbsp;<\/p>\n<p>&nbsp;<\/p>\n<p>&nbsp;<\/p>\n<p>&nbsp;<\/p>\n<p>&nbsp;<\/p>\n<p>&nbsp;<\/p>\n<p>&nbsp;<\/p>\n<p>&nbsp;<\/p>\n<p>&nbsp;<\/p>\n<p>&nbsp;<\/p>\n<p>&nbsp;<\/p>\n<p>&nbsp;<\/p>\n<p>&nbsp;<\/p>\n<p>&nbsp;<\/p>\n<p>&nbsp;<\/p>\n<p>&nbsp;<\/p>\n<p>&nbsp;<\/p>\n<p>&nbsp;<\/p>\n<p>&nbsp;<\/p>\n<p>&nbsp;<\/p>\n<p>&nbsp;<\/p>\n<p>&nbsp;<\/p>\n<p>&nbsp;<\/p>\n<p>&nbsp;<\/p>\n<p>&nbsp;<\/p>\n<p>&nbsp;<\/p>\n<p>&nbsp;<\/p>\n<p>&nbsp;<\/p>\n<p>&nbsp;<\/p>\n<p>&nbsp;<\/p>\n<p>&nbsp;<\/p>\n<p>&nbsp;<\/p>\n<p>&nbsp;<\/p>\n<p>&nbsp;<\/p>\n<p>&nbsp;<\/p>\n<p>&nbsp;<\/p>\n<p>&nbsp;<\/p>\n<p>&nbsp;<\/p>\n<p>&nbsp;<\/p>\n<p>&nbsp;<\/p>\n<p>&nbsp;<\/p>\n<p>&nbsp;<\/p>\n<p>&nbsp;<\/p>\n<p>&nbsp;<\/p>\n<p>&nbsp;<\/p>\n<p>&nbsp;<\/p>\n<p>&nbsp;<\/p>\n<p>&nbsp;<\/p>\n<p>&nbsp;<\/p>","protected":false},"excerpt":{"rendered":"<p>&nbsp; &nbsp; &nbsp; &nbsp; &nbsp; &nbsp; &nbsp; &nbsp; &nbsp; &nbsp; &nbsp; &nbsp; &nbsp; &nbsp; &nbsp; &nbsp; &nbsp; &nbsp; &nbsp; &nbsp; &nbsp; &nbsp; &nbsp; &nbsp; &nbsp; &nbsp; &nbsp; &nbsp; &nbsp; &nbsp; &nbsp; &nbsp; &nbsp; &nbsp; &nbsp; &nbsp; &nbsp; &nbsp; &nbsp; &nbsp; &nbsp; &nbsp; &nbsp; &nbsp; &nbsp; &nbsp; &nbsp; &nbsp; &nbsp; &nbsp; &nbsp; &nbsp; &nbsp; &nbsp; &nbsp; [&hellip;]<\/p>","protected":false},"featured_media":4411,"comment_status":"open","ping_status":"closed","template":"","meta":{"_seopress_robots_primary_cat":"none","_seopress_titles_title":"","_seopress_titles_desc":"","_seopress_robots_index":""},"product_brand":[],"product_cat":[50],"product_tag":[],"class_list":{"0":"post-4407","1":"product","2":"type-product","3":"status-publish","4":"has-post-thumbnail","6":"product_cat-kitchen-tools","8":"first","9":"instock","10":"shipping-taxable","11":"product-type-simple"},"_links":{"self":[{"href":"https:\/\/www.eyas-flatware.com\/de\/wp-json\/wp\/v2\/product\/4407","targetHints":{"allow":["GET"]}}],"collection":[{"href":"https:\/\/www.eyas-flatware.com\/de\/wp-json\/wp\/v2\/product"}],"about":[{"href":"https:\/\/www.eyas-flatware.com\/de\/wp-json\/wp\/v2\/types\/product"}],"replies":[{"embeddable":true,"href":"https:\/\/www.eyas-flatware.com\/de\/wp-json\/wp\/v2\/comments?post=4407"}],"wp:featuredmedia":[{"embeddable":true,"href":"https:\/\/www.eyas-flatware.com\/de\/wp-json\/wp\/v2\/media\/4411"}],"wp:attachment":[{"href":"https:\/\/www.eyas-flatware.com\/de\/wp-json\/wp\/v2\/media?parent=4407"}],"wp:term":[{"taxonomy":"product_brand","embeddable":true,"href":"https:\/\/www.eyas-flatware.com\/de\/wp-json\/wp\/v2\/product_brand?post=4407"},{"taxonomy":"product_cat","embeddable":true,"href":"https:\/\/www.eyas-flatware.com\/de\/wp-json\/wp\/v2\/product_cat?post=4407"},{"taxonomy":"product_tag","embeddable":true,"href":"https:\/\/www.eyas-flatware.com\/de\/wp-json\/wp\/v2\/product_tag?post=4407"}],"curies":[{"name":"wp","href":"https:\/\/api.w.org\/{rel}","templated":true}]}}