{"id":4348,"date":"2025-10-05T07:47:45","date_gmt":"2025-10-05T07:47:45","guid":{"rendered":"https:\/\/www.eyas-flatware.com\/?post_type=product&#038;p=4348"},"modified":"2025-10-05T07:53:35","modified_gmt":"2025-10-05T07:53:35","slug":"mehrfarbiges-messer-4teilig-6teilig-12teilig-edelstahl-pp-griff-kuchenmesser-set-obst-schalmesser","status":"publish","type":"product","link":"https:\/\/www.eyas-flatware.com\/de\/produkt\/mehrfarbiges-messer-4teilig-6teilig-12teilig-edelstahl-pp-griff-kuchenmesser-set-obst-schalmesser\/","title":{"rendered":"Mehrere Farbe Messer 4pcs 6pcs 12pcs Edelstahl PP Griff K\u00fcche Messerset Obst Sch\u00e4lmesser"},"content":{"rendered":"<p><img fetchpriority=\"high\" decoding=\"async\" class=\"size-medium wp-image-4349\" src=\"https:\/\/www.eyas-flatware.com\/wp-content\/uploads\/2025\/10\/a-2-300x300.jpg\" alt=\"Multifunktionales Edelstahl-Geschirr-Set mit quadratischem Griff und Aufh\u00e4nger Hei\u00dfer Verkauf in S\u00fcdamerika und Afrika (\u590d\u5236)\" width=\"300\" height=\"300\" srcset=\"https:\/\/www.eyas-flatware.com\/wp-content\/uploads\/2025\/10\/a-2-300x300.jpg 300w, https:\/\/www.eyas-flatware.com\/wp-content\/uploads\/2025\/10\/a-2-150x150.jpg 150w, https:\/\/www.eyas-flatware.com\/wp-content\/uploads\/2025\/10\/a-2-768x768.jpg 768w, https:\/\/www.eyas-flatware.com\/wp-content\/uploads\/2025\/10\/a-2-12x12.jpg 12w, https:\/\/www.eyas-flatware.com\/wp-content\/uploads\/2025\/10\/a-2-600x600.jpg 600w, https:\/\/www.eyas-flatware.com\/wp-content\/uploads\/2025\/10\/a-2-100x100.jpg 100w, https:\/\/www.eyas-flatware.com\/wp-content\/uploads\/2025\/10\/a-2.jpg 800w\" sizes=\"(max-width: 300px) 100vw, 300px\" \/><\/p>\n<p><img decoding=\"async\" class=\"size-medium wp-image-4351\" src=\"https:\/\/www.eyas-flatware.com\/wp-content\/uploads\/2025\/10\/c-1-300x300.jpg\" alt=\"Multifunktionales Edelstahl-Geschirr-Set mit quadratischem Griff und Aufh\u00e4nger Hei\u00dfer Verkauf in S\u00fcdamerika und Afrika (\u590d\u5236)\" width=\"300\" height=\"300\" srcset=\"https:\/\/www.eyas-flatware.com\/wp-content\/uploads\/2025\/10\/c-1-300x300.jpg 300w, https:\/\/www.eyas-flatware.com\/wp-content\/uploads\/2025\/10\/c-1-150x150.jpg 150w, https:\/\/www.eyas-flatware.com\/wp-content\/uploads\/2025\/10\/c-1-768x768.jpg 768w, https:\/\/www.eyas-flatware.com\/wp-content\/uploads\/2025\/10\/c-1-12x12.jpg 12w, https:\/\/www.eyas-flatware.com\/wp-content\/uploads\/2025\/10\/c-1-600x600.jpg 600w, https:\/\/www.eyas-flatware.com\/wp-content\/uploads\/2025\/10\/c-1-100x100.jpg 100w, https:\/\/www.eyas-flatware.com\/wp-content\/uploads\/2025\/10\/c-1.jpg 800w\" sizes=\"(max-width: 300px) 100vw, 300px\" \/><\/p>\n<p><img decoding=\"async\" class=\"size-medium wp-image-4350\" src=\"https:\/\/www.eyas-flatware.com\/wp-content\/uploads\/2025\/10\/b-1-300x300.jpg\" alt=\"Multifunktionales Edelstahl-Geschirr-Set mit quadratischem Griff und Aufh\u00e4nger Hei\u00dfer Verkauf in S\u00fcdamerika und Afrika (\u590d\u5236)\" width=\"300\" height=\"300\" srcset=\"https:\/\/www.eyas-flatware.com\/wp-content\/uploads\/2025\/10\/b-1-300x300.jpg 300w, https:\/\/www.eyas-flatware.com\/wp-content\/uploads\/2025\/10\/b-1-150x150.jpg 150w, https:\/\/www.eyas-flatware.com\/wp-content\/uploads\/2025\/10\/b-1-768x768.jpg 768w, https:\/\/www.eyas-flatware.com\/wp-content\/uploads\/2025\/10\/b-1-12x12.jpg 12w, https:\/\/www.eyas-flatware.com\/wp-content\/uploads\/2025\/10\/b-1-600x600.jpg 600w, https:\/\/www.eyas-flatware.com\/wp-content\/uploads\/2025\/10\/b-1-100x100.jpg 100w, https:\/\/www.eyas-flatware.com\/wp-content\/uploads\/2025\/10\/b-1.jpg 800w\" sizes=\"(max-width: 300px) 100vw, 300px\" \/><\/p>\n<p>&nbsp;<\/p>\n<p>&nbsp;<\/p>\n<p>&nbsp;<\/p>\n<p>&nbsp;<\/p>\n<p>&nbsp;<\/p>\n<p>&nbsp;<\/p>\n<p>&nbsp;<\/p>\n<p>&nbsp;<\/p>\n<p>&nbsp;<\/p>\n<p>&nbsp;<\/p>\n<p>&nbsp;<\/p>\n<p>&nbsp;<\/p>\n<p>&nbsp;<\/p>\n<p>&nbsp;<\/p>\n<p>&nbsp;<\/p>\n<p>&nbsp;<\/p>\n<p>&nbsp;<\/p>\n<p>&nbsp;<\/p>\n<p>&nbsp;<\/p>\n<p>&nbsp;<\/p>\n<p>&nbsp;<\/p>\n<p>&nbsp;<\/p>\n<p>&nbsp;<\/p>\n<p>&nbsp;<\/p>\n<p>&nbsp;<\/p>\n<p>&nbsp;<\/p>\n<p>&nbsp;<\/p>\n<p>&nbsp;<\/p>\n<p>&nbsp;<\/p>\n<p>&nbsp;<\/p>\n<p>&nbsp;<\/p>\n<p>&nbsp;<\/p>\n<p>&nbsp;<\/p>\n<p>&nbsp;<\/p>\n<p>&nbsp;<\/p>\n<p>&nbsp;<\/p>\n<p>&nbsp;<\/p>\n<p>&nbsp;<\/p>\n<p>&nbsp;<\/p>\n<p>&nbsp;<\/p>\n<p>&nbsp;<\/p>\n<p>&nbsp;<\/p>\n<p>&nbsp;<\/p>\n<p>&nbsp;<\/p>\n<p>&nbsp;<\/p>\n<p>&nbsp;<\/p>\n<p>&nbsp;<\/p>\n<p>&nbsp;<\/p>\n<p>&nbsp;<\/p>\n<p>&nbsp;<\/p>\n<p>&nbsp;<\/p>\n<p>&nbsp;<\/p>\n<p>&nbsp;<\/p>\n<p>&nbsp;<\/p>\n<p>&nbsp;<\/p>\n<p>&nbsp;<\/p>\n<p>&nbsp;<\/p>\n<p>&nbsp;<\/p>\n<p>&nbsp;<\/p>\n<p>&nbsp;<\/p>\n<p>&nbsp;<\/p>\n<p>&nbsp;<\/p>\n<p>&nbsp;<\/p>\n<p>&nbsp;<\/p>\n<p>&nbsp;<\/p>\n<p>&nbsp;<\/p>\n<p>&nbsp;<\/p>\n<p>&nbsp;<\/p>\n<p>&nbsp;<\/p>\n<p>&nbsp;<\/p>\n<p>&nbsp;<\/p>\n<p>&nbsp;<\/p>\n<p>&nbsp;<\/p>\n<p>&nbsp;<\/p>\n<p>&nbsp;<\/p>\n<p>&nbsp;<\/p>\n<p>&nbsp;<\/p>\n<p>&nbsp;<\/p>\n<p>&nbsp;<\/p>\n<p>&nbsp;<\/p>\n<p>&nbsp;<\/p>\n<p>&nbsp;<\/p>\n<p>&nbsp;<\/p>\n<p>&nbsp;<\/p>\n<p>&nbsp;<\/p>\n<p>&nbsp;<\/p>\n<p>&nbsp;<\/p>\n<p>&nbsp;<\/p>\n<p>&nbsp;<\/p>\n<p>&nbsp;<\/p>\n<p>&nbsp;<\/p>\n<p>&nbsp;<\/p>\n<p>&nbsp;<\/p>\n<p>&nbsp;<\/p>\n<p>&nbsp;<\/p>\n<p>&nbsp;<\/p>\n<p>&nbsp;<\/p>\n<p>&nbsp;<\/p>\n<p>&nbsp;<\/p>\n<p>&nbsp;<\/p>\n<p>&nbsp;<\/p>\n<p>&nbsp;<\/p>\n<p>&nbsp;<\/p>\n<p>&nbsp;<\/p>\n<p>&nbsp;<\/p>\n<p>&nbsp;<\/p>\n<p>&nbsp;<\/p>\n<p>&nbsp;<\/p>\n<p>&nbsp;<\/p>\n<p>&nbsp;<\/p>\n<p>&nbsp;<\/p>\n<p>&nbsp;<\/p>\n<p>&nbsp;<\/p>\n<p>&nbsp;<\/p>\n<p>&nbsp;<\/p>\n<p>&nbsp;<\/p>\n<p>&nbsp;<\/p>\n<p>&nbsp;<\/p>\n<p>&nbsp;<\/p>\n<p>&nbsp;<\/p>\n<p>&nbsp;<\/p>\n<p>&nbsp;<\/p>\n<p>&nbsp;<\/p>\n<p>&nbsp;<\/p>\n<p>&nbsp;<\/p>\n<p>&nbsp;<\/p>\n<p>&nbsp;<\/p>\n<p>&nbsp;<\/p>\n<p>&nbsp;<\/p>\n<p>&nbsp;<\/p>\n<p>&nbsp;<\/p>\n<p>&nbsp;<\/p>\n<p>&nbsp;<\/p>\n<p>&nbsp;<\/p>\n<p>&nbsp;<\/p>\n<p>&nbsp;<\/p>\n<p>&nbsp;<\/p>\n<p>&nbsp;<\/p>\n<p>&nbsp;<\/p>\n<p>&nbsp;<\/p>\n<p>&nbsp;<\/p>\n<p>&nbsp;<\/p>\n<p>&nbsp;<\/p>\n<p>&nbsp;<\/p>\n<p>&nbsp;<\/p>\n<p>&nbsp;<\/p>\n<p>&nbsp;<\/p>\n<p>&nbsp;<\/p>\n<p>&nbsp;<\/p>\n<p>&nbsp;<\/p>\n<p>&nbsp;<\/p>\n<p>&nbsp;<\/p>\n<p>&nbsp;<\/p>\n<p>&nbsp;<\/p>\n<div class=\"mceTemp\"><\/div>\n<p>&nbsp;<\/p>\n<p>&nbsp;<\/p>\n<p>&nbsp;<\/p>\n<p>&nbsp;<\/p>\n<p>&nbsp;<\/p>\n<p>&nbsp;<\/p>\n<p>&nbsp;<\/p>\n<p>&nbsp;<\/p>\n<p>&nbsp;<\/p>\n<p>&nbsp;<\/p>\n<p>&nbsp;<\/p>\n<p>&nbsp;<\/p>\n<p>&nbsp;<\/p>\n<p>&nbsp;<\/p>\n<p>&nbsp;<\/p>\n<p>&nbsp;<\/p>\n<p>&nbsp;<\/p>\n<p>&nbsp;<\/p>\n<p>&nbsp;<\/p>\n<p>&nbsp;<\/p>\n<p>&nbsp;<\/p>\n<p>&nbsp;<\/p>\n<p>&nbsp;<\/p>\n<p>&nbsp;<\/p>\n<p>&nbsp;<\/p>\n<p>&nbsp;<\/p>\n<p>&nbsp;<\/p>\n<p>&nbsp;<\/p>\n<p>&nbsp;<\/p>\n<p>&nbsp;<\/p>\n<p>&nbsp;<\/p>\n<p>&nbsp;<\/p>\n<p>&nbsp;<\/p>\n<p>&nbsp;<\/p>\n<p>&nbsp;<\/p>\n<p>&nbsp;<\/p>\n<p>&nbsp;<\/p>\n<p>&nbsp;<\/p>\n<p>&nbsp;<\/p>\n<p>&nbsp;<\/p>\n<p>&nbsp;<\/p>\n<p>&nbsp;<\/p>\n<p>&nbsp;<\/p>\n<p>&nbsp;<\/p>\n<p>&nbsp;<\/p>\n<p>&nbsp;<\/p>\n<p>&nbsp;<\/p>\n<p>&nbsp;<\/p>\n<p>&nbsp;<\/p>\n<p>&nbsp;<\/p>\n<p>&nbsp;<\/p>\n<p>&nbsp;<\/p>\n<p>&nbsp;<\/p>\n<p>&nbsp;<\/p>","protected":false},"excerpt":{"rendered":"<p>&nbsp; &nbsp; &nbsp; &nbsp; &nbsp; &nbsp; &nbsp; &nbsp; &nbsp; &nbsp; &nbsp; &nbsp; &nbsp; &nbsp; &nbsp; &nbsp; &nbsp; &nbsp; &nbsp; &nbsp; &nbsp; &nbsp; &nbsp; &nbsp; &nbsp; &nbsp; &nbsp; &nbsp; &nbsp; &nbsp; &nbsp; &nbsp; &nbsp; &nbsp; &nbsp; &nbsp; &nbsp; &nbsp; &nbsp; &nbsp; &nbsp; &nbsp; &nbsp; &nbsp; &nbsp; &nbsp; &nbsp; &nbsp; &nbsp; &nbsp; &nbsp; &nbsp; &nbsp; &nbsp; &nbsp; [&hellip;]<\/p>","protected":false},"featured_media":4351,"comment_status":"open","ping_status":"closed","template":"","meta":{"_seopress_robots_primary_cat":"none","_seopress_titles_title":"","_seopress_titles_desc":"","_seopress_robots_index":""},"product_brand":[],"product_cat":[50],"product_tag":[],"class_list":{"0":"post-4348","1":"product","2":"type-product","3":"status-publish","4":"has-post-thumbnail","6":"product_cat-kitchen-tools","8":"first","9":"instock","10":"shipping-taxable","11":"product-type-simple"},"_links":{"self":[{"href":"https:\/\/www.eyas-flatware.com\/de\/wp-json\/wp\/v2\/product\/4348","targetHints":{"allow":["GET"]}}],"collection":[{"href":"https:\/\/www.eyas-flatware.com\/de\/wp-json\/wp\/v2\/product"}],"about":[{"href":"https:\/\/www.eyas-flatware.com\/de\/wp-json\/wp\/v2\/types\/product"}],"replies":[{"embeddable":true,"href":"https:\/\/www.eyas-flatware.com\/de\/wp-json\/wp\/v2\/comments?post=4348"}],"wp:featuredmedia":[{"embeddable":true,"href":"https:\/\/www.eyas-flatware.com\/de\/wp-json\/wp\/v2\/media\/4351"}],"wp:attachment":[{"href":"https:\/\/www.eyas-flatware.com\/de\/wp-json\/wp\/v2\/media?parent=4348"}],"wp:term":[{"taxonomy":"product_brand","embeddable":true,"href":"https:\/\/www.eyas-flatware.com\/de\/wp-json\/wp\/v2\/product_brand?post=4348"},{"taxonomy":"product_cat","embeddable":true,"href":"https:\/\/www.eyas-flatware.com\/de\/wp-json\/wp\/v2\/product_cat?post=4348"},{"taxonomy":"product_tag","embeddable":true,"href":"https:\/\/www.eyas-flatware.com\/de\/wp-json\/wp\/v2\/product_tag?post=4348"}],"curies":[{"name":"wp","href":"https:\/\/api.w.org\/{rel}","templated":true}]}}