{"id":4225,"date":"2025-10-02T06:02:52","date_gmt":"2025-10-02T06:02:52","guid":{"rendered":"https:\/\/www.eyas-flatware.com\/?post_type=product&#038;p=4225"},"modified":"2025-10-02T06:09:48","modified_gmt":"2025-10-02T06:09:48","slug":"multifunktionales-kuchengeschirr-aus-edelstahl-mit-quadratischem-griff-und-aufhanger-heiser-verkauf-in-sudamerika-und-afrika-6","status":"publish","type":"product","link":"https:\/\/www.eyas-flatware.com\/de\/produkt\/multifunktionales-kuchengeschirr-aus-edelstahl-mit-quadratischem-griff-und-aufhanger-heiser-verkauf-in-sudamerika-und-afrika-6\/","title":{"rendered":"Multifunktionales Edelstahlgeschirrset mit quadratischem Griff und Aufh\u00e4nger Hei\u00dfer Verkauf in S\u00fcdamerika und Afrika"},"content":{"rendered":"<p><img fetchpriority=\"high\" decoding=\"async\" class=\"size-medium wp-image-4227\" src=\"https:\/\/www.eyas-flatware.com\/wp-content\/uploads\/2025\/10\/456-300x300.jpg\" alt=\"multifunktionales k\u00fcchengeschirr aus edelstahl mit quadratischem griff und aufh\u00e4nger hei\u00dfer verkauf in s\u00fcdamerika und afrika\" width=\"300\" height=\"300\" srcset=\"https:\/\/www.eyas-flatware.com\/wp-content\/uploads\/2025\/10\/456-300x300.jpg 300w, https:\/\/www.eyas-flatware.com\/wp-content\/uploads\/2025\/10\/456-150x150.jpg 150w, https:\/\/www.eyas-flatware.com\/wp-content\/uploads\/2025\/10\/456-768x768.jpg 768w, https:\/\/www.eyas-flatware.com\/wp-content\/uploads\/2025\/10\/456-12x12.jpg 12w, https:\/\/www.eyas-flatware.com\/wp-content\/uploads\/2025\/10\/456-600x600.jpg 600w, https:\/\/www.eyas-flatware.com\/wp-content\/uploads\/2025\/10\/456-100x100.jpg 100w, https:\/\/www.eyas-flatware.com\/wp-content\/uploads\/2025\/10\/456.jpg 800w\" sizes=\"(max-width: 300px) 100vw, 300px\" \/><\/p>\n<p><img decoding=\"async\" class=\"size-medium wp-image-4226\" src=\"https:\/\/www.eyas-flatware.com\/wp-content\/uploads\/2025\/10\/123-1-300x300.jpg\" alt=\"multifunktionales k\u00fcchengeschirr aus edelstahl mit quadratischem griff und aufh\u00e4nger hei\u00dfer verkauf in s\u00fcdamerika und afrika\" width=\"300\" height=\"300\" srcset=\"https:\/\/www.eyas-flatware.com\/wp-content\/uploads\/2025\/10\/123-1-300x300.jpg 300w, https:\/\/www.eyas-flatware.com\/wp-content\/uploads\/2025\/10\/123-1-150x150.jpg 150w, https:\/\/www.eyas-flatware.com\/wp-content\/uploads\/2025\/10\/123-1-768x768.jpg 768w, https:\/\/www.eyas-flatware.com\/wp-content\/uploads\/2025\/10\/123-1-12x12.jpg 12w, https:\/\/www.eyas-flatware.com\/wp-content\/uploads\/2025\/10\/123-1-600x600.jpg 600w, https:\/\/www.eyas-flatware.com\/wp-content\/uploads\/2025\/10\/123-1-100x100.jpg 100w, https:\/\/www.eyas-flatware.com\/wp-content\/uploads\/2025\/10\/123-1.jpg 800w\" sizes=\"(max-width: 300px) 100vw, 300px\" \/><\/p>\n<p><img decoding=\"async\" class=\"size-medium wp-image-4228\" src=\"https:\/\/www.eyas-flatware.com\/wp-content\/uploads\/2025\/10\/1234-1-300x300.jpg\" alt=\"multifunktionales k\u00fcchengeschirr aus edelstahl mit quadratischem griff und aufh\u00e4nger hei\u00dfer verkauf in s\u00fcdamerika und afrika\" width=\"300\" height=\"300\" srcset=\"https:\/\/www.eyas-flatware.com\/wp-content\/uploads\/2025\/10\/1234-1-300x300.jpg 300w, https:\/\/www.eyas-flatware.com\/wp-content\/uploads\/2025\/10\/1234-1-150x150.jpg 150w, https:\/\/www.eyas-flatware.com\/wp-content\/uploads\/2025\/10\/1234-1-768x768.jpg 768w, https:\/\/www.eyas-flatware.com\/wp-content\/uploads\/2025\/10\/1234-1-12x12.jpg 12w, https:\/\/www.eyas-flatware.com\/wp-content\/uploads\/2025\/10\/1234-1-600x600.jpg 600w, https:\/\/www.eyas-flatware.com\/wp-content\/uploads\/2025\/10\/1234-1-100x100.jpg 100w, https:\/\/www.eyas-flatware.com\/wp-content\/uploads\/2025\/10\/1234-1.jpg 800w\" sizes=\"(max-width: 300px) 100vw, 300px\" \/><\/p>\n<p>&nbsp;<\/p>\n<p>&nbsp;<\/p>\n<p>&nbsp;<\/p>\n<p>&nbsp;<\/p>\n<p>&nbsp;<\/p>\n<p>&nbsp;<\/p>\n<p>&nbsp;<\/p>\n<p>&nbsp;<\/p>\n<p>&nbsp;<\/p>\n<p>&nbsp;<\/p>\n<p>&nbsp;<\/p>\n<p>&nbsp;<\/p>\n<p>&nbsp;<\/p>\n<p>&nbsp;<\/p>\n<p>&nbsp;<\/p>\n<p>&nbsp;<\/p>\n<p>&nbsp;<\/p>\n<p>&nbsp;<\/p>\n<p>&nbsp;<\/p>\n<p>&nbsp;<\/p>\n<p>&nbsp;<\/p>\n<p>&nbsp;<\/p>\n<p>&nbsp;<\/p>\n<p>&nbsp;<\/p>\n<p>&nbsp;<\/p>\n<p>&nbsp;<\/p>\n<p>&nbsp;<\/p>\n<p>&nbsp;<\/p>\n<p>&nbsp;<\/p>\n<p>&nbsp;<\/p>\n<p>&nbsp;<\/p>\n<p>&nbsp;<\/p>\n<p>&nbsp;<\/p>\n<p>&nbsp;<\/p>\n<p>&nbsp;<\/p>\n<p>&nbsp;<\/p>\n<p>&nbsp;<\/p>\n<p>&nbsp;<\/p>\n<p>&nbsp;<\/p>\n<p>&nbsp;<\/p>\n<p>&nbsp;<\/p>\n<p>&nbsp;<\/p>\n<p>&nbsp;<\/p>\n<p>&nbsp;<\/p>\n<p>&nbsp;<\/p>\n<p>&nbsp;<\/p>\n<p>&nbsp;<\/p>\n<p>&nbsp;<\/p>\n<p>&nbsp;<\/p>\n<p>&nbsp;<\/p>\n<p>&nbsp;<\/p>\n<p>&nbsp;<\/p>\n<p>&nbsp;<\/p>\n<p>&nbsp;<\/p>\n<p>&nbsp;<\/p>\n<p>&nbsp;<\/p>\n<p>&nbsp;<\/p>\n<p>&nbsp;<\/p>\n<p>&nbsp;<\/p>\n<p>&nbsp;<\/p>\n<p>&nbsp;<\/p>\n<p>&nbsp;<\/p>\n<p>&nbsp;<\/p>\n<p>&nbsp;<\/p>\n<p>&nbsp;<\/p>\n<p>&nbsp;<\/p>\n<p>&nbsp;<\/p>\n<p>&nbsp;<\/p>\n<p>&nbsp;<\/p>\n<p>&nbsp;<\/p>\n<p>&nbsp;<\/p>\n<p>&nbsp;<\/p>\n<p>&nbsp;<\/p>\n<p>&nbsp;<\/p>\n<p>&nbsp;<\/p>\n<p>&nbsp;<\/p>\n<p>&nbsp;<\/p>\n<p>&nbsp;<\/p>\n<p>&nbsp;<\/p>\n<p>&nbsp;<\/p>\n<p>&nbsp;<\/p>\n<p>&nbsp;<\/p>\n<p>&nbsp;<\/p>\n<p>&nbsp;<\/p>\n<p>&nbsp;<\/p>\n<p>&nbsp;<\/p>\n<p>&nbsp;<\/p>\n<p>&nbsp;<\/p>\n<p>&nbsp;<\/p>\n<p>&nbsp;<\/p>\n<p>&nbsp;<\/p>\n<p>&nbsp;<\/p>\n<p>&nbsp;<\/p>\n<p>&nbsp;<\/p>\n<p>&nbsp;<\/p>\n<p>&nbsp;<\/p>\n<p>&nbsp;<\/p>\n<p>&nbsp;<\/p>\n<p>&nbsp;<\/p>\n<p>&nbsp;<\/p>\n<p>&nbsp;<\/p>\n<p>&nbsp;<\/p>\n<p>&nbsp;<\/p>\n<p>&nbsp;<\/p>\n<p>&nbsp;<\/p>\n<p>&nbsp;<\/p>\n<p>&nbsp;<\/p>\n<p>&nbsp;<\/p>\n<p>&nbsp;<\/p>\n<div class=\"mceTemp\"><\/div>\n<p>&nbsp;<\/p>\n<p>&nbsp;<\/p>\n<p>&nbsp;<\/p>\n<p>&nbsp;<\/p>\n<p>&nbsp;<\/p>\n<p>&nbsp;<\/p>\n<p>&nbsp;<\/p>\n<p>&nbsp;<\/p>\n<p>&nbsp;<\/p>\n<p>&nbsp;<\/p>\n<p>&nbsp;<\/p>\n<p>&nbsp;<\/p>\n<p>&nbsp;<\/p>\n<p>&nbsp;<\/p>\n<p>&nbsp;<\/p>\n<p>&nbsp;<\/p>\n<p>&nbsp;<\/p>\n<p>&nbsp;<\/p>\n<p>&nbsp;<\/p>\n<p>&nbsp;<\/p>\n<p>&nbsp;<\/p>\n<p>&nbsp;<\/p>\n<p>&nbsp;<\/p>\n<p>&nbsp;<\/p>\n<p>&nbsp;<\/p>\n<p>&nbsp;<\/p>\n<p>&nbsp;<\/p>\n<p>&nbsp;<\/p>\n<p>&nbsp;<\/p>\n<p>&nbsp;<\/p>\n<p>&nbsp;<\/p>\n<p>&nbsp;<\/p>\n<p>&nbsp;<\/p>\n<p>&nbsp;<\/p>\n<p>&nbsp;<\/p>\n<p>&nbsp;<\/p>\n<p>&nbsp;<\/p>\n<p>&nbsp;<\/p>\n<p>&nbsp;<\/p>\n<p>&nbsp;<\/p>\n<p>&nbsp;<\/p>\n<p>&nbsp;<\/p>\n<p>&nbsp;<\/p>\n<p>&nbsp;<\/p>\n<p>&nbsp;<\/p>\n<p>&nbsp;<\/p>\n<p>&nbsp;<\/p>\n<p>&nbsp;<\/p>\n<p>&nbsp;<\/p>\n<p>&nbsp;<\/p>\n<p>&nbsp;<\/p>\n<p>&nbsp;<\/p>\n<p>&nbsp;<\/p>\n<p>&nbsp;<\/p>","protected":false},"excerpt":{"rendered":"<p>&nbsp; &nbsp; &nbsp; &nbsp; &nbsp; &nbsp; &nbsp; &nbsp; &nbsp; &nbsp; &nbsp; &nbsp; &nbsp; &nbsp; &nbsp; &nbsp; &nbsp; &nbsp; &nbsp; &nbsp; &nbsp; &nbsp; &nbsp; &nbsp; &nbsp; &nbsp; &nbsp; &nbsp; &nbsp; &nbsp; &nbsp; &nbsp; &nbsp; &nbsp; &nbsp; &nbsp; &nbsp; &nbsp; &nbsp; &nbsp; &nbsp; &nbsp; &nbsp; &nbsp; &nbsp; &nbsp; &nbsp; &nbsp; &nbsp; &nbsp; &nbsp; &nbsp; &nbsp; &nbsp; &nbsp; [&hellip;]<\/p>","protected":false},"featured_media":4227,"comment_status":"open","ping_status":"closed","template":"","meta":{"_seopress_robots_primary_cat":"none","_seopress_titles_title":"","_seopress_titles_desc":"","_seopress_robots_index":""},"product_brand":[],"product_cat":[50],"product_tag":[],"class_list":{"0":"post-4225","1":"product","2":"type-product","3":"status-publish","4":"has-post-thumbnail","6":"product_cat-kitchen-tools","8":"first","9":"instock","10":"shipping-taxable","11":"product-type-simple"},"_links":{"self":[{"href":"https:\/\/www.eyas-flatware.com\/de\/wp-json\/wp\/v2\/product\/4225","targetHints":{"allow":["GET"]}}],"collection":[{"href":"https:\/\/www.eyas-flatware.com\/de\/wp-json\/wp\/v2\/product"}],"about":[{"href":"https:\/\/www.eyas-flatware.com\/de\/wp-json\/wp\/v2\/types\/product"}],"replies":[{"embeddable":true,"href":"https:\/\/www.eyas-flatware.com\/de\/wp-json\/wp\/v2\/comments?post=4225"}],"wp:featuredmedia":[{"embeddable":true,"href":"https:\/\/www.eyas-flatware.com\/de\/wp-json\/wp\/v2\/media\/4227"}],"wp:attachment":[{"href":"https:\/\/www.eyas-flatware.com\/de\/wp-json\/wp\/v2\/media?parent=4225"}],"wp:term":[{"taxonomy":"product_brand","embeddable":true,"href":"https:\/\/www.eyas-flatware.com\/de\/wp-json\/wp\/v2\/product_brand?post=4225"},{"taxonomy":"product_cat","embeddable":true,"href":"https:\/\/www.eyas-flatware.com\/de\/wp-json\/wp\/v2\/product_cat?post=4225"},{"taxonomy":"product_tag","embeddable":true,"href":"https:\/\/www.eyas-flatware.com\/de\/wp-json\/wp\/v2\/product_tag?post=4225"}],"curies":[{"name":"wp","href":"https:\/\/api.w.org\/{rel}","templated":true}]}}