{"id":4067,"date":"2025-09-27T02:47:05","date_gmt":"2025-09-27T02:47:05","guid":{"rendered":"https:\/\/www.eyas-flatware.com\/?post_type=product&#038;p=4067"},"modified":"2025-09-27T02:51:35","modified_gmt":"2025-09-27T02:51:35","slug":"groshandel-herstellung-messer-loffel-gabel-kuche-restaurant-kunststoffgriff-besteck-set-edelstahl-besteck-set-8","status":"publish","type":"product","link":"https:\/\/www.eyas-flatware.com\/de\/produkt\/groshandel-herstellung-messer-loffel-gabel-kuche-restaurant-kunststoffgriff-besteck-set-edelstahl-besteck-set-8\/","title":{"rendered":"Gro\u00dfhandel Herstellung Messer L\u00f6ffel Gabel K\u00fcche Restaurant Kunststoffgriff Besteck Set Edelstahl Besteck Set"},"content":{"rendered":"<p><img fetchpriority=\"high\" decoding=\"async\" class=\"size-full wp-image-4072\" src=\"https:\/\/www.eyas-flatware.com\/wp-content\/uploads\/2025\/09\/hq602.jpg\" alt=\"Gro\u00dfhandel Herstellung Messer L\u00f6ffel Gabel K\u00fcche Restaurant Kunststoffgriff Besteck Set Edelstahl Besteck Set (\u590d\u5236)\" width=\"1181\" height=\"1181\" srcset=\"https:\/\/www.eyas-flatware.com\/wp-content\/uploads\/2025\/09\/hq602.jpg 1181w, https:\/\/www.eyas-flatware.com\/wp-content\/uploads\/2025\/09\/hq602-300x300.jpg 300w, https:\/\/www.eyas-flatware.com\/wp-content\/uploads\/2025\/09\/hq602-1024x1024.jpg 1024w, https:\/\/www.eyas-flatware.com\/wp-content\/uploads\/2025\/09\/hq602-150x150.jpg 150w, https:\/\/www.eyas-flatware.com\/wp-content\/uploads\/2025\/09\/hq602-768x768.jpg 768w, https:\/\/www.eyas-flatware.com\/wp-content\/uploads\/2025\/09\/hq602-12x12.jpg 12w, https:\/\/www.eyas-flatware.com\/wp-content\/uploads\/2025\/09\/hq602-600x600.jpg 600w, https:\/\/www.eyas-flatware.com\/wp-content\/uploads\/2025\/09\/hq602-100x100.jpg 100w\" sizes=\"(max-width: 1181px) 100vw, 1181px\" \/><\/p>\n<p><img decoding=\"async\" class=\"size-full wp-image-4071\" src=\"https:\/\/www.eyas-flatware.com\/wp-content\/uploads\/2025\/09\/hq602-handle-scaled.jpg\" alt=\"Gro\u00dfhandel Herstellung Messer L\u00f6ffel Gabel K\u00fcche Restaurant Kunststoffgriff Besteck Set Edelstahl Besteck Set (\u590d\u5236)\" width=\"2560\" height=\"2453\" srcset=\"https:\/\/www.eyas-flatware.com\/wp-content\/uploads\/2025\/09\/hq602-handle-scaled.jpg 2560w, https:\/\/www.eyas-flatware.com\/wp-content\/uploads\/2025\/09\/hq602-handle-300x287.jpg 300w, https:\/\/www.eyas-flatware.com\/wp-content\/uploads\/2025\/09\/hq602-handle-1024x981.jpg 1024w, https:\/\/www.eyas-flatware.com\/wp-content\/uploads\/2025\/09\/hq602-handle-768x736.jpg 768w, https:\/\/www.eyas-flatware.com\/wp-content\/uploads\/2025\/09\/hq602-handle-1536x1472.jpg 1536w, https:\/\/www.eyas-flatware.com\/wp-content\/uploads\/2025\/09\/hq602-handle-2048x1962.jpg 2048w, https:\/\/www.eyas-flatware.com\/wp-content\/uploads\/2025\/09\/hq602-handle-13x12.jpg 13w, https:\/\/www.eyas-flatware.com\/wp-content\/uploads\/2025\/09\/hq602-handle-600x575.jpg 600w\" sizes=\"(max-width: 2560px) 100vw, 2560px\" \/><\/p>\n<p><img decoding=\"async\" class=\"size-full wp-image-4070\" src=\"https:\/\/www.eyas-flatware.com\/wp-content\/uploads\/2025\/09\/dsc5401\u526f\u672c-scaled.jpg\" alt=\"Gro\u00dfhandel Herstellung Messer L\u00f6ffel Gabel K\u00fcche Restaurant Kunststoffgriff Besteck Set Edelstahl Besteck Set (\u590d\u5236)\" width=\"2542\" height=\"2560\" srcset=\"https:\/\/www.eyas-flatware.com\/wp-content\/uploads\/2025\/09\/dsc5401\u526f\u672c-scaled.jpg 2542w, https:\/\/www.eyas-flatware.com\/wp-content\/uploads\/2025\/09\/dsc5401\u526f\u672c-298x300.jpg 298w, https:\/\/www.eyas-flatware.com\/wp-content\/uploads\/2025\/09\/dsc5401\u526f\u672c-1017x1024.jpg 1017w, https:\/\/www.eyas-flatware.com\/wp-content\/uploads\/2025\/09\/dsc5401\u526f\u672c-150x150.jpg 150w, https:\/\/www.eyas-flatware.com\/wp-content\/uploads\/2025\/09\/dsc5401\u526f\u672c-768x774.jpg 768w, https:\/\/www.eyas-flatware.com\/wp-content\/uploads\/2025\/09\/dsc5401\u526f\u672c-1525x1536.jpg 1525w, https:\/\/www.eyas-flatware.com\/wp-content\/uploads\/2025\/09\/dsc5401\u526f\u672c-2033x2048.jpg 2033w, https:\/\/www.eyas-flatware.com\/wp-content\/uploads\/2025\/09\/dsc5401\u526f\u672c-12x12.jpg 12w, https:\/\/www.eyas-flatware.com\/wp-content\/uploads\/2025\/09\/dsc5401\u526f\u672c-600x604.jpg 600w, https:\/\/www.eyas-flatware.com\/wp-content\/uploads\/2025\/09\/dsc5401\u526f\u672c-100x100.jpg 100w\" sizes=\"(max-width: 2542px) 100vw, 2542px\" \/><\/p>\n<p><img loading=\"lazy\" decoding=\"async\" class=\"size-full wp-image-4069\" src=\"https:\/\/www.eyas-flatware.com\/wp-content\/uploads\/2025\/09\/dsc5400-scaled.jpg\" alt=\"Gro\u00dfhandel Herstellung Messer L\u00f6ffel Gabel K\u00fcche Restaurant Kunststoffgriff Besteck Set Edelstahl Besteck Set (\u590d\u5236)\" width=\"2384\" height=\"2560\" srcset=\"https:\/\/www.eyas-flatware.com\/wp-content\/uploads\/2025\/09\/dsc5400-scaled.jpg 2384w, https:\/\/www.eyas-flatware.com\/wp-content\/uploads\/2025\/09\/dsc5400-279x300.jpg 279w, https:\/\/www.eyas-flatware.com\/wp-content\/uploads\/2025\/09\/dsc5400-954x1024.jpg 954w, https:\/\/www.eyas-flatware.com\/wp-content\/uploads\/2025\/09\/dsc5400-768x825.jpg 768w, https:\/\/www.eyas-flatware.com\/wp-content\/uploads\/2025\/09\/dsc5400-1431x1536.jpg 1431w, https:\/\/www.eyas-flatware.com\/wp-content\/uploads\/2025\/09\/dsc5400-1908x2048.jpg 1908w, https:\/\/www.eyas-flatware.com\/wp-content\/uploads\/2025\/09\/dsc5400-11x12.jpg 11w, https:\/\/www.eyas-flatware.com\/wp-content\/uploads\/2025\/09\/dsc5400-600x644.jpg 600w\" sizes=\"(max-width: 2384px) 100vw, 2384px\" \/><\/p>\n<p><img loading=\"lazy\" decoding=\"async\" class=\"size-full wp-image-4068\" src=\"https:\/\/www.eyas-flatware.com\/wp-content\/uploads\/2025\/09\/dsc5399-scaled.jpg\" alt=\"Gro\u00dfhandel Herstellung Messer L\u00f6ffel Gabel K\u00fcche Restaurant Kunststoffgriff Besteck Set Edelstahl Besteck Set (\u590d\u5236)\" width=\"2560\" height=\"2121\" srcset=\"https:\/\/www.eyas-flatware.com\/wp-content\/uploads\/2025\/09\/dsc5399-scaled.jpg 2560w, https:\/\/www.eyas-flatware.com\/wp-content\/uploads\/2025\/09\/dsc5399-300x249.jpg 300w, https:\/\/www.eyas-flatware.com\/wp-content\/uploads\/2025\/09\/dsc5399-1024x849.jpg 1024w, https:\/\/www.eyas-flatware.com\/wp-content\/uploads\/2025\/09\/dsc5399-768x636.jpg 768w, https:\/\/www.eyas-flatware.com\/wp-content\/uploads\/2025\/09\/dsc5399-1536x1273.jpg 1536w, https:\/\/www.eyas-flatware.com\/wp-content\/uploads\/2025\/09\/dsc5399-2048x1697.jpg 2048w, https:\/\/www.eyas-flatware.com\/wp-content\/uploads\/2025\/09\/dsc5399-14x12.jpg 14w, https:\/\/www.eyas-flatware.com\/wp-content\/uploads\/2025\/09\/dsc5399-600x497.jpg 600w\" sizes=\"(max-width: 2560px) 100vw, 2560px\" \/><\/p>\n<p>&nbsp;<\/p>\n<p>&nbsp;<\/p>\n<p>&nbsp;<\/p>\n<p>&nbsp;<\/p>\n<p>&nbsp;<\/p>\n<p>&nbsp;<\/p>\n<p>&nbsp;<\/p>\n<p>&nbsp;<\/p>\n<p>&nbsp;<\/p>\n<p>&nbsp;<\/p>\n<p>&nbsp;<\/p>\n<p>&nbsp;<\/p>\n<p>&nbsp;<\/p>\n<p>&nbsp;<\/p>\n<p>&nbsp;<\/p>\n<p>&nbsp;<\/p>\n<p>&nbsp;<\/p>\n<p>&nbsp;<\/p>\n<p>&nbsp;<\/p>\n<p>&nbsp;<\/p>\n<p>&nbsp;<\/p>\n<p>&nbsp;<\/p>\n<p>&nbsp;<\/p>\n<p>&nbsp;<\/p>\n<p>&nbsp;<\/p>\n<p>&nbsp;<\/p>\n<p>&nbsp;<\/p>\n<p>&nbsp;<\/p>\n<p>&nbsp;<\/p>\n<p>&nbsp;<\/p>\n<p>&nbsp;<\/p>\n<p>&nbsp;<\/p>\n<p>&nbsp;<\/p>\n<p>&nbsp;<\/p>\n<p>&nbsp;<\/p>\n<p>&nbsp;<\/p>\n<p>&nbsp;<\/p>\n<p>&nbsp;<\/p>\n<p>&nbsp;<\/p>\n<p>&nbsp;<\/p>\n<p>&nbsp;<\/p>\n<p>&nbsp;<\/p>\n<p>&nbsp;<\/p>\n<p>&nbsp;<\/p>\n<p>&nbsp;<\/p>\n<div class=\"mceTemp\"><\/div>\n<p>&nbsp;<\/p>\n<p>&nbsp;<\/p>\n<p>&nbsp;<\/p>\n<p>&nbsp;<\/p>\n<p>&nbsp;<\/p>\n<p>&nbsp;<\/p>\n<p>&nbsp;<\/p>\n<p>&nbsp;<\/p>\n<p>&nbsp;<\/p>\n<p>&nbsp;<\/p>\n<p>&nbsp;<\/p>\n<p>&nbsp;<\/p>\n<p>&nbsp;<\/p>\n<p>&nbsp;<\/p>\n<p>&nbsp;<\/p>\n<p>&nbsp;<\/p>\n<p>&nbsp;<\/p>\n<p>&nbsp;<\/p>\n<p>&nbsp;<\/p>\n<p>&nbsp;<\/p>\n<p>&nbsp;<\/p>\n<p>&nbsp;<\/p>\n<p>&nbsp;<\/p>\n<p>&nbsp;<\/p>\n<p>&nbsp;<\/p>\n<p>&nbsp;<\/p>\n<p>&nbsp;<\/p>\n<p>&nbsp;<\/p>\n<p>&nbsp;<\/p>\n<p>&nbsp;<\/p>\n<p>&nbsp;<\/p>\n<p>&nbsp;<\/p>\n<p>&nbsp;<\/p>\n<p>&nbsp;<\/p>\n<p>&nbsp;<\/p>\n<p>&nbsp;<\/p>\n<p>&nbsp;<\/p>\n<p>&nbsp;<\/p>\n<p>&nbsp;<\/p>\n<p>&nbsp;<\/p>\n<p>&nbsp;<\/p>\n<p>&nbsp;<\/p>\n<p>&nbsp;<\/p>\n<p>&nbsp;<\/p>\n<p>&nbsp;<\/p>\n<p>&nbsp;<\/p>\n<p>&nbsp;<\/p>\n<p>&nbsp;<\/p>\n<p>&nbsp;<\/p>\n<p>&nbsp;<\/p>\n<p>&nbsp;<\/p>\n<p>&nbsp;<\/p>\n<p>&nbsp;<\/p>\n<p>&nbsp;<\/p>","protected":false},"excerpt":{"rendered":"<p>&nbsp; &nbsp; &nbsp; &nbsp; &nbsp; &nbsp; &nbsp; &nbsp; &nbsp; &nbsp; &nbsp; &nbsp; &nbsp; &nbsp; &nbsp; &nbsp; &nbsp; &nbsp; &nbsp; &nbsp; &nbsp; &nbsp; &nbsp; &nbsp; &nbsp; &nbsp; &nbsp; &nbsp; &nbsp; &nbsp; &nbsp; &nbsp; &nbsp; &nbsp; &nbsp; &nbsp; &nbsp; &nbsp; &nbsp; &nbsp; &nbsp; &nbsp; &nbsp; &nbsp; &nbsp; &nbsp; &nbsp; &nbsp; &nbsp; &nbsp; &nbsp; &nbsp; &nbsp; &nbsp; &nbsp; [&hellip;]<\/p>","protected":false},"featured_media":4072,"comment_status":"open","ping_status":"closed","template":"","meta":{"_seopress_robots_primary_cat":"none","_seopress_titles_title":"","_seopress_titles_desc":"","_seopress_robots_index":""},"product_brand":[],"product_cat":[49],"product_tag":[],"class_list":{"0":"post-4067","1":"product","2":"type-product","3":"status-publish","4":"has-post-thumbnail","6":"product_cat-half-tang-cutlery","8":"first","9":"instock","10":"shipping-taxable","11":"product-type-simple"},"_links":{"self":[{"href":"https:\/\/www.eyas-flatware.com\/de\/wp-json\/wp\/v2\/product\/4067","targetHints":{"allow":["GET"]}}],"collection":[{"href":"https:\/\/www.eyas-flatware.com\/de\/wp-json\/wp\/v2\/product"}],"about":[{"href":"https:\/\/www.eyas-flatware.com\/de\/wp-json\/wp\/v2\/types\/product"}],"replies":[{"embeddable":true,"href":"https:\/\/www.eyas-flatware.com\/de\/wp-json\/wp\/v2\/comments?post=4067"}],"wp:featuredmedia":[{"embeddable":true,"href":"https:\/\/www.eyas-flatware.com\/de\/wp-json\/wp\/v2\/media\/4072"}],"wp:attachment":[{"href":"https:\/\/www.eyas-flatware.com\/de\/wp-json\/wp\/v2\/media?parent=4067"}],"wp:term":[{"taxonomy":"product_brand","embeddable":true,"href":"https:\/\/www.eyas-flatware.com\/de\/wp-json\/wp\/v2\/product_brand?post=4067"},{"taxonomy":"product_cat","embeddable":true,"href":"https:\/\/www.eyas-flatware.com\/de\/wp-json\/wp\/v2\/product_cat?post=4067"},{"taxonomy":"product_tag","embeddable":true,"href":"https:\/\/www.eyas-flatware.com\/de\/wp-json\/wp\/v2\/product_tag?post=4067"}],"curies":[{"name":"wp","href":"https:\/\/api.w.org\/{rel}","templated":true}]}}