{"id":4038,"date":"2025-09-26T08:59:33","date_gmt":"2025-09-26T08:59:33","guid":{"rendered":"https:\/\/www.eyas-flatware.com\/?post_type=product&#038;p=4038"},"modified":"2025-09-26T09:03:59","modified_gmt":"2025-09-26T09:03:59","slug":"groshandel-herstellung-messer-loffel-gabel-kuche-restaurant-kunststoffgriff-besteck-set-edelstahl-besteck-set-5","status":"publish","type":"product","link":"https:\/\/www.eyas-flatware.com\/de\/produkt\/groshandel-herstellung-messer-loffel-gabel-kuche-restaurant-kunststoffgriff-besteck-set-edelstahl-besteck-set-5\/","title":{"rendered":"Gro\u00dfhandel Herstellung Messer L\u00f6ffel Gabel K\u00fcche Restaurant Kunststoffgriff Besteck Set Edelstahl Besteck Set"},"content":{"rendered":"<p><img fetchpriority=\"high\" decoding=\"async\" class=\"size-full wp-image-4040\" src=\"https:\/\/www.eyas-flatware.com\/wp-content\/uploads\/2025\/09\/hq287.jpg\" alt=\"Gro\u00dfhandel Herstellung Messer L\u00f6ffel Gabel K\u00fcche Restaurant Kunststoffgriff Besteck Set Edelstahl Besteck Set (\u590d\u5236)\" width=\"1181\" height=\"1181\" srcset=\"https:\/\/www.eyas-flatware.com\/wp-content\/uploads\/2025\/09\/hq287.jpg 1181w, https:\/\/www.eyas-flatware.com\/wp-content\/uploads\/2025\/09\/hq287-300x300.jpg 300w, https:\/\/www.eyas-flatware.com\/wp-content\/uploads\/2025\/09\/hq287-1024x1024.jpg 1024w, https:\/\/www.eyas-flatware.com\/wp-content\/uploads\/2025\/09\/hq287-150x150.jpg 150w, https:\/\/www.eyas-flatware.com\/wp-content\/uploads\/2025\/09\/hq287-768x768.jpg 768w, https:\/\/www.eyas-flatware.com\/wp-content\/uploads\/2025\/09\/hq287-12x12.jpg 12w, https:\/\/www.eyas-flatware.com\/wp-content\/uploads\/2025\/09\/hq287-600x600.jpg 600w, https:\/\/www.eyas-flatware.com\/wp-content\/uploads\/2025\/09\/hq287-100x100.jpg 100w\" sizes=\"(max-width: 1181px) 100vw, 1181px\" \/><\/p>\n<p><img decoding=\"async\" class=\"size-full wp-image-4041\" src=\"https:\/\/www.eyas-flatware.com\/wp-content\/uploads\/2025\/09\/qq\u56fe\u724720140305093958.jpg\" alt=\"Gro\u00dfhandel Herstellung Messer L\u00f6ffel Gabel K\u00fcche Restaurant Kunststoffgriff Besteck Set Edelstahl Besteck Set (\u590d\u5236)\" width=\"591\" height=\"591\" srcset=\"https:\/\/www.eyas-flatware.com\/wp-content\/uploads\/2025\/09\/qq\u56fe\u724720140305093958.jpg 591w, https:\/\/www.eyas-flatware.com\/wp-content\/uploads\/2025\/09\/qq\u56fe\u724720140305093958-300x300.jpg 300w, https:\/\/www.eyas-flatware.com\/wp-content\/uploads\/2025\/09\/qq\u56fe\u724720140305093958-150x150.jpg 150w, https:\/\/www.eyas-flatware.com\/wp-content\/uploads\/2025\/09\/qq\u56fe\u724720140305093958-12x12.jpg 12w, https:\/\/www.eyas-flatware.com\/wp-content\/uploads\/2025\/09\/qq\u56fe\u724720140305093958-100x100.jpg 100w\" sizes=\"(max-width: 591px) 100vw, 591px\" \/><\/p>\n<p><img decoding=\"async\" class=\"size-full wp-image-4039\" src=\"https:\/\/www.eyas-flatware.com\/wp-content\/uploads\/2025\/09\/7mcihqtp24npevxrey9a.png\" alt=\"Gro\u00dfhandel Herstellung Messer L\u00f6ffel Gabel K\u00fcche Restaurant Kunststoffgriff Besteck Set Edelstahl Besteck Set (\u590d\u5236)\" width=\"278\" height=\"522\" srcset=\"https:\/\/www.eyas-flatware.com\/wp-content\/uploads\/2025\/09\/7mcihqtp24npevxrey9a.png 278w, https:\/\/www.eyas-flatware.com\/wp-content\/uploads\/2025\/09\/7mcihqtp24npevxrey9a-160x300.png 160w, https:\/\/www.eyas-flatware.com\/wp-content\/uploads\/2025\/09\/7mcihqtp24npevxrey9a-6x12.png 6w\" sizes=\"(max-width: 278px) 100vw, 278px\" \/><\/p>\n<p>&nbsp;<\/p>\n<p>&nbsp;<\/p>\n<p>&nbsp;<\/p>\n<p>&nbsp;<\/p>\n<p>&nbsp;<\/p>\n<p>&nbsp;<\/p>\n<p>&nbsp;<\/p>\n<p>&nbsp;<\/p>\n<p>&nbsp;<\/p>\n<p>&nbsp;<\/p>\n<p>&nbsp;<\/p>\n<p>&nbsp;<\/p>\n<p>&nbsp;<\/p>\n<p>&nbsp;<\/p>\n<p>&nbsp;<\/p>\n<p>&nbsp;<\/p>\n<p>&nbsp;<\/p>\n<p>&nbsp;<\/p>\n<p>&nbsp;<\/p>\n<p>&nbsp;<\/p>\n<p>&nbsp;<\/p>\n<p>&nbsp;<\/p>\n<p>&nbsp;<\/p>\n<p>&nbsp;<\/p>\n<p>&nbsp;<\/p>\n<p>&nbsp;<\/p>\n<p>&nbsp;<\/p>\n<p>&nbsp;<\/p>\n<p>&nbsp;<\/p>\n<p>&nbsp;<\/p>\n<p>&nbsp;<\/p>\n<p>&nbsp;<\/p>\n<p>&nbsp;<\/p>\n<p>&nbsp;<\/p>\n<p>&nbsp;<\/p>\n<p>&nbsp;<\/p>\n<p>&nbsp;<\/p>\n<p>&nbsp;<\/p>\n<div class=\"mceTemp\"><\/div>\n<p>&nbsp;<\/p>\n<p>&nbsp;<\/p>\n<p>&nbsp;<\/p>\n<p>&nbsp;<\/p>\n<p>&nbsp;<\/p>\n<p>&nbsp;<\/p>\n<p>&nbsp;<\/p>\n<p>&nbsp;<\/p>\n<p>&nbsp;<\/p>\n<p>&nbsp;<\/p>\n<p>&nbsp;<\/p>\n<p>&nbsp;<\/p>\n<p>&nbsp;<\/p>\n<p>&nbsp;<\/p>\n<p>&nbsp;<\/p>\n<p>&nbsp;<\/p>\n<p>&nbsp;<\/p>\n<p>&nbsp;<\/p>\n<p>&nbsp;<\/p>\n<p>&nbsp;<\/p>\n<p>&nbsp;<\/p>\n<p>&nbsp;<\/p>\n<p>&nbsp;<\/p>\n<p>&nbsp;<\/p>\n<p>&nbsp;<\/p>\n<p>&nbsp;<\/p>\n<p>&nbsp;<\/p>\n<p>&nbsp;<\/p>\n<p>&nbsp;<\/p>\n<p>&nbsp;<\/p>\n<p>&nbsp;<\/p>\n<p>&nbsp;<\/p>\n<p>&nbsp;<\/p>\n<p>&nbsp;<\/p>\n<p>&nbsp;<\/p>\n<p>&nbsp;<\/p>\n<p>&nbsp;<\/p>\n<p>&nbsp;<\/p>\n<p>&nbsp;<\/p>\n<p>&nbsp;<\/p>\n<p>&nbsp;<\/p>\n<p>&nbsp;<\/p>\n<p>&nbsp;<\/p>\n<p>&nbsp;<\/p>\n<p>&nbsp;<\/p>\n<p>&nbsp;<\/p>\n<p>&nbsp;<\/p>\n<p>&nbsp;<\/p>\n<p>&nbsp;<\/p>\n<p>&nbsp;<\/p>\n<p>&nbsp;<\/p>\n<p>&nbsp;<\/p>\n<p>&nbsp;<\/p>\n<p>&nbsp;<\/p>","protected":false},"excerpt":{"rendered":"<p>&nbsp; &nbsp; &nbsp; &nbsp; &nbsp; &nbsp; &nbsp; &nbsp; &nbsp; &nbsp; &nbsp; &nbsp; &nbsp; &nbsp; &nbsp; &nbsp; &nbsp; &nbsp; &nbsp; &nbsp; &nbsp; &nbsp; &nbsp; &nbsp; &nbsp; &nbsp; &nbsp; &nbsp; &nbsp; &nbsp; &nbsp; &nbsp; &nbsp; &nbsp; &nbsp; &nbsp; &nbsp; &nbsp; &nbsp; &nbsp; &nbsp; &nbsp; &nbsp; &nbsp; &nbsp; &nbsp; &nbsp; &nbsp; &nbsp; &nbsp; &nbsp; &nbsp; &nbsp; &nbsp; &nbsp; [&hellip;]<\/p>","protected":false},"featured_media":4040,"comment_status":"open","ping_status":"closed","template":"","meta":{"_seopress_robots_primary_cat":"none","_seopress_titles_title":"","_seopress_titles_desc":"","_seopress_robots_index":""},"product_brand":[],"product_cat":[49],"product_tag":[],"class_list":{"0":"post-4038","1":"product","2":"type-product","3":"status-publish","4":"has-post-thumbnail","6":"product_cat-half-tang-cutlery","8":"first","9":"instock","10":"shipping-taxable","11":"product-type-simple"},"_links":{"self":[{"href":"https:\/\/www.eyas-flatware.com\/de\/wp-json\/wp\/v2\/product\/4038","targetHints":{"allow":["GET"]}}],"collection":[{"href":"https:\/\/www.eyas-flatware.com\/de\/wp-json\/wp\/v2\/product"}],"about":[{"href":"https:\/\/www.eyas-flatware.com\/de\/wp-json\/wp\/v2\/types\/product"}],"replies":[{"embeddable":true,"href":"https:\/\/www.eyas-flatware.com\/de\/wp-json\/wp\/v2\/comments?post=4038"}],"wp:featuredmedia":[{"embeddable":true,"href":"https:\/\/www.eyas-flatware.com\/de\/wp-json\/wp\/v2\/media\/4040"}],"wp:attachment":[{"href":"https:\/\/www.eyas-flatware.com\/de\/wp-json\/wp\/v2\/media?parent=4038"}],"wp:term":[{"taxonomy":"product_brand","embeddable":true,"href":"https:\/\/www.eyas-flatware.com\/de\/wp-json\/wp\/v2\/product_brand?post=4038"},{"taxonomy":"product_cat","embeddable":true,"href":"https:\/\/www.eyas-flatware.com\/de\/wp-json\/wp\/v2\/product_cat?post=4038"},{"taxonomy":"product_tag","embeddable":true,"href":"https:\/\/www.eyas-flatware.com\/de\/wp-json\/wp\/v2\/product_tag?post=4038"}],"curies":[{"name":"wp","href":"https:\/\/api.w.org\/{rel}","templated":true}]}}