{"id":4024,"date":"2025-09-26T08:08:58","date_gmt":"2025-09-26T08:08:58","guid":{"rendered":"https:\/\/www.eyas-flatware.com\/?post_type=product&#038;p=4024"},"modified":"2025-09-26T08:12:07","modified_gmt":"2025-09-26T08:12:07","slug":"groshandel-herstellung-messer-loffel-gabel-kuche-restaurant-kunststoffgriff-besteck-set-edelstahl-besteck-set-3","status":"publish","type":"product","link":"https:\/\/www.eyas-flatware.com\/de\/produkt\/groshandel-herstellung-messer-loffel-gabel-kuche-restaurant-kunststoffgriff-besteck-set-edelstahl-besteck-set-3\/","title":{"rendered":"Gro\u00dfhandel Herstellung Messer L\u00f6ffel Gabel K\u00fcche Restaurant Kunststoffgriff Besteck Set Edelstahl Besteck Set"},"content":{"rendered":"<p><img fetchpriority=\"high\" decoding=\"async\" class=\"size-full wp-image-4026\" src=\"https:\/\/www.eyas-flatware.com\/wp-content\/uploads\/2025\/09\/hq276.jpg\" alt=\"Gro\u00dfhandel Herstellung Messer L\u00f6ffel Gabel K\u00fcche Restaurant Kunststoffgriff Besteck Set Edelstahl Besteck Set (\u590d\u5236)\" width=\"1772\" height=\"1772\" srcset=\"https:\/\/www.eyas-flatware.com\/wp-content\/uploads\/2025\/09\/hq276.jpg 1772w, https:\/\/www.eyas-flatware.com\/wp-content\/uploads\/2025\/09\/hq276-300x300.jpg 300w, https:\/\/www.eyas-flatware.com\/wp-content\/uploads\/2025\/09\/hq276-1024x1024.jpg 1024w, https:\/\/www.eyas-flatware.com\/wp-content\/uploads\/2025\/09\/hq276-150x150.jpg 150w, https:\/\/www.eyas-flatware.com\/wp-content\/uploads\/2025\/09\/hq276-768x768.jpg 768w, https:\/\/www.eyas-flatware.com\/wp-content\/uploads\/2025\/09\/hq276-1536x1536.jpg 1536w, https:\/\/www.eyas-flatware.com\/wp-content\/uploads\/2025\/09\/hq276-12x12.jpg 12w, https:\/\/www.eyas-flatware.com\/wp-content\/uploads\/2025\/09\/hq276-600x600.jpg 600w, https:\/\/www.eyas-flatware.com\/wp-content\/uploads\/2025\/09\/hq276-100x100.jpg 100w\" sizes=\"(max-width: 1772px) 100vw, 1772px\" \/><\/p>\n<p><img decoding=\"async\" class=\"size-full wp-image-4025\" src=\"https:\/\/www.eyas-flatware.com\/wp-content\/uploads\/2025\/09\/hq276-2.jpg\" alt=\"Gro\u00dfhandel Herstellung Messer L\u00f6ffel Gabel K\u00fcche Restaurant Kunststoffgriff Besteck Set Edelstahl Besteck Set (\u590d\u5236)\" width=\"827\" height=\"827\" srcset=\"https:\/\/www.eyas-flatware.com\/wp-content\/uploads\/2025\/09\/hq276-2.jpg 827w, https:\/\/www.eyas-flatware.com\/wp-content\/uploads\/2025\/09\/hq276-2-300x300.jpg 300w, https:\/\/www.eyas-flatware.com\/wp-content\/uploads\/2025\/09\/hq276-2-150x150.jpg 150w, https:\/\/www.eyas-flatware.com\/wp-content\/uploads\/2025\/09\/hq276-2-768x768.jpg 768w, https:\/\/www.eyas-flatware.com\/wp-content\/uploads\/2025\/09\/hq276-2-12x12.jpg 12w, https:\/\/www.eyas-flatware.com\/wp-content\/uploads\/2025\/09\/hq276-2-600x600.jpg 600w, https:\/\/www.eyas-flatware.com\/wp-content\/uploads\/2025\/09\/hq276-2-100x100.jpg 100w\" sizes=\"(max-width: 827px) 100vw, 827px\" \/><\/p>\n<p><img decoding=\"async\" class=\"size-full wp-image-4027\" src=\"https:\/\/www.eyas-flatware.com\/wp-content\/uploads\/2025\/09\/hq276h08a-orange.jpg\" alt=\"Gro\u00dfhandel Herstellung Messer L\u00f6ffel Gabel K\u00fcche Restaurant Kunststoffgriff Besteck Set Edelstahl Besteck Set (\u590d\u5236)\" width=\"827\" height=\"827\" srcset=\"https:\/\/www.eyas-flatware.com\/wp-content\/uploads\/2025\/09\/hq276h08a-orange.jpg 827w, https:\/\/www.eyas-flatware.com\/wp-content\/uploads\/2025\/09\/hq276h08a-orange-300x300.jpg 300w, https:\/\/www.eyas-flatware.com\/wp-content\/uploads\/2025\/09\/hq276h08a-orange-150x150.jpg 150w, https:\/\/www.eyas-flatware.com\/wp-content\/uploads\/2025\/09\/hq276h08a-orange-768x768.jpg 768w, https:\/\/www.eyas-flatware.com\/wp-content\/uploads\/2025\/09\/hq276h08a-orange-12x12.jpg 12w, https:\/\/www.eyas-flatware.com\/wp-content\/uploads\/2025\/09\/hq276h08a-orange-600x600.jpg 600w, https:\/\/www.eyas-flatware.com\/wp-content\/uploads\/2025\/09\/hq276h08a-orange-100x100.jpg 100w\" sizes=\"(max-width: 827px) 100vw, 827px\" \/><\/p>\n<p>&nbsp;<\/p>\n<p>&nbsp;<\/p>\n<p>&nbsp;<\/p>\n<p>&nbsp;<\/p>\n<p>&nbsp;<\/p>\n<p>&nbsp;<\/p>\n<p>&nbsp;<\/p>\n<p>&nbsp;<\/p>\n<p>&nbsp;<\/p>\n<p>&nbsp;<\/p>\n<p>&nbsp;<\/p>\n<p>&nbsp;<\/p>\n<p>&nbsp;<\/p>\n<p>&nbsp;<\/p>\n<p>&nbsp;<\/p>\n<p>&nbsp;<\/p>\n<p>&nbsp;<\/p>\n<p>&nbsp;<\/p>\n<p>&nbsp;<\/p>\n<p>&nbsp;<\/p>\n<p>&nbsp;<\/p>\n<p>&nbsp;<\/p>\n<p>&nbsp;<\/p>\n<p>&nbsp;<\/p>\n<p>&nbsp;<\/p>\n<p>&nbsp;<\/p>\n<p>&nbsp;<\/p>\n<p>&nbsp;<\/p>\n<p>&nbsp;<\/p>\n<p>&nbsp;<\/p>\n<p>&nbsp;<\/p>\n<p>&nbsp;<\/p>\n<div class=\"mceTemp\"><\/div>\n<p>&nbsp;<\/p>\n<p>&nbsp;<\/p>\n<p>&nbsp;<\/p>\n<p>&nbsp;<\/p>\n<p>&nbsp;<\/p>\n<p>&nbsp;<\/p>\n<p>&nbsp;<\/p>\n<p>&nbsp;<\/p>\n<p>&nbsp;<\/p>\n<p>&nbsp;<\/p>\n<p>&nbsp;<\/p>\n<p>&nbsp;<\/p>\n<p>&nbsp;<\/p>\n<p>&nbsp;<\/p>\n<p>&nbsp;<\/p>\n<p>&nbsp;<\/p>\n<p>&nbsp;<\/p>\n<p>&nbsp;<\/p>\n<p>&nbsp;<\/p>\n<p>&nbsp;<\/p>\n<p>&nbsp;<\/p>\n<p>&nbsp;<\/p>\n<p>&nbsp;<\/p>\n<p>&nbsp;<\/p>\n<p>&nbsp;<\/p>\n<p>&nbsp;<\/p>\n<p>&nbsp;<\/p>\n<p>&nbsp;<\/p>\n<p>&nbsp;<\/p>\n<p>&nbsp;<\/p>\n<p>&nbsp;<\/p>\n<p>&nbsp;<\/p>\n<p>&nbsp;<\/p>\n<p>&nbsp;<\/p>\n<p>&nbsp;<\/p>\n<p>&nbsp;<\/p>\n<p>&nbsp;<\/p>\n<p>&nbsp;<\/p>\n<p>&nbsp;<\/p>\n<p>&nbsp;<\/p>\n<p>&nbsp;<\/p>\n<p>&nbsp;<\/p>\n<p>&nbsp;<\/p>\n<p>&nbsp;<\/p>\n<p>&nbsp;<\/p>\n<p>&nbsp;<\/p>\n<p>&nbsp;<\/p>\n<p>&nbsp;<\/p>\n<p>&nbsp;<\/p>\n<p>&nbsp;<\/p>\n<p>&nbsp;<\/p>\n<p>&nbsp;<\/p>\n<p>&nbsp;<\/p>\n<p>&nbsp;<\/p>","protected":false},"excerpt":{"rendered":"<p>&nbsp; &nbsp; &nbsp; &nbsp; &nbsp; &nbsp; &nbsp; &nbsp; &nbsp; &nbsp; &nbsp; &nbsp; &nbsp; &nbsp; &nbsp; &nbsp; &nbsp; &nbsp; &nbsp; &nbsp; &nbsp; &nbsp; &nbsp; &nbsp; &nbsp; &nbsp; &nbsp; &nbsp; &nbsp; &nbsp; &nbsp; &nbsp; &nbsp; &nbsp; &nbsp; &nbsp; &nbsp; &nbsp; &nbsp; &nbsp; &nbsp; &nbsp; &nbsp; &nbsp; &nbsp; &nbsp; &nbsp; &nbsp; &nbsp; &nbsp; &nbsp; &nbsp; &nbsp; &nbsp; &nbsp; [&hellip;]<\/p>","protected":false},"featured_media":4026,"comment_status":"open","ping_status":"closed","template":"","meta":{"_seopress_robots_primary_cat":"none","_seopress_titles_title":"","_seopress_titles_desc":"","_seopress_robots_index":""},"product_brand":[],"product_cat":[49],"product_tag":[],"class_list":{"0":"post-4024","1":"product","2":"type-product","3":"status-publish","4":"has-post-thumbnail","6":"product_cat-half-tang-cutlery","8":"first","9":"instock","10":"shipping-taxable","11":"product-type-simple"},"_links":{"self":[{"href":"https:\/\/www.eyas-flatware.com\/de\/wp-json\/wp\/v2\/product\/4024","targetHints":{"allow":["GET"]}}],"collection":[{"href":"https:\/\/www.eyas-flatware.com\/de\/wp-json\/wp\/v2\/product"}],"about":[{"href":"https:\/\/www.eyas-flatware.com\/de\/wp-json\/wp\/v2\/types\/product"}],"replies":[{"embeddable":true,"href":"https:\/\/www.eyas-flatware.com\/de\/wp-json\/wp\/v2\/comments?post=4024"}],"wp:featuredmedia":[{"embeddable":true,"href":"https:\/\/www.eyas-flatware.com\/de\/wp-json\/wp\/v2\/media\/4026"}],"wp:attachment":[{"href":"https:\/\/www.eyas-flatware.com\/de\/wp-json\/wp\/v2\/media?parent=4024"}],"wp:term":[{"taxonomy":"product_brand","embeddable":true,"href":"https:\/\/www.eyas-flatware.com\/de\/wp-json\/wp\/v2\/product_brand?post=4024"},{"taxonomy":"product_cat","embeddable":true,"href":"https:\/\/www.eyas-flatware.com\/de\/wp-json\/wp\/v2\/product_cat?post=4024"},{"taxonomy":"product_tag","embeddable":true,"href":"https:\/\/www.eyas-flatware.com\/de\/wp-json\/wp\/v2\/product_tag?post=4024"}],"curies":[{"name":"wp","href":"https:\/\/api.w.org\/{rel}","templated":true}]}}