{"id":3990,"date":"2025-09-26T02:43:45","date_gmt":"2025-09-26T02:43:45","guid":{"rendered":"https:\/\/www.eyas-flatware.com\/?post_type=product&#038;p=3990"},"modified":"2025-09-26T03:24:35","modified_gmt":"2025-09-26T03:24:35","slug":"groshandel-herstellung-messer-loffel-gabel-kuche-restaurant-kunststoffgriff-besteck-set-edelstahl-besteck-set","status":"publish","type":"product","link":"https:\/\/www.eyas-flatware.com\/de\/produkt\/groshandel-herstellung-messer-loffel-gabel-kuche-restaurant-kunststoffgriff-besteck-set-edelstahl-besteck-set\/","title":{"rendered":"Gro\u00dfhandel Herstellung Messer L\u00f6ffel Gabel K\u00fcche Restaurant Kunststoffgriff Besteck Set Edelstahl Besteck Set"},"content":{"rendered":"<p><img fetchpriority=\"high\" decoding=\"async\" class=\"size-full wp-image-3997\" src=\"https:\/\/www.eyas-flatware.com\/wp-content\/uploads\/2025\/09\/sdc11999.jpg\" alt=\"Gro\u00dfhandel Herstellung Messer L\u00f6ffel Gabel K\u00fcche Restaurant Kunststoffgriff Besteck Set Edelstahl Besteck Set\" width=\"709\" height=\"709\" srcset=\"https:\/\/www.eyas-flatware.com\/wp-content\/uploads\/2025\/09\/sdc11999.jpg 709w, https:\/\/www.eyas-flatware.com\/wp-content\/uploads\/2025\/09\/sdc11999-300x300.jpg 300w, https:\/\/www.eyas-flatware.com\/wp-content\/uploads\/2025\/09\/sdc11999-150x150.jpg 150w, https:\/\/www.eyas-flatware.com\/wp-content\/uploads\/2025\/09\/sdc11999-12x12.jpg 12w, https:\/\/www.eyas-flatware.com\/wp-content\/uploads\/2025\/09\/sdc11999-600x600.jpg 600w, https:\/\/www.eyas-flatware.com\/wp-content\/uploads\/2025\/09\/sdc11999-100x100.jpg 100w\" sizes=\"(max-width: 709px) 100vw, 709px\" \/><\/p>\n<p><img decoding=\"async\" class=\"size-full wp-image-3996\" src=\"https:\/\/www.eyas-flatware.com\/wp-content\/uploads\/2025\/09\/sdc11998.jpg\" alt=\"Gro\u00dfhandel Herstellung Messer L\u00f6ffel Gabel K\u00fcche Restaurant Kunststoffgriff Besteck Set Edelstahl Besteck Set\" width=\"1890\" height=\"1890\" srcset=\"https:\/\/www.eyas-flatware.com\/wp-content\/uploads\/2025\/09\/sdc11998.jpg 1890w, https:\/\/www.eyas-flatware.com\/wp-content\/uploads\/2025\/09\/sdc11998-300x300.jpg 300w, https:\/\/www.eyas-flatware.com\/wp-content\/uploads\/2025\/09\/sdc11998-1024x1024.jpg 1024w, https:\/\/www.eyas-flatware.com\/wp-content\/uploads\/2025\/09\/sdc11998-150x150.jpg 150w, https:\/\/www.eyas-flatware.com\/wp-content\/uploads\/2025\/09\/sdc11998-768x768.jpg 768w, https:\/\/www.eyas-flatware.com\/wp-content\/uploads\/2025\/09\/sdc11998-1536x1536.jpg 1536w, https:\/\/www.eyas-flatware.com\/wp-content\/uploads\/2025\/09\/sdc11998-12x12.jpg 12w, https:\/\/www.eyas-flatware.com\/wp-content\/uploads\/2025\/09\/sdc11998-600x600.jpg 600w, https:\/\/www.eyas-flatware.com\/wp-content\/uploads\/2025\/09\/sdc11998-100x100.jpg 100w\" sizes=\"(max-width: 1890px) 100vw, 1890px\" \/><\/p>\n<p><img decoding=\"async\" class=\"size-full wp-image-3995\" src=\"https:\/\/www.eyas-flatware.com\/wp-content\/uploads\/2025\/09\/sdc11997.jpg\" alt=\"Gro\u00dfhandel Herstellung Messer L\u00f6ffel Gabel K\u00fcche Restaurant Kunststoffgriff Besteck Set Edelstahl Besteck Set\" width=\"1772\" height=\"1772\" srcset=\"https:\/\/www.eyas-flatware.com\/wp-content\/uploads\/2025\/09\/sdc11997.jpg 1772w, https:\/\/www.eyas-flatware.com\/wp-content\/uploads\/2025\/09\/sdc11997-300x300.jpg 300w, https:\/\/www.eyas-flatware.com\/wp-content\/uploads\/2025\/09\/sdc11997-1024x1024.jpg 1024w, https:\/\/www.eyas-flatware.com\/wp-content\/uploads\/2025\/09\/sdc11997-150x150.jpg 150w, https:\/\/www.eyas-flatware.com\/wp-content\/uploads\/2025\/09\/sdc11997-768x768.jpg 768w, https:\/\/www.eyas-flatware.com\/wp-content\/uploads\/2025\/09\/sdc11997-1536x1536.jpg 1536w, https:\/\/www.eyas-flatware.com\/wp-content\/uploads\/2025\/09\/sdc11997-12x12.jpg 12w, https:\/\/www.eyas-flatware.com\/wp-content\/uploads\/2025\/09\/sdc11997-600x600.jpg 600w, https:\/\/www.eyas-flatware.com\/wp-content\/uploads\/2025\/09\/sdc11997-100x100.jpg 100w\" sizes=\"(max-width: 1772px) 100vw, 1772px\" \/><\/p>\n<p><img loading=\"lazy\" decoding=\"async\" class=\"size-full wp-image-3998\" src=\"https:\/\/www.eyas-flatware.com\/wp-content\/uploads\/2025\/09\/sdc12000.jpg\" alt=\"Gro\u00dfhandel Herstellung Messer L\u00f6ffel Gabel K\u00fcche Restaurant Kunststoffgriff Besteck Set Edelstahl Besteck Set\" width=\"1772\" height=\"1772\" srcset=\"https:\/\/www.eyas-flatware.com\/wp-content\/uploads\/2025\/09\/sdc12000.jpg 1772w, https:\/\/www.eyas-flatware.com\/wp-content\/uploads\/2025\/09\/sdc12000-300x300.jpg 300w, https:\/\/www.eyas-flatware.com\/wp-content\/uploads\/2025\/09\/sdc12000-1024x1024.jpg 1024w, https:\/\/www.eyas-flatware.com\/wp-content\/uploads\/2025\/09\/sdc12000-150x150.jpg 150w, https:\/\/www.eyas-flatware.com\/wp-content\/uploads\/2025\/09\/sdc12000-768x768.jpg 768w, https:\/\/www.eyas-flatware.com\/wp-content\/uploads\/2025\/09\/sdc12000-1536x1536.jpg 1536w, https:\/\/www.eyas-flatware.com\/wp-content\/uploads\/2025\/09\/sdc12000-12x12.jpg 12w, https:\/\/www.eyas-flatware.com\/wp-content\/uploads\/2025\/09\/sdc12000-600x600.jpg 600w, https:\/\/www.eyas-flatware.com\/wp-content\/uploads\/2025\/09\/sdc12000-100x100.jpg 100w\" sizes=\"(max-width: 1772px) 100vw, 1772px\" \/><\/p>\n<p><img loading=\"lazy\" decoding=\"async\" class=\"size-full wp-image-3992\" src=\"https:\/\/www.eyas-flatware.com\/wp-content\/uploads\/2025\/09\/hq271.jpg\" alt=\"Gro\u00dfhandel Herstellung Messer L\u00f6ffel Gabel K\u00fcche Restaurant Kunststoffgriff Besteck Set Edelstahl Besteck Set\" width=\"1063\" height=\"1063\" srcset=\"https:\/\/www.eyas-flatware.com\/wp-content\/uploads\/2025\/09\/hq271.jpg 1063w, https:\/\/www.eyas-flatware.com\/wp-content\/uploads\/2025\/09\/hq271-300x300.jpg 300w, https:\/\/www.eyas-flatware.com\/wp-content\/uploads\/2025\/09\/hq271-1024x1024.jpg 1024w, https:\/\/www.eyas-flatware.com\/wp-content\/uploads\/2025\/09\/hq271-150x150.jpg 150w, https:\/\/www.eyas-flatware.com\/wp-content\/uploads\/2025\/09\/hq271-768x768.jpg 768w, https:\/\/www.eyas-flatware.com\/wp-content\/uploads\/2025\/09\/hq271-12x12.jpg 12w, https:\/\/www.eyas-flatware.com\/wp-content\/uploads\/2025\/09\/hq271-600x600.jpg 600w, https:\/\/www.eyas-flatware.com\/wp-content\/uploads\/2025\/09\/hq271-100x100.jpg 100w\" sizes=\"(max-width: 1063px) 100vw, 1063px\" \/><\/p>\n<p><img loading=\"lazy\" decoding=\"async\" class=\"size-full wp-image-3993\" src=\"https:\/\/www.eyas-flatware.com\/wp-content\/uploads\/2025\/09\/qq\u56fe\u724720151124165113.jpg\" alt=\"Gro\u00dfhandel Herstellung Messer L\u00f6ffel Gabel K\u00fcche Restaurant Kunststoffgriff Besteck Set Edelstahl Besteck Set\" width=\"709\" height=\"709\" srcset=\"https:\/\/www.eyas-flatware.com\/wp-content\/uploads\/2025\/09\/qq\u56fe\u724720151124165113.jpg 709w, https:\/\/www.eyas-flatware.com\/wp-content\/uploads\/2025\/09\/qq\u56fe\u724720151124165113-300x300.jpg 300w, https:\/\/www.eyas-flatware.com\/wp-content\/uploads\/2025\/09\/qq\u56fe\u724720151124165113-150x150.jpg 150w, https:\/\/www.eyas-flatware.com\/wp-content\/uploads\/2025\/09\/qq\u56fe\u724720151124165113-12x12.jpg 12w, https:\/\/www.eyas-flatware.com\/wp-content\/uploads\/2025\/09\/qq\u56fe\u724720151124165113-600x600.jpg 600w, https:\/\/www.eyas-flatware.com\/wp-content\/uploads\/2025\/09\/qq\u56fe\u724720151124165113-100x100.jpg 100w\" sizes=\"(max-width: 709px) 100vw, 709px\" \/><\/p>\n<p><img loading=\"lazy\" decoding=\"async\" class=\"size-full wp-image-3994\" src=\"https:\/\/www.eyas-flatware.com\/wp-content\/uploads\/2025\/09\/sdc11990.jpg\" alt=\"Gro\u00dfhandel Herstellung Messer L\u00f6ffel Gabel K\u00fcche Restaurant Kunststoffgriff Besteck Set Edelstahl Besteck Set\" width=\"1277\" height=\"1890\" srcset=\"https:\/\/www.eyas-flatware.com\/wp-content\/uploads\/2025\/09\/sdc11990.jpg 1277w, https:\/\/www.eyas-flatware.com\/wp-content\/uploads\/2025\/09\/sdc11990-203x300.jpg 203w, https:\/\/www.eyas-flatware.com\/wp-content\/uploads\/2025\/09\/sdc11990-692x1024.jpg 692w, https:\/\/www.eyas-flatware.com\/wp-content\/uploads\/2025\/09\/sdc11990-768x1137.jpg 768w, https:\/\/www.eyas-flatware.com\/wp-content\/uploads\/2025\/09\/sdc11990-1038x1536.jpg 1038w, https:\/\/www.eyas-flatware.com\/wp-content\/uploads\/2025\/09\/sdc11990-8x12.jpg 8w, https:\/\/www.eyas-flatware.com\/wp-content\/uploads\/2025\/09\/sdc11990-600x888.jpg 600w\" sizes=\"(max-width: 1277px) 100vw, 1277px\" \/><\/p>\n<p><img loading=\"lazy\" decoding=\"async\" class=\"size-full wp-image-3991\" src=\"https:\/\/www.eyas-flatware.com\/wp-content\/uploads\/2025\/09\/dsc6g307-scaled.jpg\" alt=\"Gro\u00dfhandel Herstellung Messer L\u00f6ffel Gabel K\u00fcche Restaurant Kunststoffgriff Besteck Set Edelstahl Besteck Set\" width=\"2560\" height=\"2560\" srcset=\"https:\/\/www.eyas-flatware.com\/wp-content\/uploads\/2025\/09\/dsc6g307-scaled.jpg 2560w, https:\/\/www.eyas-flatware.com\/wp-content\/uploads\/2025\/09\/dsc6g307-300x300.jpg 300w, https:\/\/www.eyas-flatware.com\/wp-content\/uploads\/2025\/09\/dsc6g307-1024x1024.jpg 1024w, https:\/\/www.eyas-flatware.com\/wp-content\/uploads\/2025\/09\/dsc6g307-150x150.jpg 150w, https:\/\/www.eyas-flatware.com\/wp-content\/uploads\/2025\/09\/dsc6g307-768x768.jpg 768w, https:\/\/www.eyas-flatware.com\/wp-content\/uploads\/2025\/09\/dsc6g307-1536x1536.jpg 1536w, https:\/\/www.eyas-flatware.com\/wp-content\/uploads\/2025\/09\/dsc6g307-2048x2048.jpg 2048w, https:\/\/www.eyas-flatware.com\/wp-content\/uploads\/2025\/09\/dsc6g307-12x12.jpg 12w, https:\/\/www.eyas-flatware.com\/wp-content\/uploads\/2025\/09\/dsc6g307-600x600.jpg 600w, https:\/\/www.eyas-flatware.com\/wp-content\/uploads\/2025\/09\/dsc6g307-100x100.jpg 100w\" sizes=\"(max-width: 2560px) 100vw, 2560px\" \/><\/p>\n<p>&nbsp;<\/p>\n<p>&nbsp;<\/p>\n<p>&nbsp;<\/p>\n<p>&nbsp;<\/p>\n<p>&nbsp;<\/p>\n<p>&nbsp;<\/p>\n<p>&nbsp;<\/p>\n<p>&nbsp;<\/p>\n<p>&nbsp;<\/p>\n<p>&nbsp;<\/p>\n<p>&nbsp;<\/p>\n<p>&nbsp;<\/p>\n<p>&nbsp;<\/p>\n<p>&nbsp;<\/p>\n<p>&nbsp;<\/p>\n<div class=\"mceTemp\"><\/div>\n<p>&nbsp;<\/p>\n<p>&nbsp;<\/p>\n<p>&nbsp;<\/p>\n<p>&nbsp;<\/p>\n<p>&nbsp;<\/p>\n<p>&nbsp;<\/p>\n<p>&nbsp;<\/p>\n<p>&nbsp;<\/p>\n<p>&nbsp;<\/p>\n<p>&nbsp;<\/p>\n<p>&nbsp;<\/p>\n<p>&nbsp;<\/p>\n<p>&nbsp;<\/p>\n<p>&nbsp;<\/p>\n<p>&nbsp;<\/p>\n<p>&nbsp;<\/p>\n<p>&nbsp;<\/p>\n<p>&nbsp;<\/p>\n<p>&nbsp;<\/p>\n<p>&nbsp;<\/p>\n<p>&nbsp;<\/p>\n<p>&nbsp;<\/p>\n<p>&nbsp;<\/p>\n<p>&nbsp;<\/p>\n<p>&nbsp;<\/p>\n<p>&nbsp;<\/p>\n<p>&nbsp;<\/p>\n<p>&nbsp;<\/p>\n<p>&nbsp;<\/p>\n<p>&nbsp;<\/p>\n<p>&nbsp;<\/p>\n<p>&nbsp;<\/p>\n<p>&nbsp;<\/p>\n<p>&nbsp;<\/p>\n<p>&nbsp;<\/p>\n<p>&nbsp;<\/p>\n<p>&nbsp;<\/p>\n<p>&nbsp;<\/p>\n<p>&nbsp;<\/p>\n<p>&nbsp;<\/p>\n<p>&nbsp;<\/p>\n<p>&nbsp;<\/p>\n<p>&nbsp;<\/p>\n<p>&nbsp;<\/p>\n<p>&nbsp;<\/p>\n<p>&nbsp;<\/p>\n<p>&nbsp;<\/p>\n<p>&nbsp;<\/p>\n<p>&nbsp;<\/p>\n<p>&nbsp;<\/p>\n<p>&nbsp;<\/p>\n<p>&nbsp;<\/p>\n<p>&nbsp;<\/p>\n<p>&nbsp;<\/p>","protected":false},"excerpt":{"rendered":"<p>&nbsp; &nbsp; &nbsp; &nbsp; &nbsp; &nbsp; &nbsp; &nbsp; &nbsp; &nbsp; &nbsp; &nbsp; &nbsp; &nbsp; &nbsp; &nbsp; &nbsp; &nbsp; &nbsp; &nbsp; &nbsp; &nbsp; &nbsp; &nbsp; &nbsp; &nbsp; &nbsp; &nbsp; &nbsp; &nbsp; &nbsp; &nbsp; &nbsp; &nbsp; &nbsp; &nbsp; &nbsp; &nbsp; &nbsp; &nbsp; &nbsp; &nbsp; &nbsp; &nbsp; &nbsp; &nbsp; &nbsp; &nbsp; &nbsp; &nbsp; &nbsp; &nbsp; &nbsp; &nbsp; &nbsp; [&hellip;]<\/p>","protected":false},"featured_media":3997,"comment_status":"open","ping_status":"closed","template":"","meta":{"_seopress_robots_primary_cat":"none","_seopress_titles_title":"","_seopress_titles_desc":"","_seopress_robots_index":""},"product_brand":[],"product_cat":[49],"product_tag":[],"class_list":{"0":"post-3990","1":"product","2":"type-product","3":"status-publish","4":"has-post-thumbnail","6":"product_cat-half-tang-cutlery","8":"first","9":"instock","10":"shipping-taxable","11":"product-type-simple"},"_links":{"self":[{"href":"https:\/\/www.eyas-flatware.com\/de\/wp-json\/wp\/v2\/product\/3990","targetHints":{"allow":["GET"]}}],"collection":[{"href":"https:\/\/www.eyas-flatware.com\/de\/wp-json\/wp\/v2\/product"}],"about":[{"href":"https:\/\/www.eyas-flatware.com\/de\/wp-json\/wp\/v2\/types\/product"}],"replies":[{"embeddable":true,"href":"https:\/\/www.eyas-flatware.com\/de\/wp-json\/wp\/v2\/comments?post=3990"}],"wp:featuredmedia":[{"embeddable":true,"href":"https:\/\/www.eyas-flatware.com\/de\/wp-json\/wp\/v2\/media\/3997"}],"wp:attachment":[{"href":"https:\/\/www.eyas-flatware.com\/de\/wp-json\/wp\/v2\/media?parent=3990"}],"wp:term":[{"taxonomy":"product_brand","embeddable":true,"href":"https:\/\/www.eyas-flatware.com\/de\/wp-json\/wp\/v2\/product_brand?post=3990"},{"taxonomy":"product_cat","embeddable":true,"href":"https:\/\/www.eyas-flatware.com\/de\/wp-json\/wp\/v2\/product_cat?post=3990"},{"taxonomy":"product_tag","embeddable":true,"href":"https:\/\/www.eyas-flatware.com\/de\/wp-json\/wp\/v2\/product_tag?post=3990"}],"curies":[{"name":"wp","href":"https:\/\/api.w.org\/{rel}","templated":true}]}}