{"id":3877,"date":"2025-09-24T06:58:13","date_gmt":"2025-09-24T06:58:13","guid":{"rendered":"https:\/\/www.eyas-flatware.com\/?post_type=product&#038;p=3877"},"modified":"2025-09-26T03:41:44","modified_gmt":"2025-09-26T03:41:44","slug":"fabrik-groshandel-edelstahl-supermarkt-forderung-kunststoffgriff-besteck-set-24pcs-loffel-gabel-messer-teeloffel-3","status":"publish","type":"product","link":"https:\/\/www.eyas-flatware.com\/de\/produkt\/fabrik-groshandel-edelstahl-supermarkt-forderung-kunststoffgriff-besteck-set-24pcs-loffel-gabel-messer-teeloffel-3\/","title":{"rendered":"Fabrik Gro\u00dfhandel Edelstahl Supermarkt F\u00f6rderung Kunststoffgriff Besteck Set 24pcs L\u00f6ffel Gabel Messer Teel\u00f6ffel"},"content":{"rendered":"<p><img fetchpriority=\"high\" decoding=\"async\" class=\"aligncenter size-full wp-image-3880\" src=\"https:\/\/www.eyas-flatware.com\/wp-content\/uploads\/2025\/09\/4-2.png\" alt=\"\" width=\"640\" height=\"640\" srcset=\"https:\/\/www.eyas-flatware.com\/wp-content\/uploads\/2025\/09\/4-2.png 640w, https:\/\/www.eyas-flatware.com\/wp-content\/uploads\/2025\/09\/4-2-300x300.png 300w, https:\/\/www.eyas-flatware.com\/wp-content\/uploads\/2025\/09\/4-2-150x150.png 150w, https:\/\/www.eyas-flatware.com\/wp-content\/uploads\/2025\/09\/4-2-12x12.png 12w, https:\/\/www.eyas-flatware.com\/wp-content\/uploads\/2025\/09\/4-2-600x600.png 600w, https:\/\/www.eyas-flatware.com\/wp-content\/uploads\/2025\/09\/4-2-100x100.png 100w\" sizes=\"(max-width: 640px) 100vw, 640px\" \/> <img decoding=\"async\" class=\"aligncenter size-full wp-image-3881\" src=\"https:\/\/www.eyas-flatware.com\/wp-content\/uploads\/2025\/09\/5-1.png\" alt=\"\" width=\"640\" height=\"640\" srcset=\"https:\/\/www.eyas-flatware.com\/wp-content\/uploads\/2025\/09\/5-1.png 640w, https:\/\/www.eyas-flatware.com\/wp-content\/uploads\/2025\/09\/5-1-300x300.png 300w, https:\/\/www.eyas-flatware.com\/wp-content\/uploads\/2025\/09\/5-1-150x150.png 150w, https:\/\/www.eyas-flatware.com\/wp-content\/uploads\/2025\/09\/5-1-12x12.png 12w, https:\/\/www.eyas-flatware.com\/wp-content\/uploads\/2025\/09\/5-1-600x600.png 600w, https:\/\/www.eyas-flatware.com\/wp-content\/uploads\/2025\/09\/5-1-100x100.png 100w\" sizes=\"(max-width: 640px) 100vw, 640px\" \/> <img decoding=\"async\" class=\"aligncenter size-full wp-image-3882\" src=\"https:\/\/www.eyas-flatware.com\/wp-content\/uploads\/2025\/09\/hq207.jpg\" alt=\"\" width=\"1181\" height=\"1181\" srcset=\"https:\/\/www.eyas-flatware.com\/wp-content\/uploads\/2025\/09\/hq207.jpg 1181w, https:\/\/www.eyas-flatware.com\/wp-content\/uploads\/2025\/09\/hq207-300x300.jpg 300w, https:\/\/www.eyas-flatware.com\/wp-content\/uploads\/2025\/09\/hq207-1024x1024.jpg 1024w, https:\/\/www.eyas-flatware.com\/wp-content\/uploads\/2025\/09\/hq207-150x150.jpg 150w, https:\/\/www.eyas-flatware.com\/wp-content\/uploads\/2025\/09\/hq207-768x768.jpg 768w, https:\/\/www.eyas-flatware.com\/wp-content\/uploads\/2025\/09\/hq207-12x12.jpg 12w, https:\/\/www.eyas-flatware.com\/wp-content\/uploads\/2025\/09\/hq207-600x600.jpg 600w, https:\/\/www.eyas-flatware.com\/wp-content\/uploads\/2025\/09\/hq207-100x100.jpg 100w\" sizes=\"(max-width: 1181px) 100vw, 1181px\" \/> <img loading=\"lazy\" decoding=\"async\" class=\"aligncenter size-full wp-image-3879\" src=\"https:\/\/www.eyas-flatware.com\/wp-content\/uploads\/2025\/09\/3-2.png\" alt=\"\" width=\"640\" height=\"640\" srcset=\"https:\/\/www.eyas-flatware.com\/wp-content\/uploads\/2025\/09\/3-2.png 640w, https:\/\/www.eyas-flatware.com\/wp-content\/uploads\/2025\/09\/3-2-300x300.png 300w, https:\/\/www.eyas-flatware.com\/wp-content\/uploads\/2025\/09\/3-2-150x150.png 150w, https:\/\/www.eyas-flatware.com\/wp-content\/uploads\/2025\/09\/3-2-12x12.png 12w, https:\/\/www.eyas-flatware.com\/wp-content\/uploads\/2025\/09\/3-2-600x600.png 600w, https:\/\/www.eyas-flatware.com\/wp-content\/uploads\/2025\/09\/3-2-100x100.png 100w\" sizes=\"(max-width: 640px) 100vw, 640px\" \/><\/p>\n<p>&nbsp;<\/p>\n<p>&nbsp;<\/p>\n<p>&nbsp;<\/p>\n<p>&nbsp;<\/p>\n<p>&nbsp;<\/p>\n<p>&nbsp;<\/p>\n<p>&nbsp;<\/p>\n<p>&nbsp;<\/p>\n<p>&nbsp;<\/p>\n<p>&nbsp;<\/p>\n<p>&nbsp;<\/p>\n<p>&nbsp;<\/p>\n<p>&nbsp;<\/p>\n<p>&nbsp;<\/p>\n<p>&nbsp;<\/p>\n<p>&nbsp;<\/p>\n<p>&nbsp;<\/p>\n<p>&nbsp;<\/p>","protected":false},"excerpt":{"rendered":"<p>&nbsp; &nbsp; &nbsp; &nbsp; &nbsp; &nbsp; &nbsp; &nbsp; &nbsp; &nbsp; &nbsp; &nbsp; &nbsp; &nbsp; &nbsp; &nbsp; &nbsp; &nbsp;<\/p>","protected":false},"featured_media":3880,"comment_status":"open","ping_status":"closed","template":"","meta":{"_seopress_robots_primary_cat":"none","_seopress_titles_title":"","_seopress_titles_desc":"","_seopress_robots_index":""},"product_brand":[],"product_cat":[49],"product_tag":[],"class_list":{"0":"post-3877","1":"product","2":"type-product","3":"status-publish","4":"has-post-thumbnail","6":"product_cat-half-tang-cutlery","8":"first","9":"instock","10":"shipping-taxable","11":"product-type-simple"},"_links":{"self":[{"href":"https:\/\/www.eyas-flatware.com\/de\/wp-json\/wp\/v2\/product\/3877","targetHints":{"allow":["GET"]}}],"collection":[{"href":"https:\/\/www.eyas-flatware.com\/de\/wp-json\/wp\/v2\/product"}],"about":[{"href":"https:\/\/www.eyas-flatware.com\/de\/wp-json\/wp\/v2\/types\/product"}],"replies":[{"embeddable":true,"href":"https:\/\/www.eyas-flatware.com\/de\/wp-json\/wp\/v2\/comments?post=3877"}],"wp:featuredmedia":[{"embeddable":true,"href":"https:\/\/www.eyas-flatware.com\/de\/wp-json\/wp\/v2\/media\/3880"}],"wp:attachment":[{"href":"https:\/\/www.eyas-flatware.com\/de\/wp-json\/wp\/v2\/media?parent=3877"}],"wp:term":[{"taxonomy":"product_brand","embeddable":true,"href":"https:\/\/www.eyas-flatware.com\/de\/wp-json\/wp\/v2\/product_brand?post=3877"},{"taxonomy":"product_cat","embeddable":true,"href":"https:\/\/www.eyas-flatware.com\/de\/wp-json\/wp\/v2\/product_cat?post=3877"},{"taxonomy":"product_tag","embeddable":true,"href":"https:\/\/www.eyas-flatware.com\/de\/wp-json\/wp\/v2\/product_tag?post=3877"}],"curies":[{"name":"wp","href":"https:\/\/api.w.org\/{rel}","templated":true}]}}