{"id":3748,"date":"2025-09-19T06:43:25","date_gmt":"2025-09-19T06:43:25","guid":{"rendered":"https:\/\/www.eyas-flatware.com\/?post_type=product&#038;p=3748"},"modified":"2025-09-26T03:53:21","modified_gmt":"2025-09-26T03:53:21","slug":"fabrik-groshandel-edelstahl-supermarkt-forderung-kunststoffgriff-besteck-set-24pcs-loffel-gabel-messer-teeloffel","status":"publish","type":"product","link":"https:\/\/www.eyas-flatware.com\/de\/produkt\/fabrik-groshandel-edelstahl-supermarkt-forderung-kunststoffgriff-besteck-set-24pcs-loffel-gabel-messer-teeloffel\/","title":{"rendered":"Fabrik Gro\u00dfhandel Edelstahl Supermarkt F\u00f6rderung Kunststoffgriff Besteck Set 24pcs L\u00f6ffel Gabel Messer Teel\u00f6ffel"},"content":{"rendered":"<p>&nbsp;<\/p>\n<p>&nbsp;<\/p>\n<p>&nbsp;<\/p>\n<p>&nbsp;<\/p>\n<p>&nbsp;<\/p>\n<p><img fetchpriority=\"high\" decoding=\"async\" class=\"size-full wp-image-3752\" src=\"https:\/\/www.eyas-flatware.com\/wp-content\/uploads\/2025\/09\/hq54-1.jpg\" alt=\"Edelstahlgeschirr 24tlg. L\u00f6ffel Messer Gabel Multifunktionsbesteck mit Kunststoffgriff (\u590d\u5236)\" width=\"1654\" height=\"1654\" srcset=\"https:\/\/www.eyas-flatware.com\/wp-content\/uploads\/2025\/09\/hq54-1.jpg 1654w, https:\/\/www.eyas-flatware.com\/wp-content\/uploads\/2025\/09\/hq54-1-300x300.jpg 300w, https:\/\/www.eyas-flatware.com\/wp-content\/uploads\/2025\/09\/hq54-1-1024x1024.jpg 1024w, https:\/\/www.eyas-flatware.com\/wp-content\/uploads\/2025\/09\/hq54-1-150x150.jpg 150w, https:\/\/www.eyas-flatware.com\/wp-content\/uploads\/2025\/09\/hq54-1-768x768.jpg 768w, https:\/\/www.eyas-flatware.com\/wp-content\/uploads\/2025\/09\/hq54-1-1536x1536.jpg 1536w, https:\/\/www.eyas-flatware.com\/wp-content\/uploads\/2025\/09\/hq54-1-12x12.jpg 12w, https:\/\/www.eyas-flatware.com\/wp-content\/uploads\/2025\/09\/hq54-1-600x600.jpg 600w, https:\/\/www.eyas-flatware.com\/wp-content\/uploads\/2025\/09\/hq54-1-100x100.jpg 100w\" sizes=\"(max-width: 1654px) 100vw, 1654px\" \/><\/p>\n<p><img decoding=\"async\" class=\"size-full wp-image-3749\" src=\"https:\/\/www.eyas-flatware.com\/wp-content\/uploads\/2025\/09\/2-2-scaled.jpg\" alt=\"Edelstahlgeschirr 24tlg. L\u00f6ffel Messer Gabel Multifunktionsbesteck mit Kunststoffgriff (\u590d\u5236)\" width=\"2560\" height=\"2560\" srcset=\"https:\/\/www.eyas-flatware.com\/wp-content\/uploads\/2025\/09\/2-2-scaled.jpg 2560w, https:\/\/www.eyas-flatware.com\/wp-content\/uploads\/2025\/09\/2-2-300x300.jpg 300w, https:\/\/www.eyas-flatware.com\/wp-content\/uploads\/2025\/09\/2-2-1024x1024.jpg 1024w, https:\/\/www.eyas-flatware.com\/wp-content\/uploads\/2025\/09\/2-2-150x150.jpg 150w, https:\/\/www.eyas-flatware.com\/wp-content\/uploads\/2025\/09\/2-2-768x768.jpg 768w, https:\/\/www.eyas-flatware.com\/wp-content\/uploads\/2025\/09\/2-2-1536x1536.jpg 1536w, https:\/\/www.eyas-flatware.com\/wp-content\/uploads\/2025\/09\/2-2-2048x2048.jpg 2048w, https:\/\/www.eyas-flatware.com\/wp-content\/uploads\/2025\/09\/2-2-12x12.jpg 12w, https:\/\/www.eyas-flatware.com\/wp-content\/uploads\/2025\/09\/2-2-600x600.jpg 600w, https:\/\/www.eyas-flatware.com\/wp-content\/uploads\/2025\/09\/2-2-100x100.jpg 100w\" sizes=\"(max-width: 2560px) 100vw, 2560px\" \/><\/p>\n<p><img decoding=\"async\" class=\"size-full wp-image-3750\" src=\"https:\/\/www.eyas-flatware.com\/wp-content\/uploads\/2025\/09\/5-3-scaled.jpg\" alt=\"Edelstahlgeschirr 24tlg. L\u00f6ffel Messer Gabel Multifunktionsbesteck mit Kunststoffgriff (\u590d\u5236)\" width=\"2560\" height=\"2560\" srcset=\"https:\/\/www.eyas-flatware.com\/wp-content\/uploads\/2025\/09\/5-3-scaled.jpg 2560w, https:\/\/www.eyas-flatware.com\/wp-content\/uploads\/2025\/09\/5-3-300x300.jpg 300w, https:\/\/www.eyas-flatware.com\/wp-content\/uploads\/2025\/09\/5-3-1024x1024.jpg 1024w, https:\/\/www.eyas-flatware.com\/wp-content\/uploads\/2025\/09\/5-3-150x150.jpg 150w, https:\/\/www.eyas-flatware.com\/wp-content\/uploads\/2025\/09\/5-3-768x768.jpg 768w, https:\/\/www.eyas-flatware.com\/wp-content\/uploads\/2025\/09\/5-3-1536x1536.jpg 1536w, https:\/\/www.eyas-flatware.com\/wp-content\/uploads\/2025\/09\/5-3-2048x2048.jpg 2048w, https:\/\/www.eyas-flatware.com\/wp-content\/uploads\/2025\/09\/5-3-12x12.jpg 12w, https:\/\/www.eyas-flatware.com\/wp-content\/uploads\/2025\/09\/5-3-600x600.jpg 600w, https:\/\/www.eyas-flatware.com\/wp-content\/uploads\/2025\/09\/5-3-100x100.jpg 100w\" sizes=\"(max-width: 2560px) 100vw, 2560px\" \/><\/p>\n<p><img loading=\"lazy\" decoding=\"async\" class=\"size-full wp-image-3751\" src=\"https:\/\/www.eyas-flatware.com\/wp-content\/uploads\/2025\/09\/6-scaled.jpg\" alt=\"Edelstahlgeschirr 24tlg. L\u00f6ffel Messer Gabel Multifunktionsbesteck mit Kunststoffgriff (\u590d\u5236)\" width=\"2560\" height=\"2560\" srcset=\"https:\/\/www.eyas-flatware.com\/wp-content\/uploads\/2025\/09\/6-scaled.jpg 2560w, https:\/\/www.eyas-flatware.com\/wp-content\/uploads\/2025\/09\/6-300x300.jpg 300w, https:\/\/www.eyas-flatware.com\/wp-content\/uploads\/2025\/09\/6-1024x1024.jpg 1024w, https:\/\/www.eyas-flatware.com\/wp-content\/uploads\/2025\/09\/6-150x150.jpg 150w, https:\/\/www.eyas-flatware.com\/wp-content\/uploads\/2025\/09\/6-768x768.jpg 768w, https:\/\/www.eyas-flatware.com\/wp-content\/uploads\/2025\/09\/6-1536x1536.jpg 1536w, https:\/\/www.eyas-flatware.com\/wp-content\/uploads\/2025\/09\/6-2048x2048.jpg 2048w, https:\/\/www.eyas-flatware.com\/wp-content\/uploads\/2025\/09\/6-12x12.jpg 12w, https:\/\/www.eyas-flatware.com\/wp-content\/uploads\/2025\/09\/6-600x600.jpg 600w, https:\/\/www.eyas-flatware.com\/wp-content\/uploads\/2025\/09\/6-100x100.jpg 100w\" sizes=\"(max-width: 2560px) 100vw, 2560px\" \/><\/p>\n<p>&nbsp;<\/p>\n<p>&nbsp;<\/p>\n<p>&nbsp;<\/p>\n<p>&nbsp;<\/p>\n<p>&nbsp;<\/p>\n<p>&nbsp;<\/p>\n<p>&nbsp;<\/p>\n<p>&nbsp;<\/p>\n<p>&nbsp;<\/p>\n<p>&nbsp;<\/p>\n<p>&nbsp;<\/p>","protected":false},"excerpt":{"rendered":"<p>&nbsp; &nbsp; &nbsp; &nbsp; &nbsp; &nbsp; &nbsp; &nbsp; &nbsp; &nbsp; &nbsp; &nbsp; &nbsp; &nbsp; &nbsp; &nbsp;<\/p>","protected":false},"featured_media":3752,"comment_status":"open","ping_status":"closed","template":"","meta":{"_seopress_robots_primary_cat":"none","_seopress_titles_title":"","_seopress_titles_desc":"","_seopress_robots_index":""},"product_brand":[],"product_cat":[49],"product_tag":[],"class_list":{"0":"post-3748","1":"product","2":"type-product","3":"status-publish","4":"has-post-thumbnail","6":"product_cat-half-tang-cutlery","8":"first","9":"instock","10":"shipping-taxable","11":"product-type-simple"},"_links":{"self":[{"href":"https:\/\/www.eyas-flatware.com\/de\/wp-json\/wp\/v2\/product\/3748","targetHints":{"allow":["GET"]}}],"collection":[{"href":"https:\/\/www.eyas-flatware.com\/de\/wp-json\/wp\/v2\/product"}],"about":[{"href":"https:\/\/www.eyas-flatware.com\/de\/wp-json\/wp\/v2\/types\/product"}],"replies":[{"embeddable":true,"href":"https:\/\/www.eyas-flatware.com\/de\/wp-json\/wp\/v2\/comments?post=3748"}],"wp:featuredmedia":[{"embeddable":true,"href":"https:\/\/www.eyas-flatware.com\/de\/wp-json\/wp\/v2\/media\/3752"}],"wp:attachment":[{"href":"https:\/\/www.eyas-flatware.com\/de\/wp-json\/wp\/v2\/media?parent=3748"}],"wp:term":[{"taxonomy":"product_brand","embeddable":true,"href":"https:\/\/www.eyas-flatware.com\/de\/wp-json\/wp\/v2\/product_brand?post=3748"},{"taxonomy":"product_cat","embeddable":true,"href":"https:\/\/www.eyas-flatware.com\/de\/wp-json\/wp\/v2\/product_cat?post=3748"},{"taxonomy":"product_tag","embeddable":true,"href":"https:\/\/www.eyas-flatware.com\/de\/wp-json\/wp\/v2\/product_tag?post=3748"}],"curies":[{"name":"wp","href":"https:\/\/api.w.org\/{rel}","templated":true}]}}