{"id":2865,"date":"2025-08-12T08:43:13","date_gmt":"2025-08-12T08:43:13","guid":{"rendered":"https:\/\/www.eyas-flatware.com\/?post_type=product&#038;p=2865"},"modified":"2025-08-12T08:46:27","modified_gmt":"2025-08-12T08:46:27","slug":"hohe-qualitat-groshandel-restaurant-silber-besteck-setzt-edelstahl-besteck-rot-harz-griff-fur-westliche-hochzeit-abendessen","status":"publish","type":"product","link":"https:\/\/www.eyas-flatware.com\/de\/produkt\/hohe-qualitat-groshandel-restaurant-silber-besteck-setzt-edelstahl-besteck-rot-harz-griff-fur-westliche-hochzeit-abendessen\/","title":{"rendered":"Hohe Qualit\u00e4t Gro\u00dfhandel Restaurant Silber Besteck Sets Edelstahl Besteck rot Harz Griff f\u00fcr westliche Hochzeit Abendessen"},"content":{"rendered":"<p><img fetchpriority=\"high\" decoding=\"async\" class=\"aligncenter size-full wp-image-2866\" src=\"https:\/\/www.eyas-flatware.com\/wp-content\/uploads\/2025\/08\/hq704-1.jpg\" alt=\"hohe Qualit\u00e4t Gro\u00dfhandel Restaurant Silber Besteck setzt Edelstahl Besteck rot Harz Griff f\u00fcr westliche Hochzeit Abendessen\" width=\"800\" height=\"800\" srcset=\"https:\/\/www.eyas-flatware.com\/wp-content\/uploads\/2025\/08\/hq704-1.jpg 800w, https:\/\/www.eyas-flatware.com\/wp-content\/uploads\/2025\/08\/hq704-1-300x300.jpg 300w, https:\/\/www.eyas-flatware.com\/wp-content\/uploads\/2025\/08\/hq704-1-150x150.jpg 150w, https:\/\/www.eyas-flatware.com\/wp-content\/uploads\/2025\/08\/hq704-1-768x768.jpg 768w, https:\/\/www.eyas-flatware.com\/wp-content\/uploads\/2025\/08\/hq704-1-12x12.jpg 12w, https:\/\/www.eyas-flatware.com\/wp-content\/uploads\/2025\/08\/hq704-1-600x600.jpg 600w, https:\/\/www.eyas-flatware.com\/wp-content\/uploads\/2025\/08\/hq704-1-100x100.jpg 100w\" sizes=\"(max-width: 800px) 100vw, 800px\" \/><\/p>\n<p><img decoding=\"async\" class=\"aligncenter size-full wp-image-2867\" src=\"https:\/\/www.eyas-flatware.com\/wp-content\/uploads\/2025\/08\/hq704-2.jpg\" alt=\"hohe Qualit\u00e4t Gro\u00dfhandel Restaurant Silber Besteck setzt Edelstahl Besteck rot Harz Griff f\u00fcr westliche Hochzeit Abendessen\" width=\"800\" height=\"1200\" srcset=\"https:\/\/www.eyas-flatware.com\/wp-content\/uploads\/2025\/08\/hq704-2.jpg 800w, https:\/\/www.eyas-flatware.com\/wp-content\/uploads\/2025\/08\/hq704-2-200x300.jpg 200w, https:\/\/www.eyas-flatware.com\/wp-content\/uploads\/2025\/08\/hq704-2-683x1024.jpg 683w, https:\/\/www.eyas-flatware.com\/wp-content\/uploads\/2025\/08\/hq704-2-768x1152.jpg 768w, https:\/\/www.eyas-flatware.com\/wp-content\/uploads\/2025\/08\/hq704-2-8x12.jpg 8w, https:\/\/www.eyas-flatware.com\/wp-content\/uploads\/2025\/08\/hq704-2-600x900.jpg 600w\" sizes=\"(max-width: 800px) 100vw, 800px\" \/><\/p>","protected":false},"excerpt":{"rendered":"","protected":false},"featured_media":2866,"comment_status":"open","ping_status":"closed","template":"","meta":{"_seopress_robots_primary_cat":"none","_seopress_titles_title":"","_seopress_titles_desc":"","_seopress_robots_index":""},"product_brand":[],"product_cat":[48],"product_tag":[],"class_list":{"0":"post-2865","1":"product","2":"type-product","3":"status-publish","4":"has-post-thumbnail","6":"product_cat-plastic-handle-full-tang-cutlery","8":"first","9":"instock","10":"shipping-taxable","11":"product-type-simple"},"_links":{"self":[{"href":"https:\/\/www.eyas-flatware.com\/de\/wp-json\/wp\/v2\/product\/2865","targetHints":{"allow":["GET"]}}],"collection":[{"href":"https:\/\/www.eyas-flatware.com\/de\/wp-json\/wp\/v2\/product"}],"about":[{"href":"https:\/\/www.eyas-flatware.com\/de\/wp-json\/wp\/v2\/types\/product"}],"replies":[{"embeddable":true,"href":"https:\/\/www.eyas-flatware.com\/de\/wp-json\/wp\/v2\/comments?post=2865"}],"wp:featuredmedia":[{"embeddable":true,"href":"https:\/\/www.eyas-flatware.com\/de\/wp-json\/wp\/v2\/media\/2866"}],"wp:attachment":[{"href":"https:\/\/www.eyas-flatware.com\/de\/wp-json\/wp\/v2\/media?parent=2865"}],"wp:term":[{"taxonomy":"product_brand","embeddable":true,"href":"https:\/\/www.eyas-flatware.com\/de\/wp-json\/wp\/v2\/product_brand?post=2865"},{"taxonomy":"product_cat","embeddable":true,"href":"https:\/\/www.eyas-flatware.com\/de\/wp-json\/wp\/v2\/product_cat?post=2865"},{"taxonomy":"product_tag","embeddable":true,"href":"https:\/\/www.eyas-flatware.com\/de\/wp-json\/wp\/v2\/product_tag?post=2865"}],"curies":[{"name":"wp","href":"https:\/\/api.w.org\/{rel}","templated":true}]}}