{"id":2622,"date":"2025-08-09T02:44:59","date_gmt":"2025-08-09T02:44:59","guid":{"rendered":"https:\/\/eyas-flatware.com\/?post_type=product&#038;p=2622"},"modified":"2025-08-09T02:50:36","modified_gmt":"2025-08-09T02:50:36","slug":"konigliches-edelstahlbesteck-fur-hochzeitsparty-spiegelpolitur-heiser-verkauf-modernes-luxusgold-polieren-bestecksatz","status":"publish","type":"product","link":"https:\/\/www.eyas-flatware.com\/de\/produkt\/konigliches-edelstahlbesteck-fur-hochzeitsparty-spiegelpolitur-heiser-verkauf-modernes-luxusgold-polieren-bestecksatz\/","title":{"rendered":"Royal Edelstahl Besteck Set f\u00fcr Hochzeit Party Spiegel Polnisch Hot Sale Modern Luxus Gold Polnisch Besteck Set"},"content":{"rendered":"<p><img fetchpriority=\"high\" decoding=\"async\" class=\"aligncenter size-full wp-image-2623\" src=\"http:\/\/eyas-flatware.com\/wp-content\/uploads\/2025\/08\/hq2308-2.webp\" alt=\"k\u00f6nigliches Edelstahlbesteck f\u00fcr Hochzeitsparty Spiegelpolitur hei\u00dfer Verkauf modernes Luxusgold polieren Bestecksatz\" width=\"800\" height=\"800\" srcset=\"https:\/\/www.eyas-flatware.com\/wp-content\/uploads\/2025\/08\/hq2308-2.webp 800w, https:\/\/www.eyas-flatware.com\/wp-content\/uploads\/2025\/08\/hq2308-2-300x300.webp 300w, https:\/\/www.eyas-flatware.com\/wp-content\/uploads\/2025\/08\/hq2308-2-150x150.webp 150w, https:\/\/www.eyas-flatware.com\/wp-content\/uploads\/2025\/08\/hq2308-2-768x768.webp 768w, https:\/\/www.eyas-flatware.com\/wp-content\/uploads\/2025\/08\/hq2308-2-12x12.webp 12w, https:\/\/www.eyas-flatware.com\/wp-content\/uploads\/2025\/08\/hq2308-2-600x600.webp 600w, https:\/\/www.eyas-flatware.com\/wp-content\/uploads\/2025\/08\/hq2308-2-100x100.webp 100w\" sizes=\"(max-width: 800px) 100vw, 800px\" \/><\/p>\n<p><img decoding=\"async\" class=\"aligncenter size-full wp-image-2624\" src=\"http:\/\/eyas-flatware.com\/wp-content\/uploads\/2025\/08\/hq2308-3.webp\" alt=\"k\u00f6nigliches Edelstahlbesteck f\u00fcr Hochzeitsparty Spiegelpolitur hei\u00dfer Verkauf modernes Luxusgold polieren Bestecksatz\" width=\"800\" height=\"800\" srcset=\"https:\/\/www.eyas-flatware.com\/wp-content\/uploads\/2025\/08\/hq2308-3.webp 800w, https:\/\/www.eyas-flatware.com\/wp-content\/uploads\/2025\/08\/hq2308-3-300x300.webp 300w, https:\/\/www.eyas-flatware.com\/wp-content\/uploads\/2025\/08\/hq2308-3-150x150.webp 150w, https:\/\/www.eyas-flatware.com\/wp-content\/uploads\/2025\/08\/hq2308-3-768x768.webp 768w, https:\/\/www.eyas-flatware.com\/wp-content\/uploads\/2025\/08\/hq2308-3-12x12.webp 12w, https:\/\/www.eyas-flatware.com\/wp-content\/uploads\/2025\/08\/hq2308-3-600x600.webp 600w, https:\/\/www.eyas-flatware.com\/wp-content\/uploads\/2025\/08\/hq2308-3-100x100.webp 100w\" sizes=\"(max-width: 800px) 100vw, 800px\" \/><\/p>\n<p><img decoding=\"async\" class=\"aligncenter size-full wp-image-2625\" src=\"http:\/\/eyas-flatware.com\/wp-content\/uploads\/2025\/08\/hq2308-5.webp\" alt=\"k\u00f6nigliches Edelstahlbesteck f\u00fcr Hochzeitsparty Spiegelpolitur hei\u00dfer Verkauf modernes Luxusgold polieren Bestecksatz\" width=\"800\" height=\"800\" srcset=\"https:\/\/www.eyas-flatware.com\/wp-content\/uploads\/2025\/08\/hq2308-5.webp 800w, https:\/\/www.eyas-flatware.com\/wp-content\/uploads\/2025\/08\/hq2308-5-300x300.webp 300w, https:\/\/www.eyas-flatware.com\/wp-content\/uploads\/2025\/08\/hq2308-5-150x150.webp 150w, https:\/\/www.eyas-flatware.com\/wp-content\/uploads\/2025\/08\/hq2308-5-768x768.webp 768w, https:\/\/www.eyas-flatware.com\/wp-content\/uploads\/2025\/08\/hq2308-5-12x12.webp 12w, https:\/\/www.eyas-flatware.com\/wp-content\/uploads\/2025\/08\/hq2308-5-600x600.webp 600w, https:\/\/www.eyas-flatware.com\/wp-content\/uploads\/2025\/08\/hq2308-5-100x100.webp 100w\" sizes=\"(max-width: 800px) 100vw, 800px\" \/><\/p>","protected":false},"excerpt":{"rendered":"","protected":false},"featured_media":2623,"comment_status":"open","ping_status":"closed","template":"","meta":{"_seopress_robots_primary_cat":"none","_seopress_titles_title":"","_seopress_titles_desc":"","_seopress_robots_index":""},"product_brand":[],"product_cat":[47],"product_tag":[],"class_list":{"0":"post-2622","1":"product","2":"type-product","3":"status-publish","4":"has-post-thumbnail","6":"product_cat-colorful-full-tang-cutlery","8":"first","9":"instock","10":"shipping-taxable","11":"product-type-simple"},"_links":{"self":[{"href":"https:\/\/www.eyas-flatware.com\/de\/wp-json\/wp\/v2\/product\/2622","targetHints":{"allow":["GET"]}}],"collection":[{"href":"https:\/\/www.eyas-flatware.com\/de\/wp-json\/wp\/v2\/product"}],"about":[{"href":"https:\/\/www.eyas-flatware.com\/de\/wp-json\/wp\/v2\/types\/product"}],"replies":[{"embeddable":true,"href":"https:\/\/www.eyas-flatware.com\/de\/wp-json\/wp\/v2\/comments?post=2622"}],"wp:featuredmedia":[{"embeddable":true,"href":"https:\/\/www.eyas-flatware.com\/de\/wp-json\/wp\/v2\/media\/2623"}],"wp:attachment":[{"href":"https:\/\/www.eyas-flatware.com\/de\/wp-json\/wp\/v2\/media?parent=2622"}],"wp:term":[{"taxonomy":"product_brand","embeddable":true,"href":"https:\/\/www.eyas-flatware.com\/de\/wp-json\/wp\/v2\/product_brand?post=2622"},{"taxonomy":"product_cat","embeddable":true,"href":"https:\/\/www.eyas-flatware.com\/de\/wp-json\/wp\/v2\/product_cat?post=2622"},{"taxonomy":"product_tag","embeddable":true,"href":"https:\/\/www.eyas-flatware.com\/de\/wp-json\/wp\/v2\/product_tag?post=2622"}],"curies":[{"name":"wp","href":"https:\/\/api.w.org\/{rel}","templated":true}]}}