{"id":2620,"date":"2025-08-09T02:39:30","date_gmt":"2025-08-09T02:39:30","guid":{"rendered":"https:\/\/eyas-flatware.com\/?post_type=product&#038;p=2620"},"modified":"2025-08-09T02:44:10","modified_gmt":"2025-08-09T02:44:10","slug":"groshandel-luxus-metallbesteck-gold-silber-edelstahl-steakmesser-gabel-loffel-fur-zu-hause-oder-hochzeit-nachhaltig-fur-veranstaltungen","status":"publish","type":"product","link":"https:\/\/www.eyas-flatware.com\/de\/produkt\/groshandel-luxus-metallbesteck-gold-silber-edelstahl-steakmesser-gabel-loffel-fur-zu-hause-oder-hochzeit-nachhaltig-fur-veranstaltungen\/","title":{"rendered":"Gro\u00dfhandel Luxus Metallbesteck Gold Silber Edelstahl Steak Messer Gabel L\u00f6ffel f\u00fcr Haus oder Hochzeit Nachhaltig f\u00fcr Veranstaltungen"},"content":{"rendered":"<p><img fetchpriority=\"high\" decoding=\"async\" class=\"aligncenter size-full wp-image-2621\" src=\"http:\/\/eyas-flatware.com\/wp-content\/uploads\/2025\/08\/hq2212-2.jpg\" alt=\"Gro\u00dfhandel Luxus Metallbesteck Gold Silber Edelstahl Steakmesser Gabel L\u00f6ffel f\u00fcr zu Hause oder Hochzeit nachhaltig f\u00fcr Veranstaltungen\" width=\"800\" height=\"533\" srcset=\"https:\/\/www.eyas-flatware.com\/wp-content\/uploads\/2025\/08\/hq2212-2.jpg 800w, https:\/\/www.eyas-flatware.com\/wp-content\/uploads\/2025\/08\/hq2212-2-300x200.jpg 300w, https:\/\/www.eyas-flatware.com\/wp-content\/uploads\/2025\/08\/hq2212-2-768x512.jpg 768w, https:\/\/www.eyas-flatware.com\/wp-content\/uploads\/2025\/08\/hq2212-2-18x12.jpg 18w, https:\/\/www.eyas-flatware.com\/wp-content\/uploads\/2025\/08\/hq2212-2-600x400.jpg 600w\" sizes=\"(max-width: 800px) 100vw, 800px\" \/><\/p>","protected":false},"excerpt":{"rendered":"","protected":false},"featured_media":2621,"comment_status":"open","ping_status":"closed","template":"","meta":{"_seopress_robots_primary_cat":"none","_seopress_titles_title":"","_seopress_titles_desc":"","_seopress_robots_index":""},"product_brand":[],"product_cat":[47],"product_tag":[],"class_list":{"0":"post-2620","1":"product","2":"type-product","3":"status-publish","4":"has-post-thumbnail","6":"product_cat-colorful-full-tang-cutlery","8":"first","9":"instock","10":"shipping-taxable","11":"product-type-simple"},"_links":{"self":[{"href":"https:\/\/www.eyas-flatware.com\/de\/wp-json\/wp\/v2\/product\/2620","targetHints":{"allow":["GET"]}}],"collection":[{"href":"https:\/\/www.eyas-flatware.com\/de\/wp-json\/wp\/v2\/product"}],"about":[{"href":"https:\/\/www.eyas-flatware.com\/de\/wp-json\/wp\/v2\/types\/product"}],"replies":[{"embeddable":true,"href":"https:\/\/www.eyas-flatware.com\/de\/wp-json\/wp\/v2\/comments?post=2620"}],"wp:featuredmedia":[{"embeddable":true,"href":"https:\/\/www.eyas-flatware.com\/de\/wp-json\/wp\/v2\/media\/2621"}],"wp:attachment":[{"href":"https:\/\/www.eyas-flatware.com\/de\/wp-json\/wp\/v2\/media?parent=2620"}],"wp:term":[{"taxonomy":"product_brand","embeddable":true,"href":"https:\/\/www.eyas-flatware.com\/de\/wp-json\/wp\/v2\/product_brand?post=2620"},{"taxonomy":"product_cat","embeddable":true,"href":"https:\/\/www.eyas-flatware.com\/de\/wp-json\/wp\/v2\/product_cat?post=2620"},{"taxonomy":"product_tag","embeddable":true,"href":"https:\/\/www.eyas-flatware.com\/de\/wp-json\/wp\/v2\/product_tag?post=2620"}],"curies":[{"name":"wp","href":"https:\/\/api.w.org\/{rel}","templated":true}]}}