{"id":2594,"date":"2025-08-09T01:39:34","date_gmt":"2025-08-09T01:39:34","guid":{"rendered":"https:\/\/eyas-flatware.com\/?post_type=product&#038;p=2594"},"modified":"2025-08-09T01:45:49","modified_gmt":"2025-08-09T01:45:49","slug":"portugal-stil-edelstahl-besteck-set-fur-hochzeit-party-heiser-verkauf-in-japan-und-korea-markt-loffel-gabel-messer","status":"publish","type":"product","link":"https:\/\/www.eyas-flatware.com\/de\/produkt\/portugal-stil-edelstahl-besteck-set-fur-hochzeit-party-heiser-verkauf-in-japan-und-korea-markt-loffel-gabel-messer\/","title":{"rendered":"Portugal Style Edelstahl Besteck Set f\u00fcr Hochzeit Party Hot Sale in Japan und Korea Markt L\u00f6ffel Gabel Messer"},"content":{"rendered":"<p><img fetchpriority=\"high\" decoding=\"async\" class=\"aligncenter size-full wp-image-2597\" src=\"http:\/\/eyas-flatware.com\/wp-content\/uploads\/2025\/08\/hq409-3gold.webp\" alt=\"portugal stil edelstahl besteck set f\u00fcr hochzeit party hei\u00dfer verkauf in japan und korea markt l\u00f6ffel gabel messer\" width=\"800\" height=\"800\" srcset=\"https:\/\/www.eyas-flatware.com\/wp-content\/uploads\/2025\/08\/hq409-3gold.webp 800w, https:\/\/www.eyas-flatware.com\/wp-content\/uploads\/2025\/08\/hq409-3gold-300x300.webp 300w, https:\/\/www.eyas-flatware.com\/wp-content\/uploads\/2025\/08\/hq409-3gold-150x150.webp 150w, https:\/\/www.eyas-flatware.com\/wp-content\/uploads\/2025\/08\/hq409-3gold-768x768.webp 768w, https:\/\/www.eyas-flatware.com\/wp-content\/uploads\/2025\/08\/hq409-3gold-12x12.webp 12w, https:\/\/www.eyas-flatware.com\/wp-content\/uploads\/2025\/08\/hq409-3gold-600x600.webp 600w, https:\/\/www.eyas-flatware.com\/wp-content\/uploads\/2025\/08\/hq409-3gold-100x100.webp 100w\" sizes=\"(max-width: 800px) 100vw, 800px\" \/><\/p>\n<p><img decoding=\"async\" class=\"aligncenter size-full wp-image-2598\" src=\"http:\/\/eyas-flatware.com\/wp-content\/uploads\/2025\/08\/hq409-4-gold.webp\" alt=\"portugal stil edelstahl besteck set f\u00fcr hochzeit party hei\u00dfer verkauf in japan und korea markt l\u00f6ffel gabel messer\" width=\"800\" height=\"800\" srcset=\"https:\/\/www.eyas-flatware.com\/wp-content\/uploads\/2025\/08\/hq409-4-gold.webp 800w, https:\/\/www.eyas-flatware.com\/wp-content\/uploads\/2025\/08\/hq409-4-gold-300x300.webp 300w, https:\/\/www.eyas-flatware.com\/wp-content\/uploads\/2025\/08\/hq409-4-gold-150x150.webp 150w, https:\/\/www.eyas-flatware.com\/wp-content\/uploads\/2025\/08\/hq409-4-gold-768x768.webp 768w, https:\/\/www.eyas-flatware.com\/wp-content\/uploads\/2025\/08\/hq409-4-gold-12x12.webp 12w, https:\/\/www.eyas-flatware.com\/wp-content\/uploads\/2025\/08\/hq409-4-gold-600x600.webp 600w, https:\/\/www.eyas-flatware.com\/wp-content\/uploads\/2025\/08\/hq409-4-gold-100x100.webp 100w\" sizes=\"(max-width: 800px) 100vw, 800px\" \/><\/p>\n<p><img decoding=\"async\" class=\"aligncenter size-full wp-image-2596\" src=\"http:\/\/eyas-flatware.com\/wp-content\/uploads\/2025\/08\/hq409-2-gold.webp\" alt=\"portugal stil edelstahl besteck set f\u00fcr hochzeit party hei\u00dfer verkauf in japan und korea markt l\u00f6ffel gabel messer\" width=\"800\" height=\"800\" srcset=\"https:\/\/www.eyas-flatware.com\/wp-content\/uploads\/2025\/08\/hq409-2-gold.webp 800w, https:\/\/www.eyas-flatware.com\/wp-content\/uploads\/2025\/08\/hq409-2-gold-300x300.webp 300w, https:\/\/www.eyas-flatware.com\/wp-content\/uploads\/2025\/08\/hq409-2-gold-150x150.webp 150w, https:\/\/www.eyas-flatware.com\/wp-content\/uploads\/2025\/08\/hq409-2-gold-768x768.webp 768w, https:\/\/www.eyas-flatware.com\/wp-content\/uploads\/2025\/08\/hq409-2-gold-12x12.webp 12w, https:\/\/www.eyas-flatware.com\/wp-content\/uploads\/2025\/08\/hq409-2-gold-600x600.webp 600w, https:\/\/www.eyas-flatware.com\/wp-content\/uploads\/2025\/08\/hq409-2-gold-100x100.webp 100w\" sizes=\"(max-width: 800px) 100vw, 800px\" \/><\/p>\n<p><img loading=\"lazy\" decoding=\"async\" class=\"aligncenter size-full wp-image-2601\" src=\"http:\/\/eyas-flatware.com\/wp-content\/uploads\/2025\/08\/hq409-7-gold.webp\" alt=\"portugal stil edelstahl besteck set f\u00fcr hochzeit party hei\u00dfer verkauf in japan und korea markt l\u00f6ffel gabel messer\" width=\"800\" height=\"800\" srcset=\"https:\/\/www.eyas-flatware.com\/wp-content\/uploads\/2025\/08\/hq409-7-gold.webp 800w, https:\/\/www.eyas-flatware.com\/wp-content\/uploads\/2025\/08\/hq409-7-gold-300x300.webp 300w, https:\/\/www.eyas-flatware.com\/wp-content\/uploads\/2025\/08\/hq409-7-gold-150x150.webp 150w, https:\/\/www.eyas-flatware.com\/wp-content\/uploads\/2025\/08\/hq409-7-gold-768x768.webp 768w, https:\/\/www.eyas-flatware.com\/wp-content\/uploads\/2025\/08\/hq409-7-gold-12x12.webp 12w, https:\/\/www.eyas-flatware.com\/wp-content\/uploads\/2025\/08\/hq409-7-gold-600x600.webp 600w, https:\/\/www.eyas-flatware.com\/wp-content\/uploads\/2025\/08\/hq409-7-gold-100x100.webp 100w\" sizes=\"(max-width: 800px) 100vw, 800px\" \/><\/p>\n<p><img loading=\"lazy\" decoding=\"async\" class=\"aligncenter size-full wp-image-2599\" src=\"http:\/\/eyas-flatware.com\/wp-content\/uploads\/2025\/08\/hq409-5-gold.webp\" alt=\"portugal stil edelstahl besteck set f\u00fcr hochzeit party hei\u00dfer verkauf in japan und korea markt l\u00f6ffel gabel messer\" width=\"800\" height=\"800\" srcset=\"https:\/\/www.eyas-flatware.com\/wp-content\/uploads\/2025\/08\/hq409-5-gold.webp 800w, https:\/\/www.eyas-flatware.com\/wp-content\/uploads\/2025\/08\/hq409-5-gold-300x300.webp 300w, https:\/\/www.eyas-flatware.com\/wp-content\/uploads\/2025\/08\/hq409-5-gold-150x150.webp 150w, https:\/\/www.eyas-flatware.com\/wp-content\/uploads\/2025\/08\/hq409-5-gold-768x768.webp 768w, https:\/\/www.eyas-flatware.com\/wp-content\/uploads\/2025\/08\/hq409-5-gold-12x12.webp 12w, https:\/\/www.eyas-flatware.com\/wp-content\/uploads\/2025\/08\/hq409-5-gold-600x600.webp 600w, https:\/\/www.eyas-flatware.com\/wp-content\/uploads\/2025\/08\/hq409-5-gold-100x100.webp 100w\" sizes=\"(max-width: 800px) 100vw, 800px\" \/><\/p>\n<p><img loading=\"lazy\" decoding=\"async\" class=\"aligncenter size-full wp-image-2600\" src=\"http:\/\/eyas-flatware.com\/wp-content\/uploads\/2025\/08\/hq409-6-gold.webp\" alt=\"portugal stil edelstahl besteck set f\u00fcr hochzeit party hei\u00dfer verkauf in japan und korea markt l\u00f6ffel gabel messer\" width=\"800\" height=\"800\" srcset=\"https:\/\/www.eyas-flatware.com\/wp-content\/uploads\/2025\/08\/hq409-6-gold.webp 800w, https:\/\/www.eyas-flatware.com\/wp-content\/uploads\/2025\/08\/hq409-6-gold-300x300.webp 300w, https:\/\/www.eyas-flatware.com\/wp-content\/uploads\/2025\/08\/hq409-6-gold-150x150.webp 150w, https:\/\/www.eyas-flatware.com\/wp-content\/uploads\/2025\/08\/hq409-6-gold-768x768.webp 768w, https:\/\/www.eyas-flatware.com\/wp-content\/uploads\/2025\/08\/hq409-6-gold-12x12.webp 12w, https:\/\/www.eyas-flatware.com\/wp-content\/uploads\/2025\/08\/hq409-6-gold-600x600.webp 600w, https:\/\/www.eyas-flatware.com\/wp-content\/uploads\/2025\/08\/hq409-6-gold-100x100.webp 100w\" sizes=\"(max-width: 800px) 100vw, 800px\" \/><\/p>\n<p><img loading=\"lazy\" decoding=\"async\" class=\"aligncenter size-full wp-image-2595\" src=\"http:\/\/eyas-flatware.com\/wp-content\/uploads\/2025\/08\/hq409-1-gold.webp\" alt=\"portugal stil edelstahl besteck set f\u00fcr hochzeit party hei\u00dfer verkauf in japan und korea markt l\u00f6ffel gabel messer\" width=\"912\" height=\"912\" srcset=\"https:\/\/www.eyas-flatware.com\/wp-content\/uploads\/2025\/08\/hq409-1-gold.webp 912w, https:\/\/www.eyas-flatware.com\/wp-content\/uploads\/2025\/08\/hq409-1-gold-300x300.webp 300w, https:\/\/www.eyas-flatware.com\/wp-content\/uploads\/2025\/08\/hq409-1-gold-150x150.webp 150w, https:\/\/www.eyas-flatware.com\/wp-content\/uploads\/2025\/08\/hq409-1-gold-768x768.webp 768w, https:\/\/www.eyas-flatware.com\/wp-content\/uploads\/2025\/08\/hq409-1-gold-12x12.webp 12w, https:\/\/www.eyas-flatware.com\/wp-content\/uploads\/2025\/08\/hq409-1-gold-600x600.webp 600w, https:\/\/www.eyas-flatware.com\/wp-content\/uploads\/2025\/08\/hq409-1-gold-100x100.webp 100w\" sizes=\"(max-width: 912px) 100vw, 912px\" \/><\/p>","protected":false},"excerpt":{"rendered":"","protected":false},"featured_media":2597,"comment_status":"open","ping_status":"closed","template":"","meta":{"_seopress_robots_primary_cat":"none","_seopress_titles_title":"","_seopress_titles_desc":"","_seopress_robots_index":""},"product_brand":[],"product_cat":[47],"product_tag":[],"class_list":{"0":"post-2594","1":"product","2":"type-product","3":"status-publish","4":"has-post-thumbnail","6":"product_cat-colorful-full-tang-cutlery","8":"first","9":"instock","10":"shipping-taxable","11":"product-type-simple"},"_links":{"self":[{"href":"https:\/\/www.eyas-flatware.com\/de\/wp-json\/wp\/v2\/product\/2594","targetHints":{"allow":["GET"]}}],"collection":[{"href":"https:\/\/www.eyas-flatware.com\/de\/wp-json\/wp\/v2\/product"}],"about":[{"href":"https:\/\/www.eyas-flatware.com\/de\/wp-json\/wp\/v2\/types\/product"}],"replies":[{"embeddable":true,"href":"https:\/\/www.eyas-flatware.com\/de\/wp-json\/wp\/v2\/comments?post=2594"}],"wp:featuredmedia":[{"embeddable":true,"href":"https:\/\/www.eyas-flatware.com\/de\/wp-json\/wp\/v2\/media\/2597"}],"wp:attachment":[{"href":"https:\/\/www.eyas-flatware.com\/de\/wp-json\/wp\/v2\/media?parent=2594"}],"wp:term":[{"taxonomy":"product_brand","embeddable":true,"href":"https:\/\/www.eyas-flatware.com\/de\/wp-json\/wp\/v2\/product_brand?post=2594"},{"taxonomy":"product_cat","embeddable":true,"href":"https:\/\/www.eyas-flatware.com\/de\/wp-json\/wp\/v2\/product_cat?post=2594"},{"taxonomy":"product_tag","embeddable":true,"href":"https:\/\/www.eyas-flatware.com\/de\/wp-json\/wp\/v2\/product_tag?post=2594"}],"curies":[{"name":"wp","href":"https:\/\/api.w.org\/{rel}","templated":true}]}}