{"id":2320,"date":"2025-08-07T06:45:40","date_gmt":"2025-08-07T06:45:40","guid":{"rendered":"https:\/\/eyas-flatware.com\/?post_type=product&#038;p=2320"},"modified":"2025-08-07T06:55:02","modified_gmt":"2025-08-07T06:55:02","slug":"edelstahl-loffel-messer-benutzerdefinierte-logo-edelstahl-loffel-fur-eiscreme-kaffeeloffel-beste-qualitat-niedrigsten-preisen","status":"publish","type":"product","link":"https:\/\/www.eyas-flatware.com\/de\/produkt\/edelstahl-loffel-messer-benutzerdefinierte-logo-edelstahl-loffel-fur-eiscreme-kaffeeloffel-beste-qualitat-niedrigsten-preisen\/","title":{"rendered":"Edelstahl L\u00f6ffel Messer Benutzerdefiniertes Logo Edelstahl L\u00f6ffel f\u00fcr Eiscreme Kaffeel\u00f6ffel Beste Qualit\u00e4t Niedrigste Preise"},"content":{"rendered":"<p><img fetchpriority=\"high\" decoding=\"async\" class=\"aligncenter size-full wp-image-2325\" src=\"http:\/\/eyas-flatware.com\/wp-content\/uploads\/2025\/08\/hq2303.jpg\" alt=\"Edelstahl L\u00f6ffel Messer benutzerdefinierte Logo Edelstahl L\u00f6ffel f\u00fcr Eiscreme Kaffeel\u00f6ffel beste Qualit\u00e4t niedrigsten Preisen\" width=\"800\" height=\"800\" srcset=\"https:\/\/www.eyas-flatware.com\/wp-content\/uploads\/2025\/08\/hq2303.jpg 800w, https:\/\/www.eyas-flatware.com\/wp-content\/uploads\/2025\/08\/hq2303-300x300.jpg 300w, https:\/\/www.eyas-flatware.com\/wp-content\/uploads\/2025\/08\/hq2303-150x150.jpg 150w, https:\/\/www.eyas-flatware.com\/wp-content\/uploads\/2025\/08\/hq2303-768x768.jpg 768w, https:\/\/www.eyas-flatware.com\/wp-content\/uploads\/2025\/08\/hq2303-12x12.jpg 12w, https:\/\/www.eyas-flatware.com\/wp-content\/uploads\/2025\/08\/hq2303-600x600.jpg 600w, https:\/\/www.eyas-flatware.com\/wp-content\/uploads\/2025\/08\/hq2303-100x100.jpg 100w\" sizes=\"(max-width: 800px) 100vw, 800px\" \/><\/p>\n<p><img decoding=\"async\" class=\"aligncenter size-full wp-image-2326\" src=\"http:\/\/eyas-flatware.com\/wp-content\/uploads\/2025\/08\/hq2303-1.jpg\" alt=\"Edelstahl L\u00f6ffel Messer benutzerdefinierte Logo Edelstahl L\u00f6ffel f\u00fcr Eiscreme Kaffeel\u00f6ffel beste Qualit\u00e4t niedrigsten Preisen\" width=\"800\" height=\"857\" srcset=\"https:\/\/www.eyas-flatware.com\/wp-content\/uploads\/2025\/08\/hq2303-1.jpg 800w, https:\/\/www.eyas-flatware.com\/wp-content\/uploads\/2025\/08\/hq2303-1-280x300.jpg 280w, https:\/\/www.eyas-flatware.com\/wp-content\/uploads\/2025\/08\/hq2303-1-768x823.jpg 768w, https:\/\/www.eyas-flatware.com\/wp-content\/uploads\/2025\/08\/hq2303-1-11x12.jpg 11w, https:\/\/www.eyas-flatware.com\/wp-content\/uploads\/2025\/08\/hq2303-1-600x643.jpg 600w\" sizes=\"(max-width: 800px) 100vw, 800px\" \/><\/p>","protected":false},"excerpt":{"rendered":"","protected":false},"featured_media":2325,"comment_status":"open","ping_status":"closed","template":"","meta":{"_seopress_robots_primary_cat":"none","_seopress_titles_title":"","_seopress_titles_desc":"","_seopress_robots_index":""},"product_brand":[],"product_cat":[46],"product_tag":[],"class_list":{"0":"post-2320","1":"product","2":"type-product","3":"status-publish","4":"has-post-thumbnail","6":"product_cat-full-tang-cutlery","8":"first","9":"instock","10":"shipping-taxable","11":"product-type-simple"},"_links":{"self":[{"href":"https:\/\/www.eyas-flatware.com\/de\/wp-json\/wp\/v2\/product\/2320","targetHints":{"allow":["GET"]}}],"collection":[{"href":"https:\/\/www.eyas-flatware.com\/de\/wp-json\/wp\/v2\/product"}],"about":[{"href":"https:\/\/www.eyas-flatware.com\/de\/wp-json\/wp\/v2\/types\/product"}],"replies":[{"embeddable":true,"href":"https:\/\/www.eyas-flatware.com\/de\/wp-json\/wp\/v2\/comments?post=2320"}],"wp:featuredmedia":[{"embeddable":true,"href":"https:\/\/www.eyas-flatware.com\/de\/wp-json\/wp\/v2\/media\/2325"}],"wp:attachment":[{"href":"https:\/\/www.eyas-flatware.com\/de\/wp-json\/wp\/v2\/media?parent=2320"}],"wp:term":[{"taxonomy":"product_brand","embeddable":true,"href":"https:\/\/www.eyas-flatware.com\/de\/wp-json\/wp\/v2\/product_brand?post=2320"},{"taxonomy":"product_cat","embeddable":true,"href":"https:\/\/www.eyas-flatware.com\/de\/wp-json\/wp\/v2\/product_cat?post=2320"},{"taxonomy":"product_tag","embeddable":true,"href":"https:\/\/www.eyas-flatware.com\/de\/wp-json\/wp\/v2\/product_tag?post=2320"}],"curies":[{"name":"wp","href":"https:\/\/api.w.org\/{rel}","templated":true}]}}