{"id":2316,"date":"2025-08-07T06:24:33","date_gmt":"2025-08-07T06:24:33","guid":{"rendered":"https:\/\/eyas-flatware.com\/?post_type=product&#038;p=2316"},"modified":"2025-08-07T06:41:27","modified_gmt":"2025-08-07T06:41:27","slug":"hochwertiges-tafelsilber-304-edelstahl-suppenloffel-quadratischer-kopf-breiter-mund-flacher-boden-vertieft-grose-kapazitat-suppenloffel","status":"publish","type":"product","link":"https:\/\/www.eyas-flatware.com\/de\/produkt\/hochwertiges-tafelsilber-304-edelstahl-suppenloffel-quadratischer-kopf-breiter-mund-flacher-boden-vertieft-grose-kapazitat-suppenloffel\/","title":{"rendered":"Hochwertiges Tafelsilber 304 Edelstahl Suppenl\u00f6ffel quadratischer Kopf breiter Mund flacher Boden vertieft gro\u00dfe Kapazit\u00e4t Suppenl\u00f6ffel"},"content":{"rendered":"<p><img fetchpriority=\"high\" decoding=\"async\" class=\"aligncenter size-full wp-image-2317\" src=\"http:\/\/eyas-flatware.com\/wp-content\/uploads\/2025\/08\/hq2301.jpg\" alt=\"Hochwertiges Tafelsilber 304 Edelstahl Suppenl\u00f6ffel quadratischer Kopf breiter Mund flacher Boden vertieft gro\u00dfe Kapazit\u00e4t Suppenl\u00f6ffel\" width=\"800\" height=\"800\" srcset=\"https:\/\/www.eyas-flatware.com\/wp-content\/uploads\/2025\/08\/hq2301.jpg 800w, https:\/\/www.eyas-flatware.com\/wp-content\/uploads\/2025\/08\/hq2301-300x300.jpg 300w, https:\/\/www.eyas-flatware.com\/wp-content\/uploads\/2025\/08\/hq2301-150x150.jpg 150w, https:\/\/www.eyas-flatware.com\/wp-content\/uploads\/2025\/08\/hq2301-768x768.jpg 768w, https:\/\/www.eyas-flatware.com\/wp-content\/uploads\/2025\/08\/hq2301-12x12.jpg 12w, https:\/\/www.eyas-flatware.com\/wp-content\/uploads\/2025\/08\/hq2301-600x600.jpg 600w, https:\/\/www.eyas-flatware.com\/wp-content\/uploads\/2025\/08\/hq2301-100x100.jpg 100w\" sizes=\"(max-width: 800px) 100vw, 800px\" \/><\/p>\n<p><img decoding=\"async\" class=\"aligncenter size-full wp-image-2318\" src=\"http:\/\/eyas-flatware.com\/wp-content\/uploads\/2025\/08\/hq2301-1.jpg\" alt=\"Hochwertiges Tafelsilber 304 Edelstahl Suppenl\u00f6ffel quadratischer Kopf breiter Mund flacher Boden vertieft gro\u00dfe Kapazit\u00e4t Suppenl\u00f6ffel\" width=\"800\" height=\"822\" srcset=\"https:\/\/www.eyas-flatware.com\/wp-content\/uploads\/2025\/08\/hq2301-1.jpg 800w, https:\/\/www.eyas-flatware.com\/wp-content\/uploads\/2025\/08\/hq2301-1-292x300.jpg 292w, https:\/\/www.eyas-flatware.com\/wp-content\/uploads\/2025\/08\/hq2301-1-768x789.jpg 768w, https:\/\/www.eyas-flatware.com\/wp-content\/uploads\/2025\/08\/hq2301-1-12x12.jpg 12w, https:\/\/www.eyas-flatware.com\/wp-content\/uploads\/2025\/08\/hq2301-1-600x617.jpg 600w\" sizes=\"(max-width: 800px) 100vw, 800px\" \/><\/p>","protected":false},"excerpt":{"rendered":"","protected":false},"featured_media":2317,"comment_status":"open","ping_status":"closed","template":"","meta":{"_seopress_robots_primary_cat":"none","_seopress_titles_title":"","_seopress_titles_desc":"","_seopress_robots_index":""},"product_brand":[],"product_cat":[46],"product_tag":[],"class_list":{"0":"post-2316","1":"product","2":"type-product","3":"status-publish","4":"has-post-thumbnail","6":"product_cat-full-tang-cutlery","8":"first","9":"instock","10":"shipping-taxable","11":"product-type-simple"},"_links":{"self":[{"href":"https:\/\/www.eyas-flatware.com\/de\/wp-json\/wp\/v2\/product\/2316","targetHints":{"allow":["GET"]}}],"collection":[{"href":"https:\/\/www.eyas-flatware.com\/de\/wp-json\/wp\/v2\/product"}],"about":[{"href":"https:\/\/www.eyas-flatware.com\/de\/wp-json\/wp\/v2\/types\/product"}],"replies":[{"embeddable":true,"href":"https:\/\/www.eyas-flatware.com\/de\/wp-json\/wp\/v2\/comments?post=2316"}],"wp:featuredmedia":[{"embeddable":true,"href":"https:\/\/www.eyas-flatware.com\/de\/wp-json\/wp\/v2\/media\/2317"}],"wp:attachment":[{"href":"https:\/\/www.eyas-flatware.com\/de\/wp-json\/wp\/v2\/media?parent=2316"}],"wp:term":[{"taxonomy":"product_brand","embeddable":true,"href":"https:\/\/www.eyas-flatware.com\/de\/wp-json\/wp\/v2\/product_brand?post=2316"},{"taxonomy":"product_cat","embeddable":true,"href":"https:\/\/www.eyas-flatware.com\/de\/wp-json\/wp\/v2\/product_cat?post=2316"},{"taxonomy":"product_tag","embeddable":true,"href":"https:\/\/www.eyas-flatware.com\/de\/wp-json\/wp\/v2\/product_tag?post=2316"}],"curies":[{"name":"wp","href":"https:\/\/api.w.org\/{rel}","templated":true}]}}