{"id":2312,"date":"2025-08-06T07:12:33","date_gmt":"2025-08-06T07:12:33","guid":{"rendered":"https:\/\/eyas-flatware.com\/?post_type=product&#038;p=2312"},"modified":"2025-08-06T07:18:28","modified_gmt":"2025-08-06T07:18:28","slug":"cartoon-kinderbesteck-set-niedlich-edelstahl-bar-messer-gabel-loffel-set-fur-kinder","status":"publish","type":"product","link":"https:\/\/www.eyas-flatware.com\/de\/produkt\/cartoon-kinderbesteck-set-niedlich-edelstahl-bar-messer-gabel-loffel-set-fur-kinder\/","title":{"rendered":"Cartoon Kinderbesteck Set Niedlicher B\u00e4r aus Edelstahl Messer Gabel L\u00f6ffel Set f\u00fcr Kinder"},"content":{"rendered":"<p><img fetchpriority=\"high\" decoding=\"async\" class=\"aligncenter size-full wp-image-2313\" src=\"http:\/\/eyas-flatware.com\/wp-content\/uploads\/2025\/08\/hq2215.jpg\" alt=\"Cartoon Kinderbesteck Set niedlich Edelstahl B\u00e4r Messer Gabel L\u00f6ffel Set f\u00fcr Kinder\" width=\"800\" height=\"571\" srcset=\"https:\/\/www.eyas-flatware.com\/wp-content\/uploads\/2025\/08\/hq2215.jpg 800w, https:\/\/www.eyas-flatware.com\/wp-content\/uploads\/2025\/08\/hq2215-300x214.jpg 300w, https:\/\/www.eyas-flatware.com\/wp-content\/uploads\/2025\/08\/hq2215-768x548.jpg 768w, https:\/\/www.eyas-flatware.com\/wp-content\/uploads\/2025\/08\/hq2215-18x12.jpg 18w, https:\/\/www.eyas-flatware.com\/wp-content\/uploads\/2025\/08\/hq2215-600x428.jpg 600w\" sizes=\"(max-width: 800px) 100vw, 800px\" \/><\/p>\n<p>&nbsp;<\/p>\n<p><img decoding=\"async\" class=\"aligncenter size-full wp-image-2314\" src=\"http:\/\/eyas-flatware.com\/wp-content\/uploads\/2025\/08\/hq2215-1.jpg\" alt=\"Cartoon Kinderbesteck Set niedlich Edelstahl B\u00e4r Messer Gabel L\u00f6ffel Set f\u00fcr Kinder\" width=\"800\" height=\"850\" srcset=\"https:\/\/www.eyas-flatware.com\/wp-content\/uploads\/2025\/08\/hq2215-1.jpg 800w, https:\/\/www.eyas-flatware.com\/wp-content\/uploads\/2025\/08\/hq2215-1-282x300.jpg 282w, https:\/\/www.eyas-flatware.com\/wp-content\/uploads\/2025\/08\/hq2215-1-768x816.jpg 768w, https:\/\/www.eyas-flatware.com\/wp-content\/uploads\/2025\/08\/hq2215-1-11x12.jpg 11w, https:\/\/www.eyas-flatware.com\/wp-content\/uploads\/2025\/08\/hq2215-1-600x638.jpg 600w\" sizes=\"(max-width: 800px) 100vw, 800px\" \/><\/p>","protected":false},"excerpt":{"rendered":"<p>&nbsp;<\/p>","protected":false},"featured_media":2313,"comment_status":"open","ping_status":"closed","template":"","meta":{"_seopress_robots_primary_cat":"none","_seopress_titles_title":"","_seopress_titles_desc":"","_seopress_robots_index":""},"product_brand":[],"product_cat":[46],"product_tag":[],"class_list":{"0":"post-2312","1":"product","2":"type-product","3":"status-publish","4":"has-post-thumbnail","6":"product_cat-full-tang-cutlery","8":"first","9":"instock","10":"shipping-taxable","11":"product-type-simple"},"_links":{"self":[{"href":"https:\/\/www.eyas-flatware.com\/de\/wp-json\/wp\/v2\/product\/2312","targetHints":{"allow":["GET"]}}],"collection":[{"href":"https:\/\/www.eyas-flatware.com\/de\/wp-json\/wp\/v2\/product"}],"about":[{"href":"https:\/\/www.eyas-flatware.com\/de\/wp-json\/wp\/v2\/types\/product"}],"replies":[{"embeddable":true,"href":"https:\/\/www.eyas-flatware.com\/de\/wp-json\/wp\/v2\/comments?post=2312"}],"wp:featuredmedia":[{"embeddable":true,"href":"https:\/\/www.eyas-flatware.com\/de\/wp-json\/wp\/v2\/media\/2313"}],"wp:attachment":[{"href":"https:\/\/www.eyas-flatware.com\/de\/wp-json\/wp\/v2\/media?parent=2312"}],"wp:term":[{"taxonomy":"product_brand","embeddable":true,"href":"https:\/\/www.eyas-flatware.com\/de\/wp-json\/wp\/v2\/product_brand?post=2312"},{"taxonomy":"product_cat","embeddable":true,"href":"https:\/\/www.eyas-flatware.com\/de\/wp-json\/wp\/v2\/product_cat?post=2312"},{"taxonomy":"product_tag","embeddable":true,"href":"https:\/\/www.eyas-flatware.com\/de\/wp-json\/wp\/v2\/product_tag?post=2312"}],"curies":[{"name":"wp","href":"https:\/\/api.w.org\/{rel}","templated":true}]}}