{"id":2243,"date":"2025-08-05T02:57:30","date_gmt":"2025-08-05T02:57:30","guid":{"rendered":"https:\/\/eyas-flatware.com\/?post_type=product&#038;p=2243"},"modified":"2025-08-05T02:58:36","modified_gmt":"2025-08-05T02:58:36","slug":"hot-sell-besteck-gabel-messer-loffel-teeloffel-4pcs-silber-edelstahl-besteck-set-fur-restaurant-hotel","status":"publish","type":"product","link":"https:\/\/www.eyas-flatware.com\/de\/produkt\/hot-sell-besteck-gabel-messer-loffel-teeloffel-4pcs-silber-edelstahl-besteck-set-fur-restaurant-hotel\/","title":{"rendered":"Hot Sell Besteck Gabel Messer L\u00f6ffel Teel\u00f6ffel 4pcs Silber Edelstahl Besteck Set f\u00fcr Restaurant Hotel"},"content":{"rendered":"<p><img fetchpriority=\"high\" decoding=\"async\" class=\"aligncenter size-full wp-image-2244\" src=\"http:\/\/eyas-flatware.com\/wp-content\/uploads\/2025\/08\/hq2117.webp\" alt=\"hot sell Besteck Gabel Messer L\u00f6ffel Teel\u00f6ffel 4pcs Silber Edelstahl Besteck Set f\u00fcr Restaurant Hotel\" width=\"800\" height=\"800\" srcset=\"https:\/\/www.eyas-flatware.com\/wp-content\/uploads\/2025\/08\/hq2117.webp 800w, https:\/\/www.eyas-flatware.com\/wp-content\/uploads\/2025\/08\/hq2117-300x300.webp 300w, https:\/\/www.eyas-flatware.com\/wp-content\/uploads\/2025\/08\/hq2117-150x150.webp 150w, https:\/\/www.eyas-flatware.com\/wp-content\/uploads\/2025\/08\/hq2117-768x768.webp 768w, https:\/\/www.eyas-flatware.com\/wp-content\/uploads\/2025\/08\/hq2117-12x12.webp 12w, https:\/\/www.eyas-flatware.com\/wp-content\/uploads\/2025\/08\/hq2117-600x600.webp 600w, https:\/\/www.eyas-flatware.com\/wp-content\/uploads\/2025\/08\/hq2117-100x100.webp 100w\" sizes=\"(max-width: 800px) 100vw, 800px\" \/><\/p>\n<p><img decoding=\"async\" class=\"aligncenter size-full wp-image-2245\" src=\"http:\/\/eyas-flatware.com\/wp-content\/uploads\/2025\/08\/hq2117-1.webp\" alt=\"hot sell Besteck Gabel Messer L\u00f6ffel Teel\u00f6ffel 4pcs Silber Edelstahl Besteck Set f\u00fcr Restaurant Hotel\" width=\"800\" height=\"638\" srcset=\"https:\/\/www.eyas-flatware.com\/wp-content\/uploads\/2025\/08\/hq2117-1.webp 800w, https:\/\/www.eyas-flatware.com\/wp-content\/uploads\/2025\/08\/hq2117-1-300x239.webp 300w, https:\/\/www.eyas-flatware.com\/wp-content\/uploads\/2025\/08\/hq2117-1-768x612.webp 768w, https:\/\/www.eyas-flatware.com\/wp-content\/uploads\/2025\/08\/hq2117-1-15x12.webp 15w, https:\/\/www.eyas-flatware.com\/wp-content\/uploads\/2025\/08\/hq2117-1-600x479.webp 600w\" sizes=\"(max-width: 800px) 100vw, 800px\" \/><\/p>","protected":false},"excerpt":{"rendered":"","protected":false},"featured_media":2244,"comment_status":"open","ping_status":"closed","template":"","meta":{"_seopress_robots_primary_cat":"none","_seopress_titles_title":"","_seopress_titles_desc":"","_seopress_robots_index":""},"product_brand":[],"product_cat":[46],"product_tag":[],"class_list":{"0":"post-2243","1":"product","2":"type-product","3":"status-publish","4":"has-post-thumbnail","6":"product_cat-full-tang-cutlery","8":"first","9":"instock","10":"shipping-taxable","11":"product-type-simple"},"_links":{"self":[{"href":"https:\/\/www.eyas-flatware.com\/de\/wp-json\/wp\/v2\/product\/2243","targetHints":{"allow":["GET"]}}],"collection":[{"href":"https:\/\/www.eyas-flatware.com\/de\/wp-json\/wp\/v2\/product"}],"about":[{"href":"https:\/\/www.eyas-flatware.com\/de\/wp-json\/wp\/v2\/types\/product"}],"replies":[{"embeddable":true,"href":"https:\/\/www.eyas-flatware.com\/de\/wp-json\/wp\/v2\/comments?post=2243"}],"wp:featuredmedia":[{"embeddable":true,"href":"https:\/\/www.eyas-flatware.com\/de\/wp-json\/wp\/v2\/media\/2244"}],"wp:attachment":[{"href":"https:\/\/www.eyas-flatware.com\/de\/wp-json\/wp\/v2\/media?parent=2243"}],"wp:term":[{"taxonomy":"product_brand","embeddable":true,"href":"https:\/\/www.eyas-flatware.com\/de\/wp-json\/wp\/v2\/product_brand?post=2243"},{"taxonomy":"product_cat","embeddable":true,"href":"https:\/\/www.eyas-flatware.com\/de\/wp-json\/wp\/v2\/product_cat?post=2243"},{"taxonomy":"product_tag","embeddable":true,"href":"https:\/\/www.eyas-flatware.com\/de\/wp-json\/wp\/v2\/product_tag?post=2243"}],"curies":[{"name":"wp","href":"https:\/\/api.w.org\/{rel}","templated":true}]}}