{"id":2219,"date":"2025-08-04T09:48:16","date_gmt":"2025-08-04T09:48:16","guid":{"rendered":"https:\/\/eyas-flatware.com\/?post_type=product&#038;p=2219"},"modified":"2025-08-04T09:50:35","modified_gmt":"2025-08-04T09:50:35","slug":"essgeschirrsatz-messer-gabel-loffel-edelstahl-suppenloffel-bestecksatz-edelstahlgeschirr-fur-restaurant-hotel-2","status":"publish","type":"product","link":"https:\/\/www.eyas-flatware.com\/de\/produkt\/essgeschirrsatz-messer-gabel-loffel-edelstahl-suppenloffel-bestecksatz-edelstahlgeschirr-fur-restaurant-hotel-2\/","title":{"rendered":"Essgeschirrset Messer Gabel L\u00f6ffel Edelstahl Suppenl\u00f6ffel Besteckset Edelstahlgeschirr f\u00fcr Restaurant Hotel"},"content":{"rendered":"<p><img fetchpriority=\"high\" decoding=\"async\" class=\"aligncenter size-full wp-image-2220\" src=\"http:\/\/eyas-flatware.com\/wp-content\/uploads\/2025\/08\/hq2111.webp\" alt=\"Essgeschirrset Messer Gabel L\u00f6ffel Edelstahl Suppenl\u00f6ffel Besteckset Edelstahlgeschirr f\u00fcr Restaurant Hotel\" width=\"800\" height=\"800\" srcset=\"https:\/\/www.eyas-flatware.com\/wp-content\/uploads\/2025\/08\/hq2111.webp 800w, https:\/\/www.eyas-flatware.com\/wp-content\/uploads\/2025\/08\/hq2111-300x300.webp 300w, https:\/\/www.eyas-flatware.com\/wp-content\/uploads\/2025\/08\/hq2111-150x150.webp 150w, https:\/\/www.eyas-flatware.com\/wp-content\/uploads\/2025\/08\/hq2111-768x768.webp 768w, https:\/\/www.eyas-flatware.com\/wp-content\/uploads\/2025\/08\/hq2111-12x12.webp 12w, https:\/\/www.eyas-flatware.com\/wp-content\/uploads\/2025\/08\/hq2111-600x600.webp 600w, https:\/\/www.eyas-flatware.com\/wp-content\/uploads\/2025\/08\/hq2111-100x100.webp 100w\" sizes=\"(max-width: 800px) 100vw, 800px\" \/><\/p>\n<p><img decoding=\"async\" class=\"aligncenter size-full wp-image-2221\" src=\"http:\/\/eyas-flatware.com\/wp-content\/uploads\/2025\/08\/hq2111-1.webp\" alt=\"Essgeschirrset Messer Gabel L\u00f6ffel Edelstahl Suppenl\u00f6ffel Besteckset Edelstahlgeschirr f\u00fcr Restaurant Hotel\" width=\"800\" height=\"446\" srcset=\"https:\/\/www.eyas-flatware.com\/wp-content\/uploads\/2025\/08\/hq2111-1.webp 800w, https:\/\/www.eyas-flatware.com\/wp-content\/uploads\/2025\/08\/hq2111-1-300x167.webp 300w, https:\/\/www.eyas-flatware.com\/wp-content\/uploads\/2025\/08\/hq2111-1-768x428.webp 768w, https:\/\/www.eyas-flatware.com\/wp-content\/uploads\/2025\/08\/hq2111-1-18x10.webp 18w, https:\/\/www.eyas-flatware.com\/wp-content\/uploads\/2025\/08\/hq2111-1-600x335.webp 600w\" sizes=\"(max-width: 800px) 100vw, 800px\" \/><\/p>","protected":false},"excerpt":{"rendered":"","protected":false},"featured_media":2220,"comment_status":"open","ping_status":"closed","template":"","meta":{"_seopress_robots_primary_cat":"none","_seopress_titles_title":"","_seopress_titles_desc":"","_seopress_robots_index":""},"product_brand":[],"product_cat":[46],"product_tag":[],"class_list":{"0":"post-2219","1":"product","2":"type-product","3":"status-publish","4":"has-post-thumbnail","6":"product_cat-full-tang-cutlery","8":"first","9":"instock","10":"shipping-taxable","11":"product-type-simple"},"_links":{"self":[{"href":"https:\/\/www.eyas-flatware.com\/de\/wp-json\/wp\/v2\/product\/2219","targetHints":{"allow":["GET"]}}],"collection":[{"href":"https:\/\/www.eyas-flatware.com\/de\/wp-json\/wp\/v2\/product"}],"about":[{"href":"https:\/\/www.eyas-flatware.com\/de\/wp-json\/wp\/v2\/types\/product"}],"replies":[{"embeddable":true,"href":"https:\/\/www.eyas-flatware.com\/de\/wp-json\/wp\/v2\/comments?post=2219"}],"wp:featuredmedia":[{"embeddable":true,"href":"https:\/\/www.eyas-flatware.com\/de\/wp-json\/wp\/v2\/media\/2220"}],"wp:attachment":[{"href":"https:\/\/www.eyas-flatware.com\/de\/wp-json\/wp\/v2\/media?parent=2219"}],"wp:term":[{"taxonomy":"product_brand","embeddable":true,"href":"https:\/\/www.eyas-flatware.com\/de\/wp-json\/wp\/v2\/product_brand?post=2219"},{"taxonomy":"product_cat","embeddable":true,"href":"https:\/\/www.eyas-flatware.com\/de\/wp-json\/wp\/v2\/product_cat?post=2219"},{"taxonomy":"product_tag","embeddable":true,"href":"https:\/\/www.eyas-flatware.com\/de\/wp-json\/wp\/v2\/product_tag?post=2219"}],"curies":[{"name":"wp","href":"https:\/\/api.w.org\/{rel}","templated":true}]}}