{"id":2183,"date":"2025-08-04T02:46:50","date_gmt":"2025-08-04T02:46:50","guid":{"rendered":"https:\/\/eyas-flatware.com\/?post_type=product&#038;p=2183"},"modified":"2025-08-04T02:48:49","modified_gmt":"2025-08-04T02:48:49","slug":"morden-luxury-4pcs-stainless-steel-flatware-set-kitchen-silverware-steak-knife-spoon-fork-teaspoon-cutlery-set","status":"publish","type":"product","link":"https:\/\/www.eyas-flatware.com\/de\/produkt\/morden-luxury-4pcs-stainless-steel-flatware-set-kitchen-silverware-steak-knife-spoon-fork-teaspoon-cutlery-set\/","title":{"rendered":"Morden Luxus 4PCS Edelstahl Besteck Set K\u00fcche Silberwaren Steak Messer L\u00f6ffel Gabel Teel\u00f6ffel Besteck Set"},"content":{"rendered":"<p><img fetchpriority=\"high\" decoding=\"async\" class=\"aligncenter size-full wp-image-2184\" src=\"http:\/\/eyas-flatware.com\/wp-content\/uploads\/2025\/08\/hq2102.webp\" alt=\"morden luxury 4pcs stainless steel flatware set kitchen silverware steak knife spoon fork teaspoon cutlery set\" width=\"800\" height=\"800\" srcset=\"https:\/\/www.eyas-flatware.com\/wp-content\/uploads\/2025\/08\/hq2102.webp 800w, https:\/\/www.eyas-flatware.com\/wp-content\/uploads\/2025\/08\/hq2102-300x300.webp 300w, https:\/\/www.eyas-flatware.com\/wp-content\/uploads\/2025\/08\/hq2102-150x150.webp 150w, https:\/\/www.eyas-flatware.com\/wp-content\/uploads\/2025\/08\/hq2102-768x768.webp 768w, https:\/\/www.eyas-flatware.com\/wp-content\/uploads\/2025\/08\/hq2102-12x12.webp 12w, https:\/\/www.eyas-flatware.com\/wp-content\/uploads\/2025\/08\/hq2102-600x600.webp 600w, https:\/\/www.eyas-flatware.com\/wp-content\/uploads\/2025\/08\/hq2102-100x100.webp 100w\" sizes=\"(max-width: 800px) 100vw, 800px\" \/><\/p>\n<p><img decoding=\"async\" class=\"aligncenter size-full wp-image-2185\" src=\"http:\/\/eyas-flatware.com\/wp-content\/uploads\/2025\/08\/hq2102-1.webp\" alt=\"morden luxury 4pcs stainless steel flatware set kitchen silverware steak knife spoon fork teaspoon cutlery set\" width=\"800\" height=\"723\" srcset=\"https:\/\/www.eyas-flatware.com\/wp-content\/uploads\/2025\/08\/hq2102-1.webp 800w, https:\/\/www.eyas-flatware.com\/wp-content\/uploads\/2025\/08\/hq2102-1-300x271.webp 300w, https:\/\/www.eyas-flatware.com\/wp-content\/uploads\/2025\/08\/hq2102-1-768x694.webp 768w, https:\/\/www.eyas-flatware.com\/wp-content\/uploads\/2025\/08\/hq2102-1-13x12.webp 13w, https:\/\/www.eyas-flatware.com\/wp-content\/uploads\/2025\/08\/hq2102-1-600x542.webp 600w\" sizes=\"(max-width: 800px) 100vw, 800px\" \/><\/p>","protected":false},"excerpt":{"rendered":"","protected":false},"featured_media":2184,"comment_status":"open","ping_status":"closed","template":"","meta":{"_seopress_robots_primary_cat":"none","_seopress_titles_title":"","_seopress_titles_desc":"","_seopress_robots_index":""},"product_brand":[],"product_cat":[46],"product_tag":[],"class_list":{"0":"post-2183","1":"product","2":"type-product","3":"status-publish","4":"has-post-thumbnail","6":"product_cat-full-tang-cutlery","8":"first","9":"instock","10":"shipping-taxable","11":"product-type-simple"},"_links":{"self":[{"href":"https:\/\/www.eyas-flatware.com\/de\/wp-json\/wp\/v2\/product\/2183","targetHints":{"allow":["GET"]}}],"collection":[{"href":"https:\/\/www.eyas-flatware.com\/de\/wp-json\/wp\/v2\/product"}],"about":[{"href":"https:\/\/www.eyas-flatware.com\/de\/wp-json\/wp\/v2\/types\/product"}],"replies":[{"embeddable":true,"href":"https:\/\/www.eyas-flatware.com\/de\/wp-json\/wp\/v2\/comments?post=2183"}],"wp:featuredmedia":[{"embeddable":true,"href":"https:\/\/www.eyas-flatware.com\/de\/wp-json\/wp\/v2\/media\/2184"}],"wp:attachment":[{"href":"https:\/\/www.eyas-flatware.com\/de\/wp-json\/wp\/v2\/media?parent=2183"}],"wp:term":[{"taxonomy":"product_brand","embeddable":true,"href":"https:\/\/www.eyas-flatware.com\/de\/wp-json\/wp\/v2\/product_brand?post=2183"},{"taxonomy":"product_cat","embeddable":true,"href":"https:\/\/www.eyas-flatware.com\/de\/wp-json\/wp\/v2\/product_cat?post=2183"},{"taxonomy":"product_tag","embeddable":true,"href":"https:\/\/www.eyas-flatware.com\/de\/wp-json\/wp\/v2\/product_tag?post=2183"}],"curies":[{"name":"wp","href":"https:\/\/api.w.org\/{rel}","templated":true}]}}