{"id":2180,"date":"2025-08-04T02:21:37","date_gmt":"2025-08-04T02:21:37","guid":{"rendered":"https:\/\/eyas-flatware.com\/?post_type=product&#038;p=2180"},"modified":"2025-08-04T02:38:56","modified_gmt":"2025-08-04T02:38:56","slug":"heiser-verkauf-edelstahlbesteck-set-lebensmittelqualitat-sichere-hochglanzbearbeitung-messer-gabel-loffel-set-wiederverwendbare-besteck-set","status":"publish","type":"product","link":"https:\/\/www.eyas-flatware.com\/de\/produkt\/heiser-verkauf-edelstahlbesteck-set-lebensmittelqualitat-sichere-hochglanzbearbeitung-messer-gabel-loffel-set-wiederverwendbare-besteck-set\/","title":{"rendered":"Hot Sale Edelstahl Besteck Set Food Grade Safe Spiegel Finishing Messer Gabel L\u00f6ffel Set Wiederverwendbare Besteck Set"},"content":{"rendered":"<p><img fetchpriority=\"high\" decoding=\"async\" class=\"aligncenter size-full wp-image-2181\" src=\"http:\/\/eyas-flatware.com\/wp-content\/uploads\/2025\/08\/hq2101.webp\" alt=\"Hei\u00dfer Verkauf Edelstahlbesteck Set Lebensmittelqualit\u00e4t sichere Hochglanzbearbeitung Messer Gabel L\u00f6ffel Set wiederverwendbare Besteck Set\" width=\"800\" height=\"800\" srcset=\"https:\/\/www.eyas-flatware.com\/wp-content\/uploads\/2025\/08\/hq2101.webp 800w, https:\/\/www.eyas-flatware.com\/wp-content\/uploads\/2025\/08\/hq2101-300x300.webp 300w, https:\/\/www.eyas-flatware.com\/wp-content\/uploads\/2025\/08\/hq2101-150x150.webp 150w, https:\/\/www.eyas-flatware.com\/wp-content\/uploads\/2025\/08\/hq2101-768x768.webp 768w, https:\/\/www.eyas-flatware.com\/wp-content\/uploads\/2025\/08\/hq2101-12x12.webp 12w, https:\/\/www.eyas-flatware.com\/wp-content\/uploads\/2025\/08\/hq2101-600x600.webp 600w, https:\/\/www.eyas-flatware.com\/wp-content\/uploads\/2025\/08\/hq2101-100x100.webp 100w\" sizes=\"(max-width: 800px) 100vw, 800px\" \/><\/p>\n<p><img decoding=\"async\" class=\"aligncenter size-full wp-image-2182\" src=\"http:\/\/eyas-flatware.com\/wp-content\/uploads\/2025\/08\/hq2101-1.webp\" alt=\"Hei\u00dfer Verkauf Edelstahlbesteck Set Lebensmittelqualit\u00e4t sichere Hochglanzbearbeitung Messer Gabel L\u00f6ffel Set wiederverwendbare Besteck Set\" width=\"800\" height=\"475\" srcset=\"https:\/\/www.eyas-flatware.com\/wp-content\/uploads\/2025\/08\/hq2101-1.webp 800w, https:\/\/www.eyas-flatware.com\/wp-content\/uploads\/2025\/08\/hq2101-1-300x178.webp 300w, https:\/\/www.eyas-flatware.com\/wp-content\/uploads\/2025\/08\/hq2101-1-768x456.webp 768w, https:\/\/www.eyas-flatware.com\/wp-content\/uploads\/2025\/08\/hq2101-1-18x12.webp 18w, https:\/\/www.eyas-flatware.com\/wp-content\/uploads\/2025\/08\/hq2101-1-600x356.webp 600w\" sizes=\"(max-width: 800px) 100vw, 800px\" \/><\/p>","protected":false},"excerpt":{"rendered":"","protected":false},"featured_media":2181,"comment_status":"open","ping_status":"closed","template":"","meta":{"_seopress_robots_primary_cat":"none","_seopress_titles_title":"","_seopress_titles_desc":"","_seopress_robots_index":""},"product_brand":[],"product_cat":[46],"product_tag":[],"class_list":{"0":"post-2180","1":"product","2":"type-product","3":"status-publish","4":"has-post-thumbnail","6":"product_cat-full-tang-cutlery","8":"first","9":"instock","10":"shipping-taxable","11":"product-type-simple"},"_links":{"self":[{"href":"https:\/\/www.eyas-flatware.com\/de\/wp-json\/wp\/v2\/product\/2180","targetHints":{"allow":["GET"]}}],"collection":[{"href":"https:\/\/www.eyas-flatware.com\/de\/wp-json\/wp\/v2\/product"}],"about":[{"href":"https:\/\/www.eyas-flatware.com\/de\/wp-json\/wp\/v2\/types\/product"}],"replies":[{"embeddable":true,"href":"https:\/\/www.eyas-flatware.com\/de\/wp-json\/wp\/v2\/comments?post=2180"}],"wp:featuredmedia":[{"embeddable":true,"href":"https:\/\/www.eyas-flatware.com\/de\/wp-json\/wp\/v2\/media\/2181"}],"wp:attachment":[{"href":"https:\/\/www.eyas-flatware.com\/de\/wp-json\/wp\/v2\/media?parent=2180"}],"wp:term":[{"taxonomy":"product_brand","embeddable":true,"href":"https:\/\/www.eyas-flatware.com\/de\/wp-json\/wp\/v2\/product_brand?post=2180"},{"taxonomy":"product_cat","embeddable":true,"href":"https:\/\/www.eyas-flatware.com\/de\/wp-json\/wp\/v2\/product_cat?post=2180"},{"taxonomy":"product_tag","embeddable":true,"href":"https:\/\/www.eyas-flatware.com\/de\/wp-json\/wp\/v2\/product_tag?post=2180"}],"curies":[{"name":"wp","href":"https:\/\/api.w.org\/{rel}","templated":true}]}}