{"id":2148,"date":"2025-08-02T08:23:48","date_gmt":"2025-08-02T08:23:48","guid":{"rendered":"https:\/\/eyas-flatware.com\/?post_type=product&#038;p=2148"},"modified":"2025-08-02T08:46:45","modified_gmt":"2025-08-02T08:46:45","slug":"moderne-304-edelstahl-loffel-groshandel-fur-haus-restaurant-hotel-palast-verwendung-verdickt-metall-fur-parteien-und-kuche","status":"publish","type":"product","link":"https:\/\/www.eyas-flatware.com\/de\/produkt\/moderne-304-edelstahl-loffel-groshandel-fur-haus-restaurant-hotel-palast-verwendung-verdickt-metall-fur-parteien-und-kuche\/","title":{"rendered":"Moderne 304 Edelstahl L\u00f6ffel Gro\u00dfhandel f\u00fcr Home Restaurant Hotel Palace Verwendung verdickt Metall f\u00fcr Parteien und K\u00fcche"},"content":{"rendered":"<p><img fetchpriority=\"high\" decoding=\"async\" class=\"aligncenter size-full wp-image-2153\" src=\"http:\/\/eyas-flatware.com\/wp-content\/uploads\/2025\/08\/1-7.webp\" alt=\"moderne 304 Edelstahl L\u00f6ffel Gro\u00dfhandel f\u00fcr Haus Restaurant Hotel Palast Verwendung verdickt Metall f\u00fcr Parteien und K\u00fcche\" width=\"800\" height=\"800\" srcset=\"https:\/\/www.eyas-flatware.com\/wp-content\/uploads\/2025\/08\/1-7.webp 800w, https:\/\/www.eyas-flatware.com\/wp-content\/uploads\/2025\/08\/1-7-300x300.webp 300w, https:\/\/www.eyas-flatware.com\/wp-content\/uploads\/2025\/08\/1-7-150x150.webp 150w, https:\/\/www.eyas-flatware.com\/wp-content\/uploads\/2025\/08\/1-7-768x768.webp 768w, https:\/\/www.eyas-flatware.com\/wp-content\/uploads\/2025\/08\/1-7-12x12.webp 12w, https:\/\/www.eyas-flatware.com\/wp-content\/uploads\/2025\/08\/1-7-600x600.webp 600w, https:\/\/www.eyas-flatware.com\/wp-content\/uploads\/2025\/08\/1-7-100x100.webp 100w\" sizes=\"(max-width: 800px) 100vw, 800px\" \/><\/p>\n<p><img decoding=\"async\" class=\"aligncenter size-full wp-image-2154\" src=\"http:\/\/eyas-flatware.com\/wp-content\/uploads\/2025\/08\/2-7.webp\" alt=\"moderne 304 Edelstahl L\u00f6ffel Gro\u00dfhandel f\u00fcr Haus Restaurant Hotel Palast Verwendung verdickt Metall f\u00fcr Parteien und K\u00fcche\" width=\"800\" height=\"800\" srcset=\"https:\/\/www.eyas-flatware.com\/wp-content\/uploads\/2025\/08\/2-7.webp 800w, https:\/\/www.eyas-flatware.com\/wp-content\/uploads\/2025\/08\/2-7-300x300.webp 300w, https:\/\/www.eyas-flatware.com\/wp-content\/uploads\/2025\/08\/2-7-150x150.webp 150w, https:\/\/www.eyas-flatware.com\/wp-content\/uploads\/2025\/08\/2-7-768x768.webp 768w, https:\/\/www.eyas-flatware.com\/wp-content\/uploads\/2025\/08\/2-7-12x12.webp 12w, https:\/\/www.eyas-flatware.com\/wp-content\/uploads\/2025\/08\/2-7-600x600.webp 600w, https:\/\/www.eyas-flatware.com\/wp-content\/uploads\/2025\/08\/2-7-100x100.webp 100w\" sizes=\"(max-width: 800px) 100vw, 800px\" \/><\/p>\n<p><img decoding=\"async\" class=\"aligncenter size-full wp-image-2155\" src=\"http:\/\/eyas-flatware.com\/wp-content\/uploads\/2025\/08\/3-7.webp\" alt=\"moderne 304 Edelstahl L\u00f6ffel Gro\u00dfhandel f\u00fcr Haus Restaurant Hotel Palast Verwendung verdickt Metall f\u00fcr Parteien und K\u00fcche\" width=\"800\" height=\"800\" srcset=\"https:\/\/www.eyas-flatware.com\/wp-content\/uploads\/2025\/08\/3-7.webp 800w, https:\/\/www.eyas-flatware.com\/wp-content\/uploads\/2025\/08\/3-7-300x300.webp 300w, https:\/\/www.eyas-flatware.com\/wp-content\/uploads\/2025\/08\/3-7-150x150.webp 150w, https:\/\/www.eyas-flatware.com\/wp-content\/uploads\/2025\/08\/3-7-768x768.webp 768w, https:\/\/www.eyas-flatware.com\/wp-content\/uploads\/2025\/08\/3-7-12x12.webp 12w, https:\/\/www.eyas-flatware.com\/wp-content\/uploads\/2025\/08\/3-7-600x600.webp 600w, https:\/\/www.eyas-flatware.com\/wp-content\/uploads\/2025\/08\/3-7-100x100.webp 100w\" sizes=\"(max-width: 800px) 100vw, 800px\" \/><\/p>\n<p><img loading=\"lazy\" decoding=\"async\" class=\"aligncenter size-full wp-image-2150\" src=\"http:\/\/eyas-flatware.com\/wp-content\/uploads\/2025\/08\/4-9.webp\" alt=\"moderne 304 Edelstahl L\u00f6ffel Gro\u00dfhandel f\u00fcr Haus Restaurant Hotel Palast Verwendung verdickt Metall f\u00fcr Parteien und K\u00fcche\" width=\"800\" height=\"800\" srcset=\"https:\/\/www.eyas-flatware.com\/wp-content\/uploads\/2025\/08\/4-9.webp 800w, https:\/\/www.eyas-flatware.com\/wp-content\/uploads\/2025\/08\/4-9-300x300.webp 300w, https:\/\/www.eyas-flatware.com\/wp-content\/uploads\/2025\/08\/4-9-150x150.webp 150w, https:\/\/www.eyas-flatware.com\/wp-content\/uploads\/2025\/08\/4-9-768x768.webp 768w, https:\/\/www.eyas-flatware.com\/wp-content\/uploads\/2025\/08\/4-9-12x12.webp 12w, https:\/\/www.eyas-flatware.com\/wp-content\/uploads\/2025\/08\/4-9-600x600.webp 600w, https:\/\/www.eyas-flatware.com\/wp-content\/uploads\/2025\/08\/4-9-100x100.webp 100w\" sizes=\"(max-width: 800px) 100vw, 800px\" \/><\/p>\n<p><img loading=\"lazy\" decoding=\"async\" class=\"aligncenter size-full wp-image-2151\" src=\"http:\/\/eyas-flatware.com\/wp-content\/uploads\/2025\/08\/5-6.webp\" alt=\"moderne 304 Edelstahl L\u00f6ffel Gro\u00dfhandel f\u00fcr Haus Restaurant Hotel Palast Verwendung verdickt Metall f\u00fcr Parteien und K\u00fcche\" width=\"800\" height=\"800\" srcset=\"https:\/\/www.eyas-flatware.com\/wp-content\/uploads\/2025\/08\/5-6.webp 800w, https:\/\/www.eyas-flatware.com\/wp-content\/uploads\/2025\/08\/5-6-300x300.webp 300w, https:\/\/www.eyas-flatware.com\/wp-content\/uploads\/2025\/08\/5-6-150x150.webp 150w, https:\/\/www.eyas-flatware.com\/wp-content\/uploads\/2025\/08\/5-6-768x768.webp 768w, https:\/\/www.eyas-flatware.com\/wp-content\/uploads\/2025\/08\/5-6-12x12.webp 12w, https:\/\/www.eyas-flatware.com\/wp-content\/uploads\/2025\/08\/5-6-600x600.webp 600w, https:\/\/www.eyas-flatware.com\/wp-content\/uploads\/2025\/08\/5-6-100x100.webp 100w\" sizes=\"(max-width: 800px) 100vw, 800px\" \/><\/p>\n<p><img loading=\"lazy\" decoding=\"async\" class=\"aligncenter size-full wp-image-2152\" src=\"http:\/\/eyas-flatware.com\/wp-content\/uploads\/2025\/08\/6-7.webp\" alt=\"moderne 304 Edelstahl L\u00f6ffel Gro\u00dfhandel f\u00fcr Haus Restaurant Hotel Palast Verwendung verdickt Metall f\u00fcr Parteien und K\u00fcche\" width=\"800\" height=\"800\" srcset=\"https:\/\/www.eyas-flatware.com\/wp-content\/uploads\/2025\/08\/6-7.webp 800w, https:\/\/www.eyas-flatware.com\/wp-content\/uploads\/2025\/08\/6-7-300x300.webp 300w, https:\/\/www.eyas-flatware.com\/wp-content\/uploads\/2025\/08\/6-7-150x150.webp 150w, https:\/\/www.eyas-flatware.com\/wp-content\/uploads\/2025\/08\/6-7-768x768.webp 768w, https:\/\/www.eyas-flatware.com\/wp-content\/uploads\/2025\/08\/6-7-12x12.webp 12w, https:\/\/www.eyas-flatware.com\/wp-content\/uploads\/2025\/08\/6-7-600x600.webp 600w, https:\/\/www.eyas-flatware.com\/wp-content\/uploads\/2025\/08\/6-7-100x100.webp 100w\" sizes=\"(max-width: 800px) 100vw, 800px\" \/><\/p>","protected":false},"excerpt":{"rendered":"","protected":false},"featured_media":2153,"comment_status":"open","ping_status":"closed","template":"","meta":{"_seopress_robots_primary_cat":"none","_seopress_titles_title":"","_seopress_titles_desc":"","_seopress_robots_index":""},"product_brand":[],"product_cat":[46],"product_tag":[],"class_list":{"0":"post-2148","1":"product","2":"type-product","3":"status-publish","4":"has-post-thumbnail","6":"product_cat-full-tang-cutlery","8":"first","9":"instock","10":"shipping-taxable","11":"product-type-simple"},"_links":{"self":[{"href":"https:\/\/www.eyas-flatware.com\/de\/wp-json\/wp\/v2\/product\/2148","targetHints":{"allow":["GET"]}}],"collection":[{"href":"https:\/\/www.eyas-flatware.com\/de\/wp-json\/wp\/v2\/product"}],"about":[{"href":"https:\/\/www.eyas-flatware.com\/de\/wp-json\/wp\/v2\/types\/product"}],"replies":[{"embeddable":true,"href":"https:\/\/www.eyas-flatware.com\/de\/wp-json\/wp\/v2\/comments?post=2148"}],"wp:featuredmedia":[{"embeddable":true,"href":"https:\/\/www.eyas-flatware.com\/de\/wp-json\/wp\/v2\/media\/2153"}],"wp:attachment":[{"href":"https:\/\/www.eyas-flatware.com\/de\/wp-json\/wp\/v2\/media?parent=2148"}],"wp:term":[{"taxonomy":"product_brand","embeddable":true,"href":"https:\/\/www.eyas-flatware.com\/de\/wp-json\/wp\/v2\/product_brand?post=2148"},{"taxonomy":"product_cat","embeddable":true,"href":"https:\/\/www.eyas-flatware.com\/de\/wp-json\/wp\/v2\/product_cat?post=2148"},{"taxonomy":"product_tag","embeddable":true,"href":"https:\/\/www.eyas-flatware.com\/de\/wp-json\/wp\/v2\/product_tag?post=2148"}],"curies":[{"name":"wp","href":"https:\/\/api.w.org\/{rel}","templated":true}]}}