{"id":2144,"date":"2025-08-02T08:00:16","date_gmt":"2025-08-02T08:00:16","guid":{"rendered":"https:\/\/eyas-flatware.com\/?post_type=product&#038;p=2144"},"modified":"2025-08-02T08:02:32","modified_gmt":"2025-08-02T08:02:32","slug":"heiser-verkauf-koniglichen-edelstahl-besteck-set-spiegel-polieren-modernen-luxus-besteck-set-geeignet-fur-hochzeitsfeier","status":"publish","type":"product","link":"https:\/\/www.eyas-flatware.com\/de\/produkt\/heiser-verkauf-koniglichen-edelstahl-besteck-set-spiegel-polieren-modernen-luxus-besteck-set-geeignet-fur-hochzeitsfeier\/","title":{"rendered":"Hei\u00dfer Verkauf Royal Edelstahl Besteck Set Spiegel Polnisch Modern Luxus Besteck Set Geeignet f\u00fcr Hochzeit Party"},"content":{"rendered":"<p><img fetchpriority=\"high\" decoding=\"async\" class=\"aligncenter size-full wp-image-2145\" src=\"http:\/\/eyas-flatware.com\/wp-content\/uploads\/2025\/08\/hq413.webp\" alt=\"Hei\u00dfer Verkauf k\u00f6niglichen Edelstahl Besteck Set Spiegel polieren modernen Luxus Besteck Set geeignet f\u00fcr Hochzeitsfeier\" width=\"800\" height=\"800\" srcset=\"https:\/\/www.eyas-flatware.com\/wp-content\/uploads\/2025\/08\/hq413.webp 800w, https:\/\/www.eyas-flatware.com\/wp-content\/uploads\/2025\/08\/hq413-300x300.webp 300w, https:\/\/www.eyas-flatware.com\/wp-content\/uploads\/2025\/08\/hq413-150x150.webp 150w, https:\/\/www.eyas-flatware.com\/wp-content\/uploads\/2025\/08\/hq413-768x768.webp 768w, https:\/\/www.eyas-flatware.com\/wp-content\/uploads\/2025\/08\/hq413-12x12.webp 12w, https:\/\/www.eyas-flatware.com\/wp-content\/uploads\/2025\/08\/hq413-600x600.webp 600w, https:\/\/www.eyas-flatware.com\/wp-content\/uploads\/2025\/08\/hq413-100x100.webp 100w\" sizes=\"(max-width: 800px) 100vw, 800px\" \/><\/p>\n<p><img decoding=\"async\" class=\"aligncenter size-full wp-image-2146\" src=\"http:\/\/eyas-flatware.com\/wp-content\/uploads\/2025\/08\/hq413-1.webp\" alt=\"Hei\u00dfer Verkauf k\u00f6niglichen Edelstahl Besteck Set Spiegel polieren modernen Luxus Besteck Set geeignet f\u00fcr Hochzeitsfeier\" width=\"800\" height=\"800\" srcset=\"https:\/\/www.eyas-flatware.com\/wp-content\/uploads\/2025\/08\/hq413-1.webp 800w, https:\/\/www.eyas-flatware.com\/wp-content\/uploads\/2025\/08\/hq413-1-300x300.webp 300w, https:\/\/www.eyas-flatware.com\/wp-content\/uploads\/2025\/08\/hq413-1-150x150.webp 150w, https:\/\/www.eyas-flatware.com\/wp-content\/uploads\/2025\/08\/hq413-1-768x768.webp 768w, https:\/\/www.eyas-flatware.com\/wp-content\/uploads\/2025\/08\/hq413-1-12x12.webp 12w, https:\/\/www.eyas-flatware.com\/wp-content\/uploads\/2025\/08\/hq413-1-600x600.webp 600w, https:\/\/www.eyas-flatware.com\/wp-content\/uploads\/2025\/08\/hq413-1-100x100.webp 100w\" sizes=\"(max-width: 800px) 100vw, 800px\" \/><\/p>","protected":false},"excerpt":{"rendered":"","protected":false},"featured_media":2145,"comment_status":"open","ping_status":"closed","template":"","meta":{"_seopress_robots_primary_cat":"none","_seopress_titles_title":"","_seopress_titles_desc":"","_seopress_robots_index":""},"product_brand":[],"product_cat":[46],"product_tag":[],"class_list":{"0":"post-2144","1":"product","2":"type-product","3":"status-publish","4":"has-post-thumbnail","6":"product_cat-full-tang-cutlery","8":"first","9":"instock","10":"shipping-taxable","11":"product-type-simple"},"_links":{"self":[{"href":"https:\/\/www.eyas-flatware.com\/de\/wp-json\/wp\/v2\/product\/2144","targetHints":{"allow":["GET"]}}],"collection":[{"href":"https:\/\/www.eyas-flatware.com\/de\/wp-json\/wp\/v2\/product"}],"about":[{"href":"https:\/\/www.eyas-flatware.com\/de\/wp-json\/wp\/v2\/types\/product"}],"replies":[{"embeddable":true,"href":"https:\/\/www.eyas-flatware.com\/de\/wp-json\/wp\/v2\/comments?post=2144"}],"wp:featuredmedia":[{"embeddable":true,"href":"https:\/\/www.eyas-flatware.com\/de\/wp-json\/wp\/v2\/media\/2145"}],"wp:attachment":[{"href":"https:\/\/www.eyas-flatware.com\/de\/wp-json\/wp\/v2\/media?parent=2144"}],"wp:term":[{"taxonomy":"product_brand","embeddable":true,"href":"https:\/\/www.eyas-flatware.com\/de\/wp-json\/wp\/v2\/product_brand?post=2144"},{"taxonomy":"product_cat","embeddable":true,"href":"https:\/\/www.eyas-flatware.com\/de\/wp-json\/wp\/v2\/product_cat?post=2144"},{"taxonomy":"product_tag","embeddable":true,"href":"https:\/\/www.eyas-flatware.com\/de\/wp-json\/wp\/v2\/product_tag?post=2144"}],"curies":[{"name":"wp","href":"https:\/\/api.w.org\/{rel}","templated":true}]}}