{"id":2123,"date":"2025-08-02T03:05:01","date_gmt":"2025-08-02T03:05:01","guid":{"rendered":"https:\/\/eyas-flatware.com\/?post_type=product&#038;p=2123"},"modified":"2025-08-02T03:33:28","modified_gmt":"2025-08-02T03:33:28","slug":"benutzerdefinierte-besteck-18-0-edelstahl-bulk-camping-hohe-qualitat-besteck-set-loffel-gabel-messer-teeloffel-set","status":"publish","type":"product","link":"https:\/\/www.eyas-flatware.com\/de\/produkt\/benutzerdefinierte-besteck-18-0-edelstahl-bulk-camping-hohe-qualitat-besteck-set-loffel-gabel-messer-teeloffel-set\/","title":{"rendered":"Benutzerdefinierte Besteck 18\/0 Edelstahl Bulk Camping Hochwertige Besteck Set L\u00f6ffel Gabel Messer Teel\u00f6ffel Set"},"content":{"rendered":"<p><img fetchpriority=\"high\" decoding=\"async\" class=\"aligncenter size-full wp-image-2126\" src=\"http:\/\/eyas-flatware.com\/wp-content\/uploads\/2025\/08\/hq409.webp\" alt=\"benutzerdefinierte Besteck 18\/0 Edelstahl Bulk Camping hohe Qualit\u00e4t Besteck Set L\u00f6ffel Gabel Messer Teel\u00f6ffel Set\" width=\"800\" height=\"800\" srcset=\"https:\/\/www.eyas-flatware.com\/wp-content\/uploads\/2025\/08\/hq409.webp 800w, https:\/\/www.eyas-flatware.com\/wp-content\/uploads\/2025\/08\/hq409-300x300.webp 300w, https:\/\/www.eyas-flatware.com\/wp-content\/uploads\/2025\/08\/hq409-150x150.webp 150w, https:\/\/www.eyas-flatware.com\/wp-content\/uploads\/2025\/08\/hq409-768x768.webp 768w, https:\/\/www.eyas-flatware.com\/wp-content\/uploads\/2025\/08\/hq409-12x12.webp 12w, https:\/\/www.eyas-flatware.com\/wp-content\/uploads\/2025\/08\/hq409-600x600.webp 600w, https:\/\/www.eyas-flatware.com\/wp-content\/uploads\/2025\/08\/hq409-100x100.webp 100w\" sizes=\"(max-width: 800px) 100vw, 800px\" \/><\/p>\n<p><img decoding=\"async\" class=\"aligncenter size-full wp-image-2127\" src=\"http:\/\/eyas-flatware.com\/wp-content\/uploads\/2025\/08\/hq409-glossy.webp\" alt=\"benutzerdefinierte Besteck 18\/0 Edelstahl Bulk Camping hohe Qualit\u00e4t Besteck Set L\u00f6ffel Gabel Messer Teel\u00f6ffel Set\" width=\"800\" height=\"800\" srcset=\"https:\/\/www.eyas-flatware.com\/wp-content\/uploads\/2025\/08\/hq409-glossy.webp 800w, https:\/\/www.eyas-flatware.com\/wp-content\/uploads\/2025\/08\/hq409-glossy-300x300.webp 300w, https:\/\/www.eyas-flatware.com\/wp-content\/uploads\/2025\/08\/hq409-glossy-150x150.webp 150w, https:\/\/www.eyas-flatware.com\/wp-content\/uploads\/2025\/08\/hq409-glossy-768x768.webp 768w, https:\/\/www.eyas-flatware.com\/wp-content\/uploads\/2025\/08\/hq409-glossy-12x12.webp 12w, https:\/\/www.eyas-flatware.com\/wp-content\/uploads\/2025\/08\/hq409-glossy-600x600.webp 600w, https:\/\/www.eyas-flatware.com\/wp-content\/uploads\/2025\/08\/hq409-glossy-100x100.webp 100w\" sizes=\"(max-width: 800px) 100vw, 800px\" \/><\/p>\n<p><img decoding=\"async\" class=\"aligncenter size-full wp-image-2125\" src=\"http:\/\/eyas-flatware.com\/wp-content\/uploads\/2025\/08\/409-matte.webp\" alt=\"benutzerdefinierte Besteck 18\/0 Edelstahl Bulk Camping hohe Qualit\u00e4t Besteck Set L\u00f6ffel Gabel Messer Teel\u00f6ffel Set\" width=\"800\" height=\"800\" srcset=\"https:\/\/www.eyas-flatware.com\/wp-content\/uploads\/2025\/08\/409-matte.webp 800w, https:\/\/www.eyas-flatware.com\/wp-content\/uploads\/2025\/08\/409-matte-300x300.webp 300w, https:\/\/www.eyas-flatware.com\/wp-content\/uploads\/2025\/08\/409-matte-150x150.webp 150w, https:\/\/www.eyas-flatware.com\/wp-content\/uploads\/2025\/08\/409-matte-768x768.webp 768w, https:\/\/www.eyas-flatware.com\/wp-content\/uploads\/2025\/08\/409-matte-12x12.webp 12w, https:\/\/www.eyas-flatware.com\/wp-content\/uploads\/2025\/08\/409-matte-600x600.webp 600w, https:\/\/www.eyas-flatware.com\/wp-content\/uploads\/2025\/08\/409-matte-100x100.webp 100w\" sizes=\"(max-width: 800px) 100vw, 800px\" \/><\/p>","protected":false},"excerpt":{"rendered":"","protected":false},"featured_media":2126,"comment_status":"open","ping_status":"closed","template":"","meta":{"_seopress_robots_primary_cat":"none","_seopress_titles_title":"","_seopress_titles_desc":"","_seopress_robots_index":""},"product_brand":[],"product_cat":[46],"product_tag":[],"class_list":{"0":"post-2123","1":"product","2":"type-product","3":"status-publish","4":"has-post-thumbnail","6":"product_cat-full-tang-cutlery","8":"first","9":"instock","10":"shipping-taxable","11":"product-type-simple"},"_links":{"self":[{"href":"https:\/\/www.eyas-flatware.com\/de\/wp-json\/wp\/v2\/product\/2123","targetHints":{"allow":["GET"]}}],"collection":[{"href":"https:\/\/www.eyas-flatware.com\/de\/wp-json\/wp\/v2\/product"}],"about":[{"href":"https:\/\/www.eyas-flatware.com\/de\/wp-json\/wp\/v2\/types\/product"}],"replies":[{"embeddable":true,"href":"https:\/\/www.eyas-flatware.com\/de\/wp-json\/wp\/v2\/comments?post=2123"}],"wp:featuredmedia":[{"embeddable":true,"href":"https:\/\/www.eyas-flatware.com\/de\/wp-json\/wp\/v2\/media\/2126"}],"wp:attachment":[{"href":"https:\/\/www.eyas-flatware.com\/de\/wp-json\/wp\/v2\/media?parent=2123"}],"wp:term":[{"taxonomy":"product_brand","embeddable":true,"href":"https:\/\/www.eyas-flatware.com\/de\/wp-json\/wp\/v2\/product_brand?post=2123"},{"taxonomy":"product_cat","embeddable":true,"href":"https:\/\/www.eyas-flatware.com\/de\/wp-json\/wp\/v2\/product_cat?post=2123"},{"taxonomy":"product_tag","embeddable":true,"href":"https:\/\/www.eyas-flatware.com\/de\/wp-json\/wp\/v2\/product_tag?post=2123"}],"curies":[{"name":"wp","href":"https:\/\/api.w.org\/{rel}","templated":true}]}}