{"id":2107,"date":"2025-08-02T02:34:12","date_gmt":"2025-08-02T02:34:12","guid":{"rendered":"https:\/\/eyas-flatware.com\/?post_type=product&#038;p=2107"},"modified":"2025-08-02T02:41:25","modified_gmt":"2025-08-02T02:41:25","slug":"neues-design-edelstahl-besteck-set-loffel-messer-gabel-teeloffel-set-geschirr-fur-haus-teil-hochzeit","status":"publish","type":"product","link":"https:\/\/www.eyas-flatware.com\/de\/produkt\/neues-design-edelstahl-besteck-set-loffel-messer-gabel-teeloffel-set-geschirr-fur-haus-teil-hochzeit\/","title":{"rendered":"Neues Design Edelstahl-Besteck Set L\u00f6ffel Messer Gabel Teel\u00f6ffel Set Geschirr f\u00fcr Home Part Hochzeit"},"content":{"rendered":"<p><img fetchpriority=\"high\" decoding=\"async\" class=\"aligncenter size-full wp-image-2108\" src=\"http:\/\/eyas-flatware.com\/wp-content\/uploads\/2025\/08\/3-6.webp\" alt=\"neues Design Edelstahl-Besteck Set L\u00f6ffel Messer Gabel Teel\u00f6ffel Set Geschirr f\u00fcr Haus Teil Hochzeit\" width=\"800\" height=\"800\" srcset=\"https:\/\/www.eyas-flatware.com\/wp-content\/uploads\/2025\/08\/3-6.webp 800w, https:\/\/www.eyas-flatware.com\/wp-content\/uploads\/2025\/08\/3-6-300x300.webp 300w, https:\/\/www.eyas-flatware.com\/wp-content\/uploads\/2025\/08\/3-6-150x150.webp 150w, https:\/\/www.eyas-flatware.com\/wp-content\/uploads\/2025\/08\/3-6-768x768.webp 768w, https:\/\/www.eyas-flatware.com\/wp-content\/uploads\/2025\/08\/3-6-12x12.webp 12w, https:\/\/www.eyas-flatware.com\/wp-content\/uploads\/2025\/08\/3-6-600x600.webp 600w, https:\/\/www.eyas-flatware.com\/wp-content\/uploads\/2025\/08\/3-6-100x100.webp 100w\" sizes=\"(max-width: 800px) 100vw, 800px\" \/><\/p>\n<p><img decoding=\"async\" class=\"aligncenter size-full wp-image-2109\" src=\"http:\/\/eyas-flatware.com\/wp-content\/uploads\/2025\/08\/4-8.webp\" alt=\"neues Design Edelstahl-Besteck Set L\u00f6ffel Messer Gabel Teel\u00f6ffel Set Geschirr f\u00fcr Haus Teil Hochzeit\" width=\"800\" height=\"800\" srcset=\"https:\/\/www.eyas-flatware.com\/wp-content\/uploads\/2025\/08\/4-8.webp 800w, https:\/\/www.eyas-flatware.com\/wp-content\/uploads\/2025\/08\/4-8-300x300.webp 300w, https:\/\/www.eyas-flatware.com\/wp-content\/uploads\/2025\/08\/4-8-150x150.webp 150w, https:\/\/www.eyas-flatware.com\/wp-content\/uploads\/2025\/08\/4-8-768x768.webp 768w, https:\/\/www.eyas-flatware.com\/wp-content\/uploads\/2025\/08\/4-8-12x12.webp 12w, https:\/\/www.eyas-flatware.com\/wp-content\/uploads\/2025\/08\/4-8-600x600.webp 600w, https:\/\/www.eyas-flatware.com\/wp-content\/uploads\/2025\/08\/4-8-100x100.webp 100w\" sizes=\"(max-width: 800px) 100vw, 800px\" \/><\/p>\n<p><img decoding=\"async\" class=\"aligncenter size-full wp-image-2110\" src=\"http:\/\/eyas-flatware.com\/wp-content\/uploads\/2025\/08\/8-3.webp\" alt=\"neues Design Edelstahl-Besteck Set L\u00f6ffel Messer Gabel Teel\u00f6ffel Set Geschirr f\u00fcr Haus Teil Hochzeit\" width=\"800\" height=\"800\" srcset=\"https:\/\/www.eyas-flatware.com\/wp-content\/uploads\/2025\/08\/8-3.webp 800w, https:\/\/www.eyas-flatware.com\/wp-content\/uploads\/2025\/08\/8-3-300x300.webp 300w, https:\/\/www.eyas-flatware.com\/wp-content\/uploads\/2025\/08\/8-3-150x150.webp 150w, https:\/\/www.eyas-flatware.com\/wp-content\/uploads\/2025\/08\/8-3-768x768.webp 768w, https:\/\/www.eyas-flatware.com\/wp-content\/uploads\/2025\/08\/8-3-12x12.webp 12w, https:\/\/www.eyas-flatware.com\/wp-content\/uploads\/2025\/08\/8-3-600x600.webp 600w, https:\/\/www.eyas-flatware.com\/wp-content\/uploads\/2025\/08\/8-3-100x100.webp 100w\" sizes=\"(max-width: 800px) 100vw, 800px\" \/><\/p>\n<p><img loading=\"lazy\" decoding=\"async\" class=\"aligncenter size-full wp-image-2111\" src=\"http:\/\/eyas-flatware.com\/wp-content\/uploads\/2025\/08\/hq405-1.webp\" alt=\"neues Design Edelstahl-Besteck Set L\u00f6ffel Messer Gabel Teel\u00f6ffel Set Geschirr f\u00fcr Haus Teil Hochzeit\" width=\"800\" height=\"800\" srcset=\"https:\/\/www.eyas-flatware.com\/wp-content\/uploads\/2025\/08\/hq405-1.webp 800w, https:\/\/www.eyas-flatware.com\/wp-content\/uploads\/2025\/08\/hq405-1-300x300.webp 300w, https:\/\/www.eyas-flatware.com\/wp-content\/uploads\/2025\/08\/hq405-1-150x150.webp 150w, https:\/\/www.eyas-flatware.com\/wp-content\/uploads\/2025\/08\/hq405-1-768x768.webp 768w, https:\/\/www.eyas-flatware.com\/wp-content\/uploads\/2025\/08\/hq405-1-12x12.webp 12w, https:\/\/www.eyas-flatware.com\/wp-content\/uploads\/2025\/08\/hq405-1-600x600.webp 600w, https:\/\/www.eyas-flatware.com\/wp-content\/uploads\/2025\/08\/hq405-1-100x100.webp 100w\" sizes=\"(max-width: 800px) 100vw, 800px\" \/><\/p>","protected":false},"excerpt":{"rendered":"","protected":false},"featured_media":2108,"comment_status":"open","ping_status":"closed","template":"","meta":{"_seopress_robots_primary_cat":"none","_seopress_titles_title":"","_seopress_titles_desc":"","_seopress_robots_index":""},"product_brand":[],"product_cat":[46],"product_tag":[],"class_list":{"0":"post-2107","1":"product","2":"type-product","3":"status-publish","4":"has-post-thumbnail","6":"product_cat-full-tang-cutlery","8":"first","9":"instock","10":"shipping-taxable","11":"product-type-simple"},"_links":{"self":[{"href":"https:\/\/www.eyas-flatware.com\/de\/wp-json\/wp\/v2\/product\/2107","targetHints":{"allow":["GET"]}}],"collection":[{"href":"https:\/\/www.eyas-flatware.com\/de\/wp-json\/wp\/v2\/product"}],"about":[{"href":"https:\/\/www.eyas-flatware.com\/de\/wp-json\/wp\/v2\/types\/product"}],"replies":[{"embeddable":true,"href":"https:\/\/www.eyas-flatware.com\/de\/wp-json\/wp\/v2\/comments?post=2107"}],"wp:featuredmedia":[{"embeddable":true,"href":"https:\/\/www.eyas-flatware.com\/de\/wp-json\/wp\/v2\/media\/2108"}],"wp:attachment":[{"href":"https:\/\/www.eyas-flatware.com\/de\/wp-json\/wp\/v2\/media?parent=2107"}],"wp:term":[{"taxonomy":"product_brand","embeddable":true,"href":"https:\/\/www.eyas-flatware.com\/de\/wp-json\/wp\/v2\/product_brand?post=2107"},{"taxonomy":"product_cat","embeddable":true,"href":"https:\/\/www.eyas-flatware.com\/de\/wp-json\/wp\/v2\/product_cat?post=2107"},{"taxonomy":"product_tag","embeddable":true,"href":"https:\/\/www.eyas-flatware.com\/de\/wp-json\/wp\/v2\/product_tag?post=2107"}],"curies":[{"name":"wp","href":"https:\/\/api.w.org\/{rel}","templated":true}]}}