{"id":2056,"date":"2025-08-01T08:06:27","date_gmt":"2025-08-01T08:06:27","guid":{"rendered":"https:\/\/eyas-flatware.com\/?post_type=product&#038;p=2056"},"modified":"2025-08-01T08:37:18","modified_gmt":"2025-08-01T08:37:18","slug":"fabrik-groshandel-weihnachten-geschenk-besteck-schneemann-baum-teeloffel-kaffee-loffel-kinder-loffel-geschirr-set","status":"publish","type":"product","link":"https:\/\/www.eyas-flatware.com\/de\/produkt\/fabrik-groshandel-weihnachten-geschenk-besteck-schneemann-baum-teeloffel-kaffee-loffel-kinder-loffel-geschirr-set\/","title":{"rendered":"Fabrik Gro\u00dfhandel Weihnachtsgeschenk Besteck Schneemann Baum Teel\u00f6ffel Kaffee L\u00f6ffel Kinder L\u00f6ffel Geschirr Set"},"content":{"rendered":"<p><img fetchpriority=\"high\" decoding=\"async\" class=\"aligncenter size-full wp-image-2060\" src=\"http:\/\/eyas-flatware.com\/wp-content\/uploads\/2025\/08\/2-2-1.webp\" alt=\"Fabrik Gro\u00dfhandel Weihnachten Geschenk Besteck Schneemann Baum Teel\u00f6ffel Kaffee L\u00f6ffel Kinder L\u00f6ffel Geschirr-Set\" width=\"800\" height=\"800\" srcset=\"https:\/\/www.eyas-flatware.com\/wp-content\/uploads\/2025\/08\/2-2-1.webp 800w, https:\/\/www.eyas-flatware.com\/wp-content\/uploads\/2025\/08\/2-2-1-300x300.webp 300w, https:\/\/www.eyas-flatware.com\/wp-content\/uploads\/2025\/08\/2-2-1-150x150.webp 150w, https:\/\/www.eyas-flatware.com\/wp-content\/uploads\/2025\/08\/2-2-1-768x768.webp 768w, https:\/\/www.eyas-flatware.com\/wp-content\/uploads\/2025\/08\/2-2-1-12x12.webp 12w, https:\/\/www.eyas-flatware.com\/wp-content\/uploads\/2025\/08\/2-2-1-600x600.webp 600w, https:\/\/www.eyas-flatware.com\/wp-content\/uploads\/2025\/08\/2-2-1-100x100.webp 100w\" sizes=\"(max-width: 800px) 100vw, 800px\" \/><\/p>\n<p><img decoding=\"async\" class=\"aligncenter size-full wp-image-2062\" src=\"http:\/\/eyas-flatware.com\/wp-content\/uploads\/2025\/08\/3-2.webp\" alt=\"Fabrik Gro\u00dfhandel Weihnachten Geschenk Besteck Schneemann Baum Teel\u00f6ffel Kaffee L\u00f6ffel Kinder L\u00f6ffel Geschirr-Set\" width=\"800\" height=\"800\" srcset=\"https:\/\/www.eyas-flatware.com\/wp-content\/uploads\/2025\/08\/3-2.webp 800w, https:\/\/www.eyas-flatware.com\/wp-content\/uploads\/2025\/08\/3-2-300x300.webp 300w, https:\/\/www.eyas-flatware.com\/wp-content\/uploads\/2025\/08\/3-2-150x150.webp 150w, https:\/\/www.eyas-flatware.com\/wp-content\/uploads\/2025\/08\/3-2-768x768.webp 768w, https:\/\/www.eyas-flatware.com\/wp-content\/uploads\/2025\/08\/3-2-12x12.webp 12w, https:\/\/www.eyas-flatware.com\/wp-content\/uploads\/2025\/08\/3-2-600x600.webp 600w, https:\/\/www.eyas-flatware.com\/wp-content\/uploads\/2025\/08\/3-2-100x100.webp 100w\" sizes=\"(max-width: 800px) 100vw, 800px\" \/><\/p>\n<p><img decoding=\"async\" class=\"aligncenter size-full wp-image-2064\" src=\"http:\/\/eyas-flatware.com\/wp-content\/uploads\/2025\/08\/4-2-1.webp\" alt=\"Fabrik Gro\u00dfhandel Weihnachten Geschenk Besteck Schneemann Baum Teel\u00f6ffel Kaffee L\u00f6ffel Kinder L\u00f6ffel Geschirr-Set\" width=\"800\" height=\"800\" srcset=\"https:\/\/www.eyas-flatware.com\/wp-content\/uploads\/2025\/08\/4-2-1.webp 800w, https:\/\/www.eyas-flatware.com\/wp-content\/uploads\/2025\/08\/4-2-1-300x300.webp 300w, https:\/\/www.eyas-flatware.com\/wp-content\/uploads\/2025\/08\/4-2-1-150x150.webp 150w, https:\/\/www.eyas-flatware.com\/wp-content\/uploads\/2025\/08\/4-2-1-768x768.webp 768w, https:\/\/www.eyas-flatware.com\/wp-content\/uploads\/2025\/08\/4-2-1-12x12.webp 12w, https:\/\/www.eyas-flatware.com\/wp-content\/uploads\/2025\/08\/4-2-1-600x600.webp 600w, https:\/\/www.eyas-flatware.com\/wp-content\/uploads\/2025\/08\/4-2-1-100x100.webp 100w\" sizes=\"(max-width: 800px) 100vw, 800px\" \/><\/p>\n<p><img loading=\"lazy\" decoding=\"async\" class=\"aligncenter size-full wp-image-2066\" src=\"http:\/\/eyas-flatware.com\/wp-content\/uploads\/2025\/08\/5-2-1.webp\" alt=\"Fabrik Gro\u00dfhandel Weihnachten Geschenk Besteck Schneemann Baum Teel\u00f6ffel Kaffee L\u00f6ffel Kinder L\u00f6ffel Geschirr-Set\" width=\"800\" height=\"800\" srcset=\"https:\/\/www.eyas-flatware.com\/wp-content\/uploads\/2025\/08\/5-2-1.webp 800w, https:\/\/www.eyas-flatware.com\/wp-content\/uploads\/2025\/08\/5-2-1-300x300.webp 300w, https:\/\/www.eyas-flatware.com\/wp-content\/uploads\/2025\/08\/5-2-1-150x150.webp 150w, https:\/\/www.eyas-flatware.com\/wp-content\/uploads\/2025\/08\/5-2-1-768x768.webp 768w, https:\/\/www.eyas-flatware.com\/wp-content\/uploads\/2025\/08\/5-2-1-12x12.webp 12w, https:\/\/www.eyas-flatware.com\/wp-content\/uploads\/2025\/08\/5-2-1-600x600.webp 600w, https:\/\/www.eyas-flatware.com\/wp-content\/uploads\/2025\/08\/5-2-1-100x100.webp 100w\" sizes=\"(max-width: 800px) 100vw, 800px\" \/><\/p>\n<p><img loading=\"lazy\" decoding=\"async\" class=\"aligncenter size-full wp-image-2067\" src=\"http:\/\/eyas-flatware.com\/wp-content\/uploads\/2025\/08\/6-3.webp\" alt=\"Fabrik Gro\u00dfhandel Weihnachten Geschenk Besteck Schneemann Baum Teel\u00f6ffel Kaffee L\u00f6ffel Kinder L\u00f6ffel Geschirr-Set\" width=\"800\" height=\"800\" srcset=\"https:\/\/www.eyas-flatware.com\/wp-content\/uploads\/2025\/08\/6-3.webp 800w, https:\/\/www.eyas-flatware.com\/wp-content\/uploads\/2025\/08\/6-3-300x300.webp 300w, https:\/\/www.eyas-flatware.com\/wp-content\/uploads\/2025\/08\/6-3-150x150.webp 150w, https:\/\/www.eyas-flatware.com\/wp-content\/uploads\/2025\/08\/6-3-768x768.webp 768w, https:\/\/www.eyas-flatware.com\/wp-content\/uploads\/2025\/08\/6-3-12x12.webp 12w, https:\/\/www.eyas-flatware.com\/wp-content\/uploads\/2025\/08\/6-3-600x600.webp 600w, https:\/\/www.eyas-flatware.com\/wp-content\/uploads\/2025\/08\/6-3-100x100.webp 100w\" sizes=\"(max-width: 800px) 100vw, 800px\" \/><\/p>\n<p><img loading=\"lazy\" decoding=\"async\" class=\"aligncenter size-full wp-image-2065\" src=\"http:\/\/eyas-flatware.com\/wp-content\/uploads\/2025\/08\/4-5.webp\" alt=\"Fabrik Gro\u00dfhandel Weihnachten Geschenk Besteck Schneemann Baum Teel\u00f6ffel Kaffee L\u00f6ffel Kinder L\u00f6ffel Geschirr-Set\" width=\"800\" height=\"800\" srcset=\"https:\/\/www.eyas-flatware.com\/wp-content\/uploads\/2025\/08\/4-5.webp 800w, https:\/\/www.eyas-flatware.com\/wp-content\/uploads\/2025\/08\/4-5-300x300.webp 300w, https:\/\/www.eyas-flatware.com\/wp-content\/uploads\/2025\/08\/4-5-150x150.webp 150w, https:\/\/www.eyas-flatware.com\/wp-content\/uploads\/2025\/08\/4-5-768x768.webp 768w, https:\/\/www.eyas-flatware.com\/wp-content\/uploads\/2025\/08\/4-5-12x12.webp 12w, https:\/\/www.eyas-flatware.com\/wp-content\/uploads\/2025\/08\/4-5-600x600.webp 600w, https:\/\/www.eyas-flatware.com\/wp-content\/uploads\/2025\/08\/4-5-100x100.webp 100w\" sizes=\"(max-width: 800px) 100vw, 800px\" \/><\/p>\n<p><img loading=\"lazy\" decoding=\"async\" class=\"aligncenter size-full wp-image-2063\" src=\"http:\/\/eyas-flatware.com\/wp-content\/uploads\/2025\/08\/3-3.webp\" alt=\"Fabrik Gro\u00dfhandel Weihnachten Geschenk Besteck Schneemann Baum Teel\u00f6ffel Kaffee L\u00f6ffel Kinder L\u00f6ffel Geschirr-Set\" width=\"800\" height=\"800\" srcset=\"https:\/\/www.eyas-flatware.com\/wp-content\/uploads\/2025\/08\/3-3.webp 800w, https:\/\/www.eyas-flatware.com\/wp-content\/uploads\/2025\/08\/3-3-300x300.webp 300w, https:\/\/www.eyas-flatware.com\/wp-content\/uploads\/2025\/08\/3-3-150x150.webp 150w, https:\/\/www.eyas-flatware.com\/wp-content\/uploads\/2025\/08\/3-3-768x768.webp 768w, https:\/\/www.eyas-flatware.com\/wp-content\/uploads\/2025\/08\/3-3-12x12.webp 12w, https:\/\/www.eyas-flatware.com\/wp-content\/uploads\/2025\/08\/3-3-600x600.webp 600w, https:\/\/www.eyas-flatware.com\/wp-content\/uploads\/2025\/08\/3-3-100x100.webp 100w\" sizes=\"(max-width: 800px) 100vw, 800px\" \/><\/p>\n<p><img loading=\"lazy\" decoding=\"async\" class=\"aligncenter size-full wp-image-2061\" src=\"http:\/\/eyas-flatware.com\/wp-content\/uploads\/2025\/08\/2-3.webp\" alt=\"Fabrik Gro\u00dfhandel Weihnachten Geschenk Besteck Schneemann Baum Teel\u00f6ffel Kaffee L\u00f6ffel Kinder L\u00f6ffel Geschirr-Set\" width=\"800\" height=\"800\" srcset=\"https:\/\/www.eyas-flatware.com\/wp-content\/uploads\/2025\/08\/2-3.webp 800w, https:\/\/www.eyas-flatware.com\/wp-content\/uploads\/2025\/08\/2-3-300x300.webp 300w, https:\/\/www.eyas-flatware.com\/wp-content\/uploads\/2025\/08\/2-3-150x150.webp 150w, https:\/\/www.eyas-flatware.com\/wp-content\/uploads\/2025\/08\/2-3-768x768.webp 768w, https:\/\/www.eyas-flatware.com\/wp-content\/uploads\/2025\/08\/2-3-12x12.webp 12w, https:\/\/www.eyas-flatware.com\/wp-content\/uploads\/2025\/08\/2-3-600x600.webp 600w, https:\/\/www.eyas-flatware.com\/wp-content\/uploads\/2025\/08\/2-3-100x100.webp 100w\" sizes=\"(max-width: 800px) 100vw, 800px\" \/><\/p>\n<p><img loading=\"lazy\" decoding=\"async\" class=\"aligncenter size-full wp-image-2059\" src=\"http:\/\/eyas-flatware.com\/wp-content\/uploads\/2025\/08\/1-3.webp\" alt=\"Fabrik Gro\u00dfhandel Weihnachten Geschenk Besteck Schneemann Baum Teel\u00f6ffel Kaffee L\u00f6ffel Kinder L\u00f6ffel Geschirr-Set\" width=\"800\" height=\"800\" srcset=\"https:\/\/www.eyas-flatware.com\/wp-content\/uploads\/2025\/08\/1-3.webp 800w, https:\/\/www.eyas-flatware.com\/wp-content\/uploads\/2025\/08\/1-3-300x300.webp 300w, https:\/\/www.eyas-flatware.com\/wp-content\/uploads\/2025\/08\/1-3-150x150.webp 150w, https:\/\/www.eyas-flatware.com\/wp-content\/uploads\/2025\/08\/1-3-768x768.webp 768w, https:\/\/www.eyas-flatware.com\/wp-content\/uploads\/2025\/08\/1-3-12x12.webp 12w, https:\/\/www.eyas-flatware.com\/wp-content\/uploads\/2025\/08\/1-3-600x600.webp 600w, https:\/\/www.eyas-flatware.com\/wp-content\/uploads\/2025\/08\/1-3-100x100.webp 100w\" sizes=\"(max-width: 800px) 100vw, 800px\" \/><\/p>\n<p><img loading=\"lazy\" decoding=\"async\" class=\"aligncenter size-full wp-image-2058\" src=\"http:\/\/eyas-flatware.com\/wp-content\/uploads\/2025\/08\/1-2.webp\" alt=\"Fabrik Gro\u00dfhandel Weihnachten Geschenk Besteck Schneemann Baum Teel\u00f6ffel Kaffee L\u00f6ffel Kinder L\u00f6ffel Geschirr-Set\" width=\"800\" height=\"800\" srcset=\"https:\/\/www.eyas-flatware.com\/wp-content\/uploads\/2025\/08\/1-2.webp 800w, https:\/\/www.eyas-flatware.com\/wp-content\/uploads\/2025\/08\/1-2-300x300.webp 300w, https:\/\/www.eyas-flatware.com\/wp-content\/uploads\/2025\/08\/1-2-150x150.webp 150w, https:\/\/www.eyas-flatware.com\/wp-content\/uploads\/2025\/08\/1-2-768x768.webp 768w, https:\/\/www.eyas-flatware.com\/wp-content\/uploads\/2025\/08\/1-2-12x12.webp 12w, https:\/\/www.eyas-flatware.com\/wp-content\/uploads\/2025\/08\/1-2-600x600.webp 600w, https:\/\/www.eyas-flatware.com\/wp-content\/uploads\/2025\/08\/1-2-100x100.webp 100w\" sizes=\"(max-width: 800px) 100vw, 800px\" \/><\/p>","protected":false},"excerpt":{"rendered":"","protected":false},"featured_media":2060,"comment_status":"open","ping_status":"closed","template":"","meta":{"_seopress_robots_primary_cat":"none","_seopress_titles_title":"","_seopress_titles_desc":"","_seopress_robots_index":""},"product_brand":[],"product_cat":[46],"product_tag":[],"class_list":{"0":"post-2056","1":"product","2":"type-product","3":"status-publish","4":"has-post-thumbnail","6":"product_cat-full-tang-cutlery","8":"first","9":"instock","10":"shipping-taxable","11":"product-type-simple"},"_links":{"self":[{"href":"https:\/\/www.eyas-flatware.com\/de\/wp-json\/wp\/v2\/product\/2056","targetHints":{"allow":["GET"]}}],"collection":[{"href":"https:\/\/www.eyas-flatware.com\/de\/wp-json\/wp\/v2\/product"}],"about":[{"href":"https:\/\/www.eyas-flatware.com\/de\/wp-json\/wp\/v2\/types\/product"}],"replies":[{"embeddable":true,"href":"https:\/\/www.eyas-flatware.com\/de\/wp-json\/wp\/v2\/comments?post=2056"}],"wp:featuredmedia":[{"embeddable":true,"href":"https:\/\/www.eyas-flatware.com\/de\/wp-json\/wp\/v2\/media\/2060"}],"wp:attachment":[{"href":"https:\/\/www.eyas-flatware.com\/de\/wp-json\/wp\/v2\/media?parent=2056"}],"wp:term":[{"taxonomy":"product_brand","embeddable":true,"href":"https:\/\/www.eyas-flatware.com\/de\/wp-json\/wp\/v2\/product_brand?post=2056"},{"taxonomy":"product_cat","embeddable":true,"href":"https:\/\/www.eyas-flatware.com\/de\/wp-json\/wp\/v2\/product_cat?post=2056"},{"taxonomy":"product_tag","embeddable":true,"href":"https:\/\/www.eyas-flatware.com\/de\/wp-json\/wp\/v2\/product_tag?post=2056"}],"curies":[{"name":"wp","href":"https:\/\/api.w.org\/{rel}","templated":true}]}}