{"id":1486,"date":"2025-07-22T07:28:57","date_gmt":"2025-07-22T07:28:57","guid":{"rendered":"https:\/\/eyas-flatware.com\/?post_type=product&#038;p=1486"},"modified":"2025-07-31T07:42:15","modified_gmt":"2025-07-31T07:42:15","slug":"groshandel-konigliche-tragbare-hochzeit-voller-tang-edelstahl-haus-gut-besteck-setzt-abendessen-loffel-gabeln-und-messer","status":"publish","type":"product","link":"https:\/\/www.eyas-flatware.com\/de\/produkt\/groshandel-konigliche-tragbare-hochzeit-voller-tang-edelstahl-haus-gut-besteck-setzt-abendessen-loffel-gabeln-und-messer\/","title":{"rendered":"Gro\u00dfhandel Royal Portable Hochzeit Full Tang Edelstahl Home Good Besteck Sets Abendessen L\u00f6ffel Gabeln und Messer"},"content":{"rendered":"<p><img fetchpriority=\"high\" decoding=\"async\" class=\"aligncenter size-full wp-image-1557\" src=\"http:\/\/eyas-flatware.com\/wp-content\/uploads\/2025\/07\/hq294-1.webp\" alt=\"Gro\u00dfhandel k\u00f6nigliche tragbare Hochzeit voller Tang Edelstahl Haus gut Besteck setzt Abendessen L\u00f6ffel Gabeln und Messer\" width=\"800\" height=\"800\" srcset=\"https:\/\/www.eyas-flatware.com\/wp-content\/uploads\/2025\/07\/hq294-1.webp 800w, https:\/\/www.eyas-flatware.com\/wp-content\/uploads\/2025\/07\/hq294-1-300x300.webp 300w, https:\/\/www.eyas-flatware.com\/wp-content\/uploads\/2025\/07\/hq294-1-150x150.webp 150w, https:\/\/www.eyas-flatware.com\/wp-content\/uploads\/2025\/07\/hq294-1-768x768.webp 768w, https:\/\/www.eyas-flatware.com\/wp-content\/uploads\/2025\/07\/hq294-1-12x12.webp 12w, https:\/\/www.eyas-flatware.com\/wp-content\/uploads\/2025\/07\/hq294-1-600x600.webp 600w, https:\/\/www.eyas-flatware.com\/wp-content\/uploads\/2025\/07\/hq294-1-100x100.webp 100w\" sizes=\"(max-width: 800px) 100vw, 800px\" \/><\/p>\n<p><img decoding=\"async\" class=\"aligncenter size-full wp-image-1558\" src=\"http:\/\/eyas-flatware.com\/wp-content\/uploads\/2025\/07\/hq294-2.webp\" alt=\"Gro\u00dfhandel k\u00f6nigliche tragbare Hochzeit voller Tang Edelstahl Haus gut Besteck setzt Abendessen L\u00f6ffel Gabeln und Messer\" width=\"800\" height=\"800\" srcset=\"https:\/\/www.eyas-flatware.com\/wp-content\/uploads\/2025\/07\/hq294-2.webp 800w, https:\/\/www.eyas-flatware.com\/wp-content\/uploads\/2025\/07\/hq294-2-300x300.webp 300w, https:\/\/www.eyas-flatware.com\/wp-content\/uploads\/2025\/07\/hq294-2-150x150.webp 150w, https:\/\/www.eyas-flatware.com\/wp-content\/uploads\/2025\/07\/hq294-2-768x768.webp 768w, https:\/\/www.eyas-flatware.com\/wp-content\/uploads\/2025\/07\/hq294-2-12x12.webp 12w, https:\/\/www.eyas-flatware.com\/wp-content\/uploads\/2025\/07\/hq294-2-600x600.webp 600w, https:\/\/www.eyas-flatware.com\/wp-content\/uploads\/2025\/07\/hq294-2-100x100.webp 100w\" sizes=\"(max-width: 800px) 100vw, 800px\" \/><\/p>\n<p><img decoding=\"async\" class=\"aligncenter size-full wp-image-1559\" src=\"http:\/\/eyas-flatware.com\/wp-content\/uploads\/2025\/07\/hq294-3.webp\" alt=\"Gro\u00dfhandel k\u00f6nigliche tragbare Hochzeit voller Tang Edelstahl Haus gut Besteck setzt Abendessen L\u00f6ffel Gabeln und Messer\" width=\"800\" height=\"800\" srcset=\"https:\/\/www.eyas-flatware.com\/wp-content\/uploads\/2025\/07\/hq294-3.webp 800w, https:\/\/www.eyas-flatware.com\/wp-content\/uploads\/2025\/07\/hq294-3-300x300.webp 300w, https:\/\/www.eyas-flatware.com\/wp-content\/uploads\/2025\/07\/hq294-3-150x150.webp 150w, https:\/\/www.eyas-flatware.com\/wp-content\/uploads\/2025\/07\/hq294-3-768x768.webp 768w, https:\/\/www.eyas-flatware.com\/wp-content\/uploads\/2025\/07\/hq294-3-12x12.webp 12w, https:\/\/www.eyas-flatware.com\/wp-content\/uploads\/2025\/07\/hq294-3-600x600.webp 600w, https:\/\/www.eyas-flatware.com\/wp-content\/uploads\/2025\/07\/hq294-3-100x100.webp 100w\" sizes=\"(max-width: 800px) 100vw, 800px\" \/><\/p>\n<p><img loading=\"lazy\" decoding=\"async\" class=\"aligncenter size-full wp-image-1560\" src=\"http:\/\/eyas-flatware.com\/wp-content\/uploads\/2025\/07\/hq294-4.webp\" alt=\"Gro\u00dfhandel k\u00f6nigliche tragbare Hochzeit voller Tang Edelstahl Haus gut Besteck setzt Abendessen L\u00f6ffel Gabeln und Messer\" width=\"800\" height=\"800\" srcset=\"https:\/\/www.eyas-flatware.com\/wp-content\/uploads\/2025\/07\/hq294-4.webp 800w, https:\/\/www.eyas-flatware.com\/wp-content\/uploads\/2025\/07\/hq294-4-300x300.webp 300w, https:\/\/www.eyas-flatware.com\/wp-content\/uploads\/2025\/07\/hq294-4-150x150.webp 150w, https:\/\/www.eyas-flatware.com\/wp-content\/uploads\/2025\/07\/hq294-4-768x768.webp 768w, https:\/\/www.eyas-flatware.com\/wp-content\/uploads\/2025\/07\/hq294-4-12x12.webp 12w, https:\/\/www.eyas-flatware.com\/wp-content\/uploads\/2025\/07\/hq294-4-600x600.webp 600w, https:\/\/www.eyas-flatware.com\/wp-content\/uploads\/2025\/07\/hq294-4-100x100.webp 100w\" sizes=\"(max-width: 800px) 100vw, 800px\" \/><\/p>\n<p><img loading=\"lazy\" decoding=\"async\" class=\"aligncenter size-full wp-image-1561\" src=\"http:\/\/eyas-flatware.com\/wp-content\/uploads\/2025\/07\/hq294-5.webp\" alt=\"Gro\u00dfhandel k\u00f6nigliche tragbare Hochzeit voller Tang Edelstahl Haus gut Besteck setzt Abendessen L\u00f6ffel Gabeln und Messer\" width=\"800\" height=\"800\" srcset=\"https:\/\/www.eyas-flatware.com\/wp-content\/uploads\/2025\/07\/hq294-5.webp 800w, https:\/\/www.eyas-flatware.com\/wp-content\/uploads\/2025\/07\/hq294-5-300x300.webp 300w, https:\/\/www.eyas-flatware.com\/wp-content\/uploads\/2025\/07\/hq294-5-150x150.webp 150w, https:\/\/www.eyas-flatware.com\/wp-content\/uploads\/2025\/07\/hq294-5-768x768.webp 768w, https:\/\/www.eyas-flatware.com\/wp-content\/uploads\/2025\/07\/hq294-5-12x12.webp 12w, https:\/\/www.eyas-flatware.com\/wp-content\/uploads\/2025\/07\/hq294-5-600x600.webp 600w, https:\/\/www.eyas-flatware.com\/wp-content\/uploads\/2025\/07\/hq294-5-100x100.webp 100w\" sizes=\"(max-width: 800px) 100vw, 800px\" \/><\/p>\n<p><img loading=\"lazy\" decoding=\"async\" class=\"aligncenter size-full wp-image-1562\" src=\"http:\/\/eyas-flatware.com\/wp-content\/uploads\/2025\/07\/hq294-6.webp\" alt=\"Gro\u00dfhandel k\u00f6nigliche tragbare Hochzeit voller Tang Edelstahl Haus gut Besteck setzt Abendessen L\u00f6ffel Gabeln und Messer\" width=\"800\" height=\"800\" srcset=\"https:\/\/www.eyas-flatware.com\/wp-content\/uploads\/2025\/07\/hq294-6.webp 800w, https:\/\/www.eyas-flatware.com\/wp-content\/uploads\/2025\/07\/hq294-6-300x300.webp 300w, https:\/\/www.eyas-flatware.com\/wp-content\/uploads\/2025\/07\/hq294-6-150x150.webp 150w, https:\/\/www.eyas-flatware.com\/wp-content\/uploads\/2025\/07\/hq294-6-768x768.webp 768w, https:\/\/www.eyas-flatware.com\/wp-content\/uploads\/2025\/07\/hq294-6-12x12.webp 12w, https:\/\/www.eyas-flatware.com\/wp-content\/uploads\/2025\/07\/hq294-6-600x600.webp 600w, https:\/\/www.eyas-flatware.com\/wp-content\/uploads\/2025\/07\/hq294-6-100x100.webp 100w\" sizes=\"(max-width: 800px) 100vw, 800px\" \/><\/p>\n<p><img loading=\"lazy\" decoding=\"async\" class=\"aligncenter size-full wp-image-1563\" src=\"http:\/\/eyas-flatware.com\/wp-content\/uploads\/2025\/07\/hq294-7.webp\" alt=\"Gro\u00dfhandel k\u00f6nigliche tragbare Hochzeit voller Tang Edelstahl Haus gut Besteck setzt Abendessen L\u00f6ffel Gabeln und Messer\" width=\"800\" height=\"800\" srcset=\"https:\/\/www.eyas-flatware.com\/wp-content\/uploads\/2025\/07\/hq294-7.webp 800w, https:\/\/www.eyas-flatware.com\/wp-content\/uploads\/2025\/07\/hq294-7-300x300.webp 300w, https:\/\/www.eyas-flatware.com\/wp-content\/uploads\/2025\/07\/hq294-7-150x150.webp 150w, https:\/\/www.eyas-flatware.com\/wp-content\/uploads\/2025\/07\/hq294-7-768x768.webp 768w, https:\/\/www.eyas-flatware.com\/wp-content\/uploads\/2025\/07\/hq294-7-12x12.webp 12w, https:\/\/www.eyas-flatware.com\/wp-content\/uploads\/2025\/07\/hq294-7-600x600.webp 600w, https:\/\/www.eyas-flatware.com\/wp-content\/uploads\/2025\/07\/hq294-7-100x100.webp 100w\" sizes=\"(max-width: 800px) 100vw, 800px\" \/><\/p>","protected":false},"excerpt":{"rendered":"","protected":false},"featured_media":1557,"comment_status":"open","ping_status":"closed","template":"","meta":{"_seopress_robots_primary_cat":"none","_seopress_titles_title":"","_seopress_titles_desc":"","_seopress_robots_index":""},"product_brand":[],"product_cat":[48],"product_tag":[],"class_list":{"0":"post-1486","1":"product","2":"type-product","3":"status-publish","4":"has-post-thumbnail","6":"product_cat-plastic-handle-full-tang-cutlery","8":"first","9":"instock","10":"featured","11":"shipping-taxable","12":"product-type-simple"},"_links":{"self":[{"href":"https:\/\/www.eyas-flatware.com\/de\/wp-json\/wp\/v2\/product\/1486","targetHints":{"allow":["GET"]}}],"collection":[{"href":"https:\/\/www.eyas-flatware.com\/de\/wp-json\/wp\/v2\/product"}],"about":[{"href":"https:\/\/www.eyas-flatware.com\/de\/wp-json\/wp\/v2\/types\/product"}],"replies":[{"embeddable":true,"href":"https:\/\/www.eyas-flatware.com\/de\/wp-json\/wp\/v2\/comments?post=1486"}],"wp:featuredmedia":[{"embeddable":true,"href":"https:\/\/www.eyas-flatware.com\/de\/wp-json\/wp\/v2\/media\/1557"}],"wp:attachment":[{"href":"https:\/\/www.eyas-flatware.com\/de\/wp-json\/wp\/v2\/media?parent=1486"}],"wp:term":[{"taxonomy":"product_brand","embeddable":true,"href":"https:\/\/www.eyas-flatware.com\/de\/wp-json\/wp\/v2\/product_brand?post=1486"},{"taxonomy":"product_cat","embeddable":true,"href":"https:\/\/www.eyas-flatware.com\/de\/wp-json\/wp\/v2\/product_cat?post=1486"},{"taxonomy":"product_tag","embeddable":true,"href":"https:\/\/www.eyas-flatware.com\/de\/wp-json\/wp\/v2\/product_tag?post=1486"}],"curies":[{"name":"wp","href":"https:\/\/api.w.org\/{rel}","templated":true}]}}