{"id":1485,"date":"2025-07-22T07:19:53","date_gmt":"2025-07-22T07:19:53","guid":{"rendered":"https:\/\/eyas-flatware.com\/?post_type=product&#038;p=1485"},"modified":"2025-07-31T08:30:08","modified_gmt":"2025-07-31T08:30:08","slug":"fabrik-groshandel-flachgeschirr-edelstahl-besteck-loffel-gabel-messer-teeloffel","status":"publish","type":"product","link":"https:\/\/www.eyas-flatware.com\/de\/produkt\/fabrik-groshandel-flachgeschirr-edelstahl-besteck-loffel-gabel-messer-teeloffel\/","title":{"rendered":"Fabrik Gro\u00dfhandel Besteck Edelstahl Besteck L\u00f6ffel Gabel Messer Teel\u00f6ffel"},"content":{"rendered":"<p><img fetchpriority=\"high\" decoding=\"async\" class=\"aligncenter size-full wp-image-1553\" src=\"http:\/\/eyas-flatware.com\/wp-content\/uploads\/2025\/07\/hq274-5.webp\" alt=\"Fabrik Gro\u00dfhandel Flachgeschirr Edelstahl Besteck L\u00f6ffel Gabel Messer Teel\u00f6ffel\" width=\"800\" height=\"800\" srcset=\"https:\/\/www.eyas-flatware.com\/wp-content\/uploads\/2025\/07\/hq274-5.webp 800w, https:\/\/www.eyas-flatware.com\/wp-content\/uploads\/2025\/07\/hq274-5-300x300.webp 300w, https:\/\/www.eyas-flatware.com\/wp-content\/uploads\/2025\/07\/hq274-5-150x150.webp 150w, https:\/\/www.eyas-flatware.com\/wp-content\/uploads\/2025\/07\/hq274-5-768x768.webp 768w, https:\/\/www.eyas-flatware.com\/wp-content\/uploads\/2025\/07\/hq274-5-12x12.webp 12w, https:\/\/www.eyas-flatware.com\/wp-content\/uploads\/2025\/07\/hq274-5-600x600.webp 600w, https:\/\/www.eyas-flatware.com\/wp-content\/uploads\/2025\/07\/hq274-5-100x100.webp 100w\" sizes=\"(max-width: 800px) 100vw, 800px\" \/><\/p>\n<p><img decoding=\"async\" class=\"aligncenter size-full wp-image-1552\" src=\"http:\/\/eyas-flatware.com\/wp-content\/uploads\/2025\/07\/hq274-4.webp\" alt=\"Fabrik Gro\u00dfhandel Flachgeschirr Edelstahl Besteck L\u00f6ffel Gabel Messer Teel\u00f6ffel\" width=\"800\" height=\"800\" srcset=\"https:\/\/www.eyas-flatware.com\/wp-content\/uploads\/2025\/07\/hq274-4.webp 800w, https:\/\/www.eyas-flatware.com\/wp-content\/uploads\/2025\/07\/hq274-4-300x300.webp 300w, https:\/\/www.eyas-flatware.com\/wp-content\/uploads\/2025\/07\/hq274-4-150x150.webp 150w, https:\/\/www.eyas-flatware.com\/wp-content\/uploads\/2025\/07\/hq274-4-768x768.webp 768w, https:\/\/www.eyas-flatware.com\/wp-content\/uploads\/2025\/07\/hq274-4-12x12.webp 12w, https:\/\/www.eyas-flatware.com\/wp-content\/uploads\/2025\/07\/hq274-4-600x600.webp 600w, https:\/\/www.eyas-flatware.com\/wp-content\/uploads\/2025\/07\/hq274-4-100x100.webp 100w\" sizes=\"(max-width: 800px) 100vw, 800px\" \/><\/p>\n<p><img decoding=\"async\" class=\"aligncenter size-full wp-image-1551\" src=\"http:\/\/eyas-flatware.com\/wp-content\/uploads\/2025\/07\/hq274-3.webp\" alt=\"Fabrik Gro\u00dfhandel Flachgeschirr Edelstahl Besteck L\u00f6ffel Gabel Messer Teel\u00f6ffel\" width=\"800\" height=\"800\" srcset=\"https:\/\/www.eyas-flatware.com\/wp-content\/uploads\/2025\/07\/hq274-3.webp 800w, https:\/\/www.eyas-flatware.com\/wp-content\/uploads\/2025\/07\/hq274-3-300x300.webp 300w, https:\/\/www.eyas-flatware.com\/wp-content\/uploads\/2025\/07\/hq274-3-150x150.webp 150w, https:\/\/www.eyas-flatware.com\/wp-content\/uploads\/2025\/07\/hq274-3-768x768.webp 768w, https:\/\/www.eyas-flatware.com\/wp-content\/uploads\/2025\/07\/hq274-3-12x12.webp 12w, https:\/\/www.eyas-flatware.com\/wp-content\/uploads\/2025\/07\/hq274-3-600x600.webp 600w, https:\/\/www.eyas-flatware.com\/wp-content\/uploads\/2025\/07\/hq274-3-100x100.webp 100w\" sizes=\"(max-width: 800px) 100vw, 800px\" \/><\/p>\n<p><img loading=\"lazy\" decoding=\"async\" class=\"aligncenter size-full wp-image-1550\" src=\"http:\/\/eyas-flatware.com\/wp-content\/uploads\/2025\/07\/hq274-2.webp\" alt=\"Fabrik Gro\u00dfhandel Flachgeschirr Edelstahl Besteck L\u00f6ffel Gabel Messer Teel\u00f6ffel\" width=\"800\" height=\"800\" srcset=\"https:\/\/www.eyas-flatware.com\/wp-content\/uploads\/2025\/07\/hq274-2.webp 800w, https:\/\/www.eyas-flatware.com\/wp-content\/uploads\/2025\/07\/hq274-2-300x300.webp 300w, https:\/\/www.eyas-flatware.com\/wp-content\/uploads\/2025\/07\/hq274-2-150x150.webp 150w, https:\/\/www.eyas-flatware.com\/wp-content\/uploads\/2025\/07\/hq274-2-768x768.webp 768w, https:\/\/www.eyas-flatware.com\/wp-content\/uploads\/2025\/07\/hq274-2-12x12.webp 12w, https:\/\/www.eyas-flatware.com\/wp-content\/uploads\/2025\/07\/hq274-2-600x600.webp 600w, https:\/\/www.eyas-flatware.com\/wp-content\/uploads\/2025\/07\/hq274-2-100x100.webp 100w\" sizes=\"(max-width: 800px) 100vw, 800px\" \/><\/p>\n<p><img loading=\"lazy\" decoding=\"async\" class=\"aligncenter size-full wp-image-1549\" src=\"http:\/\/eyas-flatware.com\/wp-content\/uploads\/2025\/07\/hq274-1.webp\" alt=\"Fabrik Gro\u00dfhandel Flachgeschirr Edelstahl Besteck L\u00f6ffel Gabel Messer Teel\u00f6ffel\" width=\"800\" height=\"800\" srcset=\"https:\/\/www.eyas-flatware.com\/wp-content\/uploads\/2025\/07\/hq274-1.webp 800w, https:\/\/www.eyas-flatware.com\/wp-content\/uploads\/2025\/07\/hq274-1-300x300.webp 300w, https:\/\/www.eyas-flatware.com\/wp-content\/uploads\/2025\/07\/hq274-1-150x150.webp 150w, https:\/\/www.eyas-flatware.com\/wp-content\/uploads\/2025\/07\/hq274-1-768x768.webp 768w, https:\/\/www.eyas-flatware.com\/wp-content\/uploads\/2025\/07\/hq274-1-12x12.webp 12w, https:\/\/www.eyas-flatware.com\/wp-content\/uploads\/2025\/07\/hq274-1-600x600.webp 600w, https:\/\/www.eyas-flatware.com\/wp-content\/uploads\/2025\/07\/hq274-1-100x100.webp 100w\" sizes=\"(max-width: 800px) 100vw, 800px\" \/><\/p>\n<p>&nbsp;<\/p>\n<p>&nbsp;<\/p>\n<p><img loading=\"lazy\" decoding=\"async\" class=\"aligncenter size-full wp-image-1555\" src=\"http:\/\/eyas-flatware.com\/wp-content\/uploads\/2025\/07\/hq274-7.webp\" alt=\"Fabrik Gro\u00dfhandel Flachgeschirr Edelstahl Besteck L\u00f6ffel Gabel Messer Teel\u00f6ffel\" width=\"800\" height=\"800\" srcset=\"https:\/\/www.eyas-flatware.com\/wp-content\/uploads\/2025\/07\/hq274-7.webp 800w, https:\/\/www.eyas-flatware.com\/wp-content\/uploads\/2025\/07\/hq274-7-300x300.webp 300w, https:\/\/www.eyas-flatware.com\/wp-content\/uploads\/2025\/07\/hq274-7-150x150.webp 150w, https:\/\/www.eyas-flatware.com\/wp-content\/uploads\/2025\/07\/hq274-7-768x768.webp 768w, https:\/\/www.eyas-flatware.com\/wp-content\/uploads\/2025\/07\/hq274-7-12x12.webp 12w, https:\/\/www.eyas-flatware.com\/wp-content\/uploads\/2025\/07\/hq274-7-600x600.webp 600w, https:\/\/www.eyas-flatware.com\/wp-content\/uploads\/2025\/07\/hq274-7-100x100.webp 100w\" sizes=\"(max-width: 800px) 100vw, 800px\" \/> <img loading=\"lazy\" decoding=\"async\" class=\"aligncenter size-full wp-image-1556\" src=\"http:\/\/eyas-flatware.com\/wp-content\/uploads\/2025\/07\/hq274-11.webp\" alt=\"Fabrik Gro\u00dfhandel Flachgeschirr Edelstahl Besteck L\u00f6ffel Gabel Messer Teel\u00f6ffel\" width=\"800\" height=\"800\" srcset=\"https:\/\/www.eyas-flatware.com\/wp-content\/uploads\/2025\/07\/hq274-11.webp 800w, https:\/\/www.eyas-flatware.com\/wp-content\/uploads\/2025\/07\/hq274-11-300x300.webp 300w, https:\/\/www.eyas-flatware.com\/wp-content\/uploads\/2025\/07\/hq274-11-150x150.webp 150w, https:\/\/www.eyas-flatware.com\/wp-content\/uploads\/2025\/07\/hq274-11-768x768.webp 768w, https:\/\/www.eyas-flatware.com\/wp-content\/uploads\/2025\/07\/hq274-11-12x12.webp 12w, https:\/\/www.eyas-flatware.com\/wp-content\/uploads\/2025\/07\/hq274-11-600x600.webp 600w, https:\/\/www.eyas-flatware.com\/wp-content\/uploads\/2025\/07\/hq274-11-100x100.webp 100w\" sizes=\"(max-width: 800px) 100vw, 800px\" \/> <img loading=\"lazy\" decoding=\"async\" class=\"aligncenter size-full wp-image-1547\" src=\"http:\/\/eyas-flatware.com\/wp-content\/uploads\/2025\/07\/hq274-10.webp\" alt=\"Fabrik Gro\u00dfhandel Flachgeschirr Edelstahl Besteck L\u00f6ffel Gabel Messer Teel\u00f6ffel\" width=\"800\" height=\"800\" srcset=\"https:\/\/www.eyas-flatware.com\/wp-content\/uploads\/2025\/07\/hq274-10.webp 800w, https:\/\/www.eyas-flatware.com\/wp-content\/uploads\/2025\/07\/hq274-10-300x300.webp 300w, https:\/\/www.eyas-flatware.com\/wp-content\/uploads\/2025\/07\/hq274-10-150x150.webp 150w, https:\/\/www.eyas-flatware.com\/wp-content\/uploads\/2025\/07\/hq274-10-768x768.webp 768w, https:\/\/www.eyas-flatware.com\/wp-content\/uploads\/2025\/07\/hq274-10-12x12.webp 12w, https:\/\/www.eyas-flatware.com\/wp-content\/uploads\/2025\/07\/hq274-10-600x600.webp 600w, https:\/\/www.eyas-flatware.com\/wp-content\/uploads\/2025\/07\/hq274-10-100x100.webp 100w\" sizes=\"(max-width: 800px) 100vw, 800px\" \/> <img loading=\"lazy\" decoding=\"async\" class=\"aligncenter size-full wp-image-1546\" src=\"http:\/\/eyas-flatware.com\/wp-content\/uploads\/2025\/07\/hq274-9.webp\" alt=\"Fabrik Gro\u00dfhandel Flachgeschirr Edelstahl Besteck L\u00f6ffel Gabel Messer Teel\u00f6ffel\" width=\"800\" height=\"800\" srcset=\"https:\/\/www.eyas-flatware.com\/wp-content\/uploads\/2025\/07\/hq274-9.webp 800w, https:\/\/www.eyas-flatware.com\/wp-content\/uploads\/2025\/07\/hq274-9-300x300.webp 300w, https:\/\/www.eyas-flatware.com\/wp-content\/uploads\/2025\/07\/hq274-9-150x150.webp 150w, https:\/\/www.eyas-flatware.com\/wp-content\/uploads\/2025\/07\/hq274-9-768x768.webp 768w, https:\/\/www.eyas-flatware.com\/wp-content\/uploads\/2025\/07\/hq274-9-12x12.webp 12w, https:\/\/www.eyas-flatware.com\/wp-content\/uploads\/2025\/07\/hq274-9-600x600.webp 600w, https:\/\/www.eyas-flatware.com\/wp-content\/uploads\/2025\/07\/hq274-9-100x100.webp 100w\" sizes=\"(max-width: 800px) 100vw, 800px\" \/> <img loading=\"lazy\" decoding=\"async\" class=\"aligncenter size-full wp-image-1545\" src=\"http:\/\/eyas-flatware.com\/wp-content\/uploads\/2025\/07\/hq274-8.webp\" alt=\"Fabrik Gro\u00dfhandel Flachgeschirr Edelstahl Besteck L\u00f6ffel Gabel Messer Teel\u00f6ffel\" width=\"800\" height=\"800\" srcset=\"https:\/\/www.eyas-flatware.com\/wp-content\/uploads\/2025\/07\/hq274-8.webp 800w, https:\/\/www.eyas-flatware.com\/wp-content\/uploads\/2025\/07\/hq274-8-300x300.webp 300w, https:\/\/www.eyas-flatware.com\/wp-content\/uploads\/2025\/07\/hq274-8-150x150.webp 150w, https:\/\/www.eyas-flatware.com\/wp-content\/uploads\/2025\/07\/hq274-8-768x768.webp 768w, https:\/\/www.eyas-flatware.com\/wp-content\/uploads\/2025\/07\/hq274-8-12x12.webp 12w, https:\/\/www.eyas-flatware.com\/wp-content\/uploads\/2025\/07\/hq274-8-600x600.webp 600w, https:\/\/www.eyas-flatware.com\/wp-content\/uploads\/2025\/07\/hq274-8-100x100.webp 100w\" sizes=\"(max-width: 800px) 100vw, 800px\" \/><\/p>","protected":false},"excerpt":{"rendered":"<p>&nbsp; &nbsp;<\/p>","protected":false},"featured_media":1550,"comment_status":"open","ping_status":"closed","template":"","meta":{"_seopress_robots_primary_cat":"none","_seopress_titles_title":"","_seopress_titles_desc":"","_seopress_robots_index":""},"product_brand":[],"product_cat":[49],"product_tag":[],"class_list":{"0":"post-1485","1":"product","2":"type-product","3":"status-publish","4":"has-post-thumbnail","6":"product_cat-half-tang-cutlery","8":"first","9":"instock","10":"featured","11":"shipping-taxable","12":"product-type-simple"},"_links":{"self":[{"href":"https:\/\/www.eyas-flatware.com\/de\/wp-json\/wp\/v2\/product\/1485","targetHints":{"allow":["GET"]}}],"collection":[{"href":"https:\/\/www.eyas-flatware.com\/de\/wp-json\/wp\/v2\/product"}],"about":[{"href":"https:\/\/www.eyas-flatware.com\/de\/wp-json\/wp\/v2\/types\/product"}],"replies":[{"embeddable":true,"href":"https:\/\/www.eyas-flatware.com\/de\/wp-json\/wp\/v2\/comments?post=1485"}],"wp:featuredmedia":[{"embeddable":true,"href":"https:\/\/www.eyas-flatware.com\/de\/wp-json\/wp\/v2\/media\/1550"}],"wp:attachment":[{"href":"https:\/\/www.eyas-flatware.com\/de\/wp-json\/wp\/v2\/media?parent=1485"}],"wp:term":[{"taxonomy":"product_brand","embeddable":true,"href":"https:\/\/www.eyas-flatware.com\/de\/wp-json\/wp\/v2\/product_brand?post=1485"},{"taxonomy":"product_cat","embeddable":true,"href":"https:\/\/www.eyas-flatware.com\/de\/wp-json\/wp\/v2\/product_cat?post=1485"},{"taxonomy":"product_tag","embeddable":true,"href":"https:\/\/www.eyas-flatware.com\/de\/wp-json\/wp\/v2\/product_tag?post=1485"}],"curies":[{"name":"wp","href":"https:\/\/api.w.org\/{rel}","templated":true}]}}